{"id":703455,"date":"2025-08-27T15:26:09","date_gmt":"2025-08-27T12:26:09","guid":{"rendered":"https:\/\/roveyayinevi.com.tr\/index.php\/urun\/mustereklerimiz-paylastigimiz-her-sey\/"},"modified":"2026-04-16T02:12:37","modified_gmt":"2026-04-15T23:12:37","slug":"mustereklerimiz-paylastigimiz-her-sey","status":"publish","type":"product","link":"https:\/\/roveyayinevi.com.tr\/index.php\/urun\/mustereklerimiz-paylastigimiz-her-sey\/","title":{"rendered":"M\u00fc\u015ftereklerimiz: Payla\u015ft\u0131\u011f\u0131m\u0131z Her \u015eey"},"content":{"rendered":"<p>M\u00fc\u015ftereklerimiz, Payla\u015ft\u0131\u011f\u0131m\u0131z Her \u015eey d\u00fcnyaya bak\u0131\u015f\u0131n\u0131z\u0131 ba\u015ftan a\u015fa\u011f\u0131 de\u011fi\u015ftirecek, esin verici bir kitap. M\u00fc\u015fterekler fikrinin temelinde ne kadar \u00e7ok \u015feyin \u2013\u00f6rne\u011fin suyun, internetin ya da bilginin\u2013 asl\u0131nda hepimize ait oldu\u011fu ger\u00e7e\u011fi yat\u0131yor. Bu ortakl\u0131\u011f\u0131n kimi zaman fark\u0131nda de\u011filiz, kimi zaman da de\u011ferini bilmiyoruz. <\/p>\n","protected":false},"excerpt":{"rendered":"<p>M\u00fc\u015ftereklerimiz, Payla\u015ft\u0131\u011f\u0131m\u0131z Her \u015eey d\u00fcnyaya bak\u0131\u015f\u0131n\u0131z\u0131 ba\u015ftan a\u015fa\u011f\u0131 de\u011fi\u015ftirecek, esin verici bir kitap. M\u00fc\u015fterekler fikrinin temelinde ne kadar \u00e7ok \u015feyin \u2013\u00f6rne\u011fin suyun, internetin ya da bilginin\u2013<span class=\"excerpt-hellip\"> [\u2026]<\/span><\/p>\n","protected":false},"featured_media":0,"template":"","meta":{"_monsterinsights_skip_tracking":false,"_monsterinsights_sitenote_active":false,"_monsterinsights_sitenote_note":"","_monsterinsights_sitenote_category":0},"product_brand":[],"product_cat":[12777,12291],"product_tag":[],"class_list":{"0":"post-703455","1":"product","2":"type-product","3":"status-publish","5":"product_cat-deneme","6":"product_cat-edebiyat","7":"pa_cilt-ciltsiz","8":"pa_tur-kitap","9":"pa_yayinevi-metis-yayinlari","10":"pa_yazar-bengi-akbulut-haz","11":"pa_yazar-jay-walljasper","13":"first","14":"instock","15":"sale","16":"shipping-taxable","17":"purchasable","18":"product-type-simple"},"_links":{"self":[{"href":"https:\/\/roveyayinevi.com.tr\/index.php\/wp-json\/wp\/v2\/product\/703455","targetHints":{"allow":["GET"]}}],"collection":[{"href":"https:\/\/roveyayinevi.com.tr\/index.php\/wp-json\/wp\/v2\/product"}],"about":[{"href":"https:\/\/roveyayinevi.com.tr\/index.php\/wp-json\/wp\/v2\/types\/product"}],"wp:attachment":[{"href":"https:\/\/roveyayinevi.com.tr\/index.php\/wp-json\/wp\/v2\/media?parent=703455"}],"wp:term":[{"taxonomy":"product_brand","embeddable":true,"href":"https:\/\/roveyayinevi.com.tr\/index.php\/wp-json\/wp\/v2\/product_brand?post=703455"},{"taxonomy":"product_cat","embeddable":true,"href":"https:\/\/roveyayinevi.com.tr\/index.php\/wp-json\/wp\/v2\/product_cat?post=703455"},{"taxonomy":"product_tag","embeddable":true,"href":"https:\/\/roveyayinevi.com.tr\/index.php\/wp-json\/wp\/v2\/product_tag?post=703455"}],"curies":[{"name":"wp","href":"https:\/\/api.w.org\/{rel}","templated":true}]}}