{"id":703453,"date":"2025-08-27T15:26:08","date_gmt":"2025-08-27T12:26:08","guid":{"rendered":"https:\/\/roveyayinevi.com.tr\/index.php\/urun\/bir-gun-bir-issiz-adaya-duserseniz-1-cilt\/"},"modified":"2026-04-16T02:12:37","modified_gmt":"2026-04-15T23:12:37","slug":"bir-gun-bir-issiz-adaya-duserseniz-1-cilt","status":"publish","type":"product","link":"https:\/\/roveyayinevi.com.tr\/index.php\/urun\/bir-gun-bir-issiz-adaya-duserseniz-1-cilt\/","title":{"rendered":"Bir G\u00fcn Bir Iss\u0131z Adaya D\u00fc\u015ferseniz 1. Cilt"},"content":{"rendered":"<p>Robinson Crusoe gibi bir s\u00fcre sonras\u0131nda \u0131ss\u0131z bir adaya \u00e7\u0131kman\u0131z ka\u00e7\u0131n\u0131lmaz. \u00d6yle de olacak. D\u00fc\u015f g\u00fcc\u00fcn\u00fcz\u00fcn arac\u0131l\u0131\u011f\u0131nda k\u00fcreklere ge\u00e7ecek, bilin\u00e7sizce durmadan \u00e7ekeceksiniz. Nereye do\u011fru? Bilmiyorsunuz. Pusulan\u0131z, yazg\u0131n\u0131z&#8230; Nereyi g\u00f6sterir, nereyi y\u00f6n tutarsa art\u0131k. Hangi limanda konaklayaca\u011f\u0131n\u0131z\u0131, nerede demir ataca\u011f\u0131n\u0131z\u0131 kestiremiyorsan\u0131z yolcu\u011funuzda size e\u015flik edecek kitaplar, yeni d\u00fcnyalara, \u00f6zlemini duydu\u011funuz ya\u015famlara a\u00e7\u0131lacak bir kap\u0131&#8230; <\/p>\n","protected":false},"excerpt":{"rendered":"<p>Robinson Crusoe gibi bir s\u00fcre sonras\u0131nda \u0131ss\u0131z bir adaya \u00e7\u0131kman\u0131z ka\u00e7\u0131n\u0131lmaz. \u00d6yle de olacak. D\u00fc\u015f g\u00fcc\u00fcn\u00fcz\u00fcn arac\u0131l\u0131\u011f\u0131nda k\u00fcreklere ge\u00e7ecek, bilin\u00e7sizce durmadan \u00e7ekeceksiniz. Nereye do\u011fru? Bilmiyorsunuz. Pusulan\u0131z,<span class=\"excerpt-hellip\"> [\u2026]<\/span><\/p>\n","protected":false},"featured_media":0,"template":"","meta":{"_monsterinsights_skip_tracking":false,"_monsterinsights_sitenote_active":false,"_monsterinsights_sitenote_note":"","_monsterinsights_sitenote_category":0},"product_brand":[],"product_cat":[12777,12291],"product_tag":[],"class_list":{"0":"post-703453","1":"product","2":"type-product","3":"status-publish","5":"product_cat-deneme","6":"product_cat-edebiyat","7":"pa_cilt-ciltsiz","8":"pa_tur-kitap","9":"pa_yayinevi-inkilap-kitabevi","10":"pa_yazar-tarik-dursun-k","12":"first","13":"instock","14":"sale","15":"shipping-taxable","16":"purchasable","17":"product-type-simple"},"_links":{"self":[{"href":"https:\/\/roveyayinevi.com.tr\/index.php\/wp-json\/wp\/v2\/product\/703453","targetHints":{"allow":["GET"]}}],"collection":[{"href":"https:\/\/roveyayinevi.com.tr\/index.php\/wp-json\/wp\/v2\/product"}],"about":[{"href":"https:\/\/roveyayinevi.com.tr\/index.php\/wp-json\/wp\/v2\/types\/product"}],"wp:attachment":[{"href":"https:\/\/roveyayinevi.com.tr\/index.php\/wp-json\/wp\/v2\/media?parent=703453"}],"wp:term":[{"taxonomy":"product_brand","embeddable":true,"href":"https:\/\/roveyayinevi.com.tr\/index.php\/wp-json\/wp\/v2\/product_brand?post=703453"},{"taxonomy":"product_cat","embeddable":true,"href":"https:\/\/roveyayinevi.com.tr\/index.php\/wp-json\/wp\/v2\/product_cat?post=703453"},{"taxonomy":"product_tag","embeddable":true,"href":"https:\/\/roveyayinevi.com.tr\/index.php\/wp-json\/wp\/v2\/product_tag?post=703453"}],"curies":[{"name":"wp","href":"https:\/\/api.w.org\/{rel}","templated":true}]}}