{"id":703445,"date":"2025-08-27T15:26:05","date_gmt":"2025-08-27T12:26:05","guid":{"rendered":"https:\/\/roveyayinevi.com.tr\/index.php\/urun\/benim-kucuk-deneylerim-bahcivanlik\/"},"modified":"2026-04-16T02:12:37","modified_gmt":"2026-04-15T23:12:37","slug":"benim-kucuk-deneylerim-bahcivanlik","status":"publish","type":"product","link":"https:\/\/roveyayinevi.com.tr\/index.php\/urun\/benim-kucuk-deneylerim-bahcivanlik\/","title":{"rendered":"Benim K\u00fc\u00e7\u00fck Deneylerim &#8211; Bah\u00e7\u0131vanl\u0131k"},"content":{"rendered":"<p>K\u00fc\u00e7\u00fck bah\u00e7\u0131vanlar bu kitaba bay\u0131lacak!Tohum ekmek, bitki koleksiyonu yapmak, karanfil ya da fesle\u011fen yeti\u015ftirmek veya kendi yaratt\u0131\u011f\u0131n k\u00fc\u00e7\u00fck bir bah\u00e7eye sahip olmak \u00e7ok zor de\u011fildir. Bunlar\u0131n hepsini yapabilece\u011fini biliyor musun? Arad\u0131\u011f\u0131n t\u00fcm ipu\u00e7lar\u0131 bu kitapta seni bekliyor. <\/p>\n","protected":false},"excerpt":{"rendered":"<p>K\u00fc\u00e7\u00fck bah\u00e7\u0131vanlar bu kitaba bay\u0131lacak!Tohum ekmek, bitki koleksiyonu yapmak, karanfil ya da fesle\u011fen yeti\u015ftirmek veya kendi yaratt\u0131\u011f\u0131n k\u00fc\u00e7\u00fck bir bah\u00e7eye sahip olmak \u00e7ok zor de\u011fildir. Bunlar\u0131n<span class=\"excerpt-hellip\"> [\u2026]<\/span><\/p>\n","protected":false},"featured_media":0,"template":"","meta":{"_monsterinsights_skip_tracking":false,"_monsterinsights_sitenote_active":false,"_monsterinsights_sitenote_note":"","_monsterinsights_sitenote_category":0},"product_brand":[],"product_cat":[13829,12274],"product_tag":[],"class_list":{"0":"post-703445","1":"product","2":"type-product","3":"status-publish","5":"product_cat-bilimsel-kitaplar","6":"product_cat-cocuk-ve-genclik-kitaplari","7":"pa_tur-kitap","8":"pa_yayinevi-odtu-gelistirme-vakfi-yayincilik","9":"pa_yazar-francesca-massa","11":"first","12":"instock","13":"sale","14":"shipping-taxable","15":"purchasable","16":"product-type-simple"},"_links":{"self":[{"href":"https:\/\/roveyayinevi.com.tr\/index.php\/wp-json\/wp\/v2\/product\/703445","targetHints":{"allow":["GET"]}}],"collection":[{"href":"https:\/\/roveyayinevi.com.tr\/index.php\/wp-json\/wp\/v2\/product"}],"about":[{"href":"https:\/\/roveyayinevi.com.tr\/index.php\/wp-json\/wp\/v2\/types\/product"}],"wp:attachment":[{"href":"https:\/\/roveyayinevi.com.tr\/index.php\/wp-json\/wp\/v2\/media?parent=703445"}],"wp:term":[{"taxonomy":"product_brand","embeddable":true,"href":"https:\/\/roveyayinevi.com.tr\/index.php\/wp-json\/wp\/v2\/product_brand?post=703445"},{"taxonomy":"product_cat","embeddable":true,"href":"https:\/\/roveyayinevi.com.tr\/index.php\/wp-json\/wp\/v2\/product_cat?post=703445"},{"taxonomy":"product_tag","embeddable":true,"href":"https:\/\/roveyayinevi.com.tr\/index.php\/wp-json\/wp\/v2\/product_tag?post=703445"}],"curies":[{"name":"wp","href":"https:\/\/api.w.org\/{rel}","templated":true}]}}