{"id":703442,"date":"2025-08-27T15:26:04","date_gmt":"2025-08-27T12:26:04","guid":{"rendered":"https:\/\/roveyayinevi.com.tr\/index.php\/urun\/harciyorum-oyleyse-varim\/"},"modified":"2026-04-16T02:12:37","modified_gmt":"2026-04-15T23:12:37","slug":"harciyorum-oyleyse-varim","status":"publish","type":"product","link":"https:\/\/roveyayinevi.com.tr\/index.php\/urun\/harciyorum-oyleyse-varim\/","title":{"rendered":"Harc\u0131yorum \u00d6yleyse Var\u0131m"},"content":{"rendered":"<p>Ekonomi her an hayat\u0131m\u0131z\u0131n i\u00e7inde; ald\u0131\u011f\u0131m\u0131z t\u00fcm kararlar\u0131, hangi okula gidece\u011fimizi, hangi i\u015fi se\u00e7ece\u011fimizi, hatta hangi e\u015fi se\u00e7ece\u011fimizi dahi maliyet-fayda analizleri belirliyor art\u0131k. \u0130nsan\u0131 insan yapan t\u00fcm o etik de\u011ferler, duygular bir kenara b\u0131rak\u0131l\u0131rken piyasan\u0131n erdemleri t\u00fcm ahlaks\u0131zl\u0131klar\u0131 hakl\u0131 g\u00f6sterebiliyor. \u00c7al\u0131\u015fanlar, ak\u015famlar\u0131 evlerinde veya pazar g\u00fcnleri sevdikleriyle birlikteyken istedikleri kadar merhametli davranabilirler, ama i\u015fyerinde, maksimum sosyal fayday\u0131 sa\u011flayabilmeleri i\u00e7in ac\u0131mas\u0131z ve rekabet\u00e7i bir karaktere b\u00fcr\u00fcnmek zorundad\u0131rlar diyor ekonomi. <\/p>\n","protected":false},"excerpt":{"rendered":"<p>Ekonomi her an hayat\u0131m\u0131z\u0131n i\u00e7inde; ald\u0131\u011f\u0131m\u0131z t\u00fcm kararlar\u0131, hangi okula gidece\u011fimizi, hangi i\u015fi se\u00e7ece\u011fimizi, hatta hangi e\u015fi se\u00e7ece\u011fimizi dahi maliyet-fayda analizleri belirliyor art\u0131k. \u0130nsan\u0131 insan yapan<span class=\"excerpt-hellip\"> [\u2026]<\/span><\/p>\n","protected":false},"featured_media":0,"template":"","meta":{"_monsterinsights_skip_tracking":false,"_monsterinsights_sitenote_active":false,"_monsterinsights_sitenote_note":"","_monsterinsights_sitenote_category":0},"product_brand":[],"product_cat":[13590,12337],"product_tag":[],"class_list":{"0":"post-703442","1":"product","2":"type-product","3":"status-publish","5":"product_cat-arastirma-inceleme-politika-siyaset","6":"product_cat-politika-siyaset","7":"pa_cilt-ciltsiz","8":"pa_tur-kitap","9":"pa_yayinevi-ayrinti-yayinlari","10":"pa_yazar-philip-roscoe","12":"first","13":"instock","14":"sale","15":"shipping-taxable","16":"purchasable","17":"product-type-simple"},"_links":{"self":[{"href":"https:\/\/roveyayinevi.com.tr\/index.php\/wp-json\/wp\/v2\/product\/703442","targetHints":{"allow":["GET"]}}],"collection":[{"href":"https:\/\/roveyayinevi.com.tr\/index.php\/wp-json\/wp\/v2\/product"}],"about":[{"href":"https:\/\/roveyayinevi.com.tr\/index.php\/wp-json\/wp\/v2\/types\/product"}],"wp:attachment":[{"href":"https:\/\/roveyayinevi.com.tr\/index.php\/wp-json\/wp\/v2\/media?parent=703442"}],"wp:term":[{"taxonomy":"product_brand","embeddable":true,"href":"https:\/\/roveyayinevi.com.tr\/index.php\/wp-json\/wp\/v2\/product_brand?post=703442"},{"taxonomy":"product_cat","embeddable":true,"href":"https:\/\/roveyayinevi.com.tr\/index.php\/wp-json\/wp\/v2\/product_cat?post=703442"},{"taxonomy":"product_tag","embeddable":true,"href":"https:\/\/roveyayinevi.com.tr\/index.php\/wp-json\/wp\/v2\/product_tag?post=703442"}],"curies":[{"name":"wp","href":"https:\/\/api.w.org\/{rel}","templated":true}]}}