{"id":703438,"date":"2025-08-27T15:26:02","date_gmt":"2025-08-27T12:26:02","guid":{"rendered":"https:\/\/roveyayinevi.com.tr\/index.php\/urun\/zarif-bir-cinayet-gecesi\/"},"modified":"2026-04-16T02:12:37","modified_gmt":"2026-04-15T23:12:37","slug":"zarif-bir-cinayet-gecesi","status":"publish","type":"product","link":"https:\/\/roveyayinevi.com.tr\/index.php\/urun\/zarif-bir-cinayet-gecesi\/","title":{"rendered":"Zarif Bir Cinayet Gecesi"},"content":{"rendered":"<p>Stonygates\u2019teki gen\u00e7 su\u00e7lular\u0131n islah edildi\u011fi bir vakf\u0131n sahibi olan arkada\u015f\u0131 Carrie Louise\u2019i ziyaret eden Miss Marple tehlikenin yak- la\u015fmakta oldu\u011funu hisseder.Bir gece su\u00e7lu gen\u00e7lerden biri, vakf\u0131n y\u00f6neticisini silahla \u00f6ld\u00fcrmeye \u00e7al\u0131\u015f\u0131nca korkular\u0131 ger\u00e7ekle\u015fir. Y\u00f6netici, yara almadan kurtulur ama malik\u00e2nenin di\u011fer taraf\u0131ndaki beklenmeyen ziyaret\u00e7i, onun kadar \u015fansl\u0131 de\u011fildir.Bu bir rastlant\u0131 m\u0131d\u0131r? Miss Marple\u2019a g\u00f6re de\u011fildir. Miss Marple kurban\u0131n, esrarengiz ziyaretinin alt\u0131nda yatan s\u0131rr\u0131 ve cinayeti \u00e7\u00f6zmek i\u00e7in t\u00fcm becerisini kullan\u0131r&#8230;\u201c\u00c7ok zekice yaz\u0131lm\u0131\u015f.\u201d\u2014Guardian <\/p>\n","protected":false},"excerpt":{"rendered":"<p>Stonygates\u2019teki gen\u00e7 su\u00e7lular\u0131n islah edildi\u011fi bir vakf\u0131n sahibi olan arkada\u015f\u0131 Carrie Louise\u2019i ziyaret eden Miss Marple tehlikenin yak- la\u015fmakta oldu\u011funu hisseder.Bir gece su\u00e7lu gen\u00e7lerden biri, vakf\u0131n<span class=\"excerpt-hellip\"> [\u2026]<\/span><\/p>\n","protected":false},"featured_media":0,"template":"","meta":{"_monsterinsights_skip_tracking":false,"_monsterinsights_sitenote_active":false,"_monsterinsights_sitenote_note":"","_monsterinsights_sitenote_category":0},"product_brand":[],"product_cat":[12291,12866],"product_tag":[],"class_list":{"0":"post-703438","1":"product","2":"type-product","3":"status-publish","5":"product_cat-edebiyat","6":"product_cat-ingiliz-edebiyati","7":"pa_cilt-ciltsiz","8":"pa_tur-kitap","9":"pa_yayinevi-altin-kitaplar","10":"pa_yazar-agatha-christie","12":"first","13":"instock","14":"sale","15":"shipping-taxable","16":"purchasable","17":"product-type-simple"},"_links":{"self":[{"href":"https:\/\/roveyayinevi.com.tr\/index.php\/wp-json\/wp\/v2\/product\/703438","targetHints":{"allow":["GET"]}}],"collection":[{"href":"https:\/\/roveyayinevi.com.tr\/index.php\/wp-json\/wp\/v2\/product"}],"about":[{"href":"https:\/\/roveyayinevi.com.tr\/index.php\/wp-json\/wp\/v2\/types\/product"}],"wp:attachment":[{"href":"https:\/\/roveyayinevi.com.tr\/index.php\/wp-json\/wp\/v2\/media?parent=703438"}],"wp:term":[{"taxonomy":"product_brand","embeddable":true,"href":"https:\/\/roveyayinevi.com.tr\/index.php\/wp-json\/wp\/v2\/product_brand?post=703438"},{"taxonomy":"product_cat","embeddable":true,"href":"https:\/\/roveyayinevi.com.tr\/index.php\/wp-json\/wp\/v2\/product_cat?post=703438"},{"taxonomy":"product_tag","embeddable":true,"href":"https:\/\/roveyayinevi.com.tr\/index.php\/wp-json\/wp\/v2\/product_tag?post=703438"}],"curies":[{"name":"wp","href":"https:\/\/api.w.org\/{rel}","templated":true}]}}