{"id":703435,"date":"2025-08-27T15:25:18","date_gmt":"2025-08-27T12:25:18","guid":{"rendered":"https:\/\/roveyayinevi.com.tr\/index.php\/urun\/aksarayin-sirlari\/"},"modified":"2026-04-16T02:12:37","modified_gmt":"2026-04-15T23:12:37","slug":"aksarayin-sirlari","status":"publish","type":"product","link":"https:\/\/roveyayinevi.com.tr\/index.php\/urun\/aksarayin-sirlari\/","title":{"rendered":"Aksaray&#8217;\u0131n S\u0131rlar\u0131"},"content":{"rendered":"<p>H\u00fck\u00fcmet de\u011fil, kiral\u0131k katil arayan siyaset\u00e7i kimdi?Tayyip Erdo\u011fan\u2019\u0131n \u00d6zal sevgisi nereden kaynakl\u0131yor?Erdo\u011fan\u2019\u0131n Mursi\u2019ye verdi\u011fi ak\u0131l neye mal oldu?Aksaray\u2019\u0131 koruyan firma neden \u0130srail\u2019den se\u00e7ildi?Sadece bir y\u0131lda egosunu tatmin i\u00e7in harcad\u0131\u011f\u0131 para 2.5 katrilyonu nas\u0131l buldu?Erdo\u011fan kendisine verilen rol\u00fc nas\u0131l ger\u00e7ek sand\u0131?\u0130ktidar\u0131n\u0131 s\u00fcrd\u00fcrmesi neye ba\u011fl\u0131?F ethullah G\u00fclen\u2019i ne zaman tutuklatmak istedi?Paralel yap\u0131lanmay\u0131 anlatabilmek i\u00e7in devletin gizli belgeleri Avrupa\u2019ya nas\u0131l sunuldu?Ameliyat\u0131ndan sonra g\u00f6r\u00fc\u015ft\u00fc\u011f\u00fc bir partinin liderine ne tembihledi?\u00d6calan\u2019\u0131 muhatap alma \u015fart\u0131n\u0131 nas\u0131l kabul etti?Emine Han\u0131m, Hayr\u00fcnisa Han\u0131m\u2019a neden \u201db\u00fcy\u00fck laflar\u201d etme dedi?Tayyip Erdo\u011fan, Bar\u0131\u015f Yarkada\u015f\u2019a neden k\u0131zd\u0131?Kas\u0131mpa\u015fa\u2019da yoksul bir evde ba\u015flay\u0131p milyar dolarl\u0131k Aksaray\u2019a uzanan karanl\u0131k s\u0131rlarla dolu bir y\u00fcr\u00fcy\u00fc\u015f\u00fcn hik\u00e2yesi. 13 y\u0131ll\u0131k \u201dErdo\u011fan Rejimi\u201dnin \u00e7arp\u0131c\u0131 bir anatomisi.Gazeteci Bar\u0131\u015f Yarkada\u015f\u2019tan&#8230; <\/p>\n","protected":false},"excerpt":{"rendered":"<p>H\u00fck\u00fcmet de\u011fil, kiral\u0131k katil arayan siyaset\u00e7i kimdi?Tayyip Erdo\u011fan\u2019\u0131n \u00d6zal sevgisi nereden kaynakl\u0131yor?Erdo\u011fan\u2019\u0131n Mursi\u2019ye verdi\u011fi ak\u0131l neye mal oldu?Aksaray\u2019\u0131 koruyan firma neden \u0130srail\u2019den se\u00e7ildi?Sadece bir y\u0131lda egosunu<span class=\"excerpt-hellip\"> [\u2026]<\/span><\/p>\n","protected":false},"featured_media":0,"template":"","meta":{"_monsterinsights_skip_tracking":false,"_monsterinsights_sitenote_active":false,"_monsterinsights_sitenote_note":"","_monsterinsights_sitenote_category":0},"product_brand":[],"product_cat":[12364],"product_tag":[],"class_list":{"0":"post-703435","1":"product","2":"type-product","3":"status-publish","5":"product_cat-genel-konular","6":"pa_cilt-ciltsiz","7":"pa_tur-kitap","8":"pa_yayinevi-asi-kitap","9":"pa_yazar-baris-yarkadas","11":"first","12":"instock","13":"sale","14":"shipping-taxable","15":"purchasable","16":"product-type-simple"},"_links":{"self":[{"href":"https:\/\/roveyayinevi.com.tr\/index.php\/wp-json\/wp\/v2\/product\/703435","targetHints":{"allow":["GET"]}}],"collection":[{"href":"https:\/\/roveyayinevi.com.tr\/index.php\/wp-json\/wp\/v2\/product"}],"about":[{"href":"https:\/\/roveyayinevi.com.tr\/index.php\/wp-json\/wp\/v2\/types\/product"}],"wp:attachment":[{"href":"https:\/\/roveyayinevi.com.tr\/index.php\/wp-json\/wp\/v2\/media?parent=703435"}],"wp:term":[{"taxonomy":"product_brand","embeddable":true,"href":"https:\/\/roveyayinevi.com.tr\/index.php\/wp-json\/wp\/v2\/product_brand?post=703435"},{"taxonomy":"product_cat","embeddable":true,"href":"https:\/\/roveyayinevi.com.tr\/index.php\/wp-json\/wp\/v2\/product_cat?post=703435"},{"taxonomy":"product_tag","embeddable":true,"href":"https:\/\/roveyayinevi.com.tr\/index.php\/wp-json\/wp\/v2\/product_tag?post=703435"}],"curies":[{"name":"wp","href":"https:\/\/api.w.org\/{rel}","templated":true}]}}