{"id":703434,"date":"2025-08-27T15:25:18","date_gmt":"2025-08-27T12:25:18","guid":{"rendered":"https:\/\/roveyayinevi.com.tr\/index.php\/urun\/buyuklerle-dalga-gecme-dersleri\/"},"modified":"2026-04-16T02:12:37","modified_gmt":"2026-04-15T23:12:37","slug":"buyuklerle-dalga-gecme-dersleri","status":"publish","type":"product","link":"https:\/\/roveyayinevi.com.tr\/index.php\/urun\/buyuklerle-dalga-gecme-dersleri\/","title":{"rendered":"B\u00fcy\u00fcklerle Dalga Ge\u00e7me Dersleri"},"content":{"rendered":"<p>\u00c7ocuk olmak hem harika hem de \u00e7ok zor! B\u00fcy\u00fcklerin s\u00f6ylemekten vazge\u00e7medi\u011fi senin de duymak istemedi\u011fin ne kadar \u00e7ok ezbere s\u00f6z var&#8230; Bunlara \u00fcz\u00fclmek, k\u0131zmak, k\u0131r\u0131lmak yerine e\u011flenmeye ne dersin? \ufffcTan\u0131t\u0131m Metni<\/p>\n","protected":false},"excerpt":{"rendered":"<p>\u00c7ocuk olmak hem harika hem de \u00e7ok zor! B\u00fcy\u00fcklerin s\u00f6ylemekten vazge\u00e7medi\u011fi senin de duymak istemedi\u011fin ne kadar \u00e7ok ezbere s\u00f6z var&#8230; Bunlara \u00fcz\u00fclmek, k\u0131zmak, k\u0131r\u0131lmak yerine<span class=\"excerpt-hellip\"> [\u2026]<\/span><\/p>\n","protected":false},"featured_media":0,"template":"","meta":{"_monsterinsights_skip_tracking":false,"_monsterinsights_sitenote_active":false,"_monsterinsights_sitenote_note":"","_monsterinsights_sitenote_category":0},"product_brand":[],"product_cat":[12492,12274],"product_tag":[],"class_list":{"0":"post-703434","1":"product","2":"type-product","3":"status-publish","5":"product_cat-bilmece-bulmaca","6":"product_cat-cocuk-ve-genclik-kitaplari","7":"pa_cilt-ciltsiz","8":"pa_tur-kitap","9":"pa_yayinevi-can-cocuk-yayinlari","10":"pa_yazar-melek-ozlem-sezer","12":"first","13":"instock","14":"sale","15":"shipping-taxable","16":"purchasable","17":"product-type-simple"},"_links":{"self":[{"href":"https:\/\/roveyayinevi.com.tr\/index.php\/wp-json\/wp\/v2\/product\/703434","targetHints":{"allow":["GET"]}}],"collection":[{"href":"https:\/\/roveyayinevi.com.tr\/index.php\/wp-json\/wp\/v2\/product"}],"about":[{"href":"https:\/\/roveyayinevi.com.tr\/index.php\/wp-json\/wp\/v2\/types\/product"}],"wp:attachment":[{"href":"https:\/\/roveyayinevi.com.tr\/index.php\/wp-json\/wp\/v2\/media?parent=703434"}],"wp:term":[{"taxonomy":"product_brand","embeddable":true,"href":"https:\/\/roveyayinevi.com.tr\/index.php\/wp-json\/wp\/v2\/product_brand?post=703434"},{"taxonomy":"product_cat","embeddable":true,"href":"https:\/\/roveyayinevi.com.tr\/index.php\/wp-json\/wp\/v2\/product_cat?post=703434"},{"taxonomy":"product_tag","embeddable":true,"href":"https:\/\/roveyayinevi.com.tr\/index.php\/wp-json\/wp\/v2\/product_tag?post=703434"}],"curies":[{"name":"wp","href":"https:\/\/api.w.org\/{rel}","templated":true}]}}