{"id":703431,"date":"2025-08-27T15:25:16","date_gmt":"2025-08-27T12:25:16","guid":{"rendered":"https:\/\/roveyayinevi.com.tr\/index.php\/urun\/buyuk-ataturkten-kucuk-oykuler-2\/"},"modified":"2026-04-11T02:16:27","modified_gmt":"2026-04-10T23:16:27","slug":"buyuk-ataturkten-kucuk-oykuler-2","status":"publish","type":"product","link":"https:\/\/roveyayinevi.com.tr\/index.php\/urun\/buyuk-ataturkten-kucuk-oykuler-2\/","title":{"rendered":"B\u00fcy\u00fck Atat\u00fcrk\u2019ten K\u00fc\u00e7\u00fck \u00d6yk\u00fcler 2"},"content":{"rendered":"<p>\u00c7o\u011funu ilk kez okuyaca\u011f\u0131n\u0131z, otuz sekiz yeni Atat\u00fcrk \u00f6yk\u00fcs\u00fc&#8230;  Atat\u00fcrk, \u00c7ankaya \u0130lkokulu&#8217;na giden manevi k\u0131zlar\u0131 Sabiha ve Zehra&#8217;ya ne demi\u015fti? Pa\u015fa Bebek&#8217;in ilgin\u00e7 \u00f6yk\u00fcs\u00fcn\u00fc duymu\u015f muydunuz, peki? Atat\u00fcrk&#8217;\u00fcn yeni T\u00fcrk harfleri i\u00e7in bir mar\u015f besteletti\u011fini biliyor muydunuz? Subayl\u0131ktan istifa etti\u011fi g\u00fcn giyecek sivil elbisesi olmayan Atat\u00fcrk ne yapm\u0131\u015ft\u0131? 10. Y\u0131l Mar\u015f\u0131 nas\u0131l belirlenmi\u015fti? Bir \u00f6\u011frencinin an\u0131 defterine Atat\u00fcrk ne yazm\u0131\u015ft\u0131? Kulland\u0131\u011f\u0131 imzalar\u0131n\u0131 g\u00f6rd\u00fcn\u00fcz m hi\u00e7? B\u00fcy\u00fck Atat\u00fcrk&#8217;ten K\u00fc\u00e7\u00fck \u00d6yk\u00fcler 2&#8217;yi yazar\u0131m\u0131z S\u00fcleyman Bulut ana kaynaklardan derledi ve siz \u00e7ocuklar i\u00e7in yeniden yazd\u0131. <\/p>\n","protected":false},"excerpt":{"rendered":"<p>\u00c7o\u011funu ilk kez okuyaca\u011f\u0131n\u0131z, otuz sekiz yeni Atat\u00fcrk \u00f6yk\u00fcs\u00fc&#8230; Atat\u00fcrk, \u00c7ankaya \u0130lkokulu&#8217;na giden manevi k\u0131zlar\u0131 Sabiha ve Zehra&#8217;ya ne demi\u015fti? Pa\u015fa Bebek&#8217;in ilgin\u00e7 \u00f6yk\u00fcs\u00fcn\u00fc duymu\u015f muydunuz,<span class=\"excerpt-hellip\"> [\u2026]<\/span><\/p>\n","protected":false},"featured_media":0,"template":"","meta":{"_monsterinsights_skip_tracking":false,"_monsterinsights_sitenote_active":false,"_monsterinsights_sitenote_note":"","_monsterinsights_sitenote_category":0},"product_brand":[],"product_cat":[12274,12284],"product_tag":[],"class_list":{"0":"post-703431","1":"product","2":"type-product","3":"status-publish","5":"product_cat-cocuk-ve-genclik-kitaplari","6":"product_cat-hikayeler","7":"pa_cilt-ciltsiz","8":"pa_tur-kitap","9":"pa_yayinevi-can-cocuk-yayinlari","10":"pa_yazar-suleyman-bulut","12":"first","13":"instock","14":"sale","15":"shipping-taxable","16":"purchasable","17":"product-type-simple"},"_links":{"self":[{"href":"https:\/\/roveyayinevi.com.tr\/index.php\/wp-json\/wp\/v2\/product\/703431","targetHints":{"allow":["GET"]}}],"collection":[{"href":"https:\/\/roveyayinevi.com.tr\/index.php\/wp-json\/wp\/v2\/product"}],"about":[{"href":"https:\/\/roveyayinevi.com.tr\/index.php\/wp-json\/wp\/v2\/types\/product"}],"wp:attachment":[{"href":"https:\/\/roveyayinevi.com.tr\/index.php\/wp-json\/wp\/v2\/media?parent=703431"}],"wp:term":[{"taxonomy":"product_brand","embeddable":true,"href":"https:\/\/roveyayinevi.com.tr\/index.php\/wp-json\/wp\/v2\/product_brand?post=703431"},{"taxonomy":"product_cat","embeddable":true,"href":"https:\/\/roveyayinevi.com.tr\/index.php\/wp-json\/wp\/v2\/product_cat?post=703431"},{"taxonomy":"product_tag","embeddable":true,"href":"https:\/\/roveyayinevi.com.tr\/index.php\/wp-json\/wp\/v2\/product_tag?post=703431"}],"curies":[{"name":"wp","href":"https:\/\/api.w.org\/{rel}","templated":true}]}}