{"id":703430,"date":"2025-08-27T15:25:16","date_gmt":"2025-08-27T12:25:16","guid":{"rendered":"https:\/\/roveyayinevi.com.tr\/index.php\/urun\/buyuk-ataturkten-kucuk-oykuler-3\/"},"modified":"2026-04-11T02:16:27","modified_gmt":"2026-04-10T23:16:27","slug":"buyuk-ataturkten-kucuk-oykuler-3","status":"publish","type":"product","link":"https:\/\/roveyayinevi.com.tr\/index.php\/urun\/buyuk-ataturkten-kucuk-oykuler-3\/","title":{"rendered":"B\u00fcy\u00fck Atat\u00fcrk\u2019ten K\u00fc\u00e7\u00fck \u00d6yk\u00fcler -3"},"content":{"rendered":"<p>\u00c7o\u011funu ilk kez okuyaca\u011f\u0131n\u0131z k\u0131rk yedi Atat\u00fcrk \u00f6yk\u00fcs\u00fc&#8230;   Tay\u0131n\u0131 Atat\u00fcrk\u2019e Hediye Eden \u00c7ocuk Ayakkab\u0131 Di\u015flemeyi Seven Foks G\u00f6zlerine Bak\u0131lamayan Atat\u00fcrk K\u0131yafet Balosunda Bir Yeni\u00e7eri Y\u00fcr\u00fcyen K\u00f6\u015fk Ba\u015fkent, Niye Ankara Oldu? Kocatepe\u2019deki O Simge Foto\u011fraf Nas\u0131l \u00c7ekilmi\u015fti? Ve&#8230; B\u00fct\u00fcn mal varl\u0131\u011f\u0131n\u0131 millete b\u0131rak\u0131\u015f\u0131n\u0131n \u00f6yk\u00fcs\u00fc&#8230;   B\u00fcy\u00fck Atat\u00fcrk\u2019ten K\u00fc\u00e7\u00fck \u00d6yk\u00fcler 3, yazar\u0131m\u0131z S\u00fcleyman Bulut taraf\u0131ndan derlendi  ve \u00e7ocuklar i\u00e7in kaleme al\u0131nd\u0131. <\/p>\n","protected":false},"excerpt":{"rendered":"<p>\u00c7o\u011funu ilk kez okuyaca\u011f\u0131n\u0131z k\u0131rk yedi Atat\u00fcrk \u00f6yk\u00fcs\u00fc&#8230; Tay\u0131n\u0131 Atat\u00fcrk\u2019e Hediye Eden \u00c7ocuk Ayakkab\u0131 Di\u015flemeyi Seven Foks G\u00f6zlerine Bak\u0131lamayan Atat\u00fcrk K\u0131yafet Balosunda Bir Yeni\u00e7eri Y\u00fcr\u00fcyen K\u00f6\u015fk<span class=\"excerpt-hellip\"> [\u2026]<\/span><\/p>\n","protected":false},"featured_media":0,"template":"","meta":{"_monsterinsights_skip_tracking":false,"_monsterinsights_sitenote_active":false,"_monsterinsights_sitenote_note":"","_monsterinsights_sitenote_category":0},"product_brand":[],"product_cat":[12275,12274],"product_tag":[],"class_list":{"0":"post-703430","1":"product","2":"type-product","3":"status-publish","5":"product_cat-6-12-yas-kitaplari","6":"product_cat-cocuk-ve-genclik-kitaplari","7":"pa_cilt-ciltsiz","8":"pa_tur-kitap","9":"pa_yayinevi-can-cocuk-yayinlari","10":"pa_yazar-suleyman-bulut","12":"first","13":"instock","14":"sale","15":"shipping-taxable","16":"purchasable","17":"product-type-simple"},"_links":{"self":[{"href":"https:\/\/roveyayinevi.com.tr\/index.php\/wp-json\/wp\/v2\/product\/703430","targetHints":{"allow":["GET"]}}],"collection":[{"href":"https:\/\/roveyayinevi.com.tr\/index.php\/wp-json\/wp\/v2\/product"}],"about":[{"href":"https:\/\/roveyayinevi.com.tr\/index.php\/wp-json\/wp\/v2\/types\/product"}],"wp:attachment":[{"href":"https:\/\/roveyayinevi.com.tr\/index.php\/wp-json\/wp\/v2\/media?parent=703430"}],"wp:term":[{"taxonomy":"product_brand","embeddable":true,"href":"https:\/\/roveyayinevi.com.tr\/index.php\/wp-json\/wp\/v2\/product_brand?post=703430"},{"taxonomy":"product_cat","embeddable":true,"href":"https:\/\/roveyayinevi.com.tr\/index.php\/wp-json\/wp\/v2\/product_cat?post=703430"},{"taxonomy":"product_tag","embeddable":true,"href":"https:\/\/roveyayinevi.com.tr\/index.php\/wp-json\/wp\/v2\/product_tag?post=703430"}],"curies":[{"name":"wp","href":"https:\/\/api.w.org\/{rel}","templated":true}]}}