{"id":703429,"date":"2025-08-27T15:25:16","date_gmt":"2025-08-27T12:25:16","guid":{"rendered":"https:\/\/roveyayinevi.com.tr\/index.php\/urun\/saatin-gizli-yuregi\/"},"modified":"2026-04-16T02:12:36","modified_gmt":"2026-04-15T23:12:36","slug":"saatin-gizli-yuregi","status":"publish","type":"product","link":"https:\/\/roveyayinevi.com.tr\/index.php\/urun\/saatin-gizli-yuregi\/","title":{"rendered":"Saatin Gizli Y\u00fcre\u011fi"},"content":{"rendered":"<p>Elias Canetti&#8217;nin 1942&#8217;de tutmaya ba\u015flad\u0131\u011f\u0131 \u00fcnl\u00fc Notlar \u0131n\u0131n 1972&#8217;ye kadar olan k\u0131sm\u0131n\u0131 \u0130nsan\u0131n Ta\u015fras\u0131 ad\u0131yla yay\u0131mlam\u0131\u015ft\u0131k. \u015eimdi de 1985&#8217;e kadar olan ve Saatin Gizli Y\u00fcre\u011fi ad\u0131yla bilinen ikinci cildi yay\u0131ml\u0131yoruz. \ufffcTan\u0131t\u0131m Metni<\/p>\n","protected":false},"excerpt":{"rendered":"<p>Elias Canetti&#8217;nin 1942&#8217;de tutmaya ba\u015flad\u0131\u011f\u0131 \u00fcnl\u00fc Notlar \u0131n\u0131n 1972&#8217;ye kadar olan k\u0131sm\u0131n\u0131 \u0130nsan\u0131n Ta\u015fras\u0131 ad\u0131yla yay\u0131mlam\u0131\u015ft\u0131k. \u015eimdi de 1985&#8217;e kadar olan ve Saatin Gizli Y\u00fcre\u011fi ad\u0131yla<span class=\"excerpt-hellip\"> [\u2026]<\/span><\/p>\n","protected":false},"featured_media":0,"template":"","meta":{"_monsterinsights_skip_tracking":false,"_monsterinsights_sitenote_active":false,"_monsterinsights_sitenote_note":"","_monsterinsights_sitenote_category":0},"product_brand":[],"product_cat":[12777,12291],"product_tag":[],"class_list":{"0":"post-703429","1":"product","2":"type-product","3":"status-publish","5":"product_cat-deneme","6":"product_cat-edebiyat","7":"pa_tur-kitap","8":"pa_yayinevi-sel-yayincilik","9":"pa_yazar-elias-canetti","11":"first","12":"instock","13":"sale","14":"shipping-taxable","15":"purchasable","16":"product-type-simple"},"_links":{"self":[{"href":"https:\/\/roveyayinevi.com.tr\/index.php\/wp-json\/wp\/v2\/product\/703429","targetHints":{"allow":["GET"]}}],"collection":[{"href":"https:\/\/roveyayinevi.com.tr\/index.php\/wp-json\/wp\/v2\/product"}],"about":[{"href":"https:\/\/roveyayinevi.com.tr\/index.php\/wp-json\/wp\/v2\/types\/product"}],"wp:attachment":[{"href":"https:\/\/roveyayinevi.com.tr\/index.php\/wp-json\/wp\/v2\/media?parent=703429"}],"wp:term":[{"taxonomy":"product_brand","embeddable":true,"href":"https:\/\/roveyayinevi.com.tr\/index.php\/wp-json\/wp\/v2\/product_brand?post=703429"},{"taxonomy":"product_cat","embeddable":true,"href":"https:\/\/roveyayinevi.com.tr\/index.php\/wp-json\/wp\/v2\/product_cat?post=703429"},{"taxonomy":"product_tag","embeddable":true,"href":"https:\/\/roveyayinevi.com.tr\/index.php\/wp-json\/wp\/v2\/product_tag?post=703429"}],"curies":[{"name":"wp","href":"https:\/\/api.w.org\/{rel}","templated":true}]}}