{"id":703428,"date":"2025-08-27T15:25:15","date_gmt":"2025-08-27T12:25:15","guid":{"rendered":"https:\/\/roveyayinevi.com.tr\/index.php\/urun\/cevremizde-40-yil\/"},"modified":"2026-04-16T02:12:36","modified_gmt":"2026-04-15T23:12:36","slug":"cevremizde-40-yil","status":"publish","type":"product","link":"https:\/\/roveyayinevi.com.tr\/index.php\/urun\/cevremizde-40-yil\/","title":{"rendered":"\u00c7evremizde 40 Y\u0131l"},"content":{"rendered":"<p>\u00c7evremiz! Hem de en geni\u015f anlam\u0131yla &#8230;Hava, su, toprak ve insan\u0131 \u00e7evreleyen her \u015fey. 40 y\u0131ll\u0131k ge\u00e7mi\u015fe bir bak\u0131\u015f! vak\u0131flar\u0131n, derneklerin ve benzeri kurulu\u015flar\u0131n; projelerin, uluslararas\u0131 ili\u015fkilerin pek bilinmeyen d\u00fcnyas\u0131.\u00dcniversiteler, b\u00fcrokrasi, hukuk\u00e7ular ve muhafazak\u00e2rl\u0131k \u00fczerine de\u011ferlendirmeler, g\u00f6r\u00fc\u015fler, sorular &#8230;40 y\u0131ld\u0131r bu konular\u0131n i\u00e7inde olan t\u00e7v Genel Sekreteri Av. Engin Ural\u2019\u0131n ya\u015fam\u0131, an\u0131lar\u0131, d\u00fc\u015f\u00fcnceleri. <\/p>\n","protected":false},"excerpt":{"rendered":"<p>\u00c7evremiz! Hem de en geni\u015f anlam\u0131yla &#8230;Hava, su, toprak ve insan\u0131 \u00e7evreleyen her \u015fey. 40 y\u0131ll\u0131k ge\u00e7mi\u015fe bir bak\u0131\u015f! vak\u0131flar\u0131n, derneklerin ve benzeri kurulu\u015flar\u0131n; projelerin, uluslararas\u0131<span class=\"excerpt-hellip\"> [\u2026]<\/span><\/p>\n","protected":false},"featured_media":0,"template":"","meta":{"_monsterinsights_skip_tracking":false,"_monsterinsights_sitenote_active":false,"_monsterinsights_sitenote_note":"","_monsterinsights_sitenote_category":0},"product_brand":[],"product_cat":[12291,12292],"product_tag":[],"class_list":{"0":"post-703428","1":"product","2":"type-product","3":"status-publish","5":"product_cat-edebiyat","6":"product_cat-turk-edebiyati","7":"pa_tur-kitap","8":"pa_yayinevi-efil-yayinevi","9":"pa_yazar-engin-ural","11":"first","12":"instock","13":"sale","14":"shipping-taxable","15":"purchasable","16":"product-type-simple"},"_links":{"self":[{"href":"https:\/\/roveyayinevi.com.tr\/index.php\/wp-json\/wp\/v2\/product\/703428","targetHints":{"allow":["GET"]}}],"collection":[{"href":"https:\/\/roveyayinevi.com.tr\/index.php\/wp-json\/wp\/v2\/product"}],"about":[{"href":"https:\/\/roveyayinevi.com.tr\/index.php\/wp-json\/wp\/v2\/types\/product"}],"wp:attachment":[{"href":"https:\/\/roveyayinevi.com.tr\/index.php\/wp-json\/wp\/v2\/media?parent=703428"}],"wp:term":[{"taxonomy":"product_brand","embeddable":true,"href":"https:\/\/roveyayinevi.com.tr\/index.php\/wp-json\/wp\/v2\/product_brand?post=703428"},{"taxonomy":"product_cat","embeddable":true,"href":"https:\/\/roveyayinevi.com.tr\/index.php\/wp-json\/wp\/v2\/product_cat?post=703428"},{"taxonomy":"product_tag","embeddable":true,"href":"https:\/\/roveyayinevi.com.tr\/index.php\/wp-json\/wp\/v2\/product_tag?post=703428"}],"curies":[{"name":"wp","href":"https:\/\/api.w.org\/{rel}","templated":true}]}}