{"id":703427,"date":"2025-08-27T15:25:15","date_gmt":"2025-08-27T12:25:15","guid":{"rendered":"https:\/\/roveyayinevi.com.tr\/index.php\/urun\/cimen-yapraklari\/"},"modified":"2026-04-16T02:12:36","modified_gmt":"2026-04-15T23:12:36","slug":"cimen-yapraklari","status":"publish","type":"product","link":"https:\/\/roveyayinevi.com.tr\/index.php\/urun\/cimen-yapraklari\/","title":{"rendered":"\u00c7imen Yapraklar\u0131"},"content":{"rendered":"<p>\u00c7imen Yapraklar\u0131, Amerikan edebiyat\u0131n\u0131n yap\u0131ta\u015flar\u0131ndan biridir. Whitman, bu \u00f6l\u00fcms\u00fcz eserinde i\u015f\u00e7ilerin, kad\u0131nlar\u0131n, k\u00f6lelerin, s\u0131radan insanlar\u0131n hikayelerini destans\u0131 bir anlat\u0131ya d\u00f6n\u00fc\u015ft\u00fcrm\u00fc\u015f, e\u015fitlik\u00e7i fikirlerini \u015fiire yans\u0131tarak d\u00f6neminin edebiyat anlay\u0131\u015f\u0131nda b\u00fcy\u00fck bir k\u0131r\u0131lma yaratm\u0131\u015ft\u0131r. \ufffc<\/p>\n","protected":false},"excerpt":{"rendered":"<p>\u00c7imen Yapraklar\u0131, Amerikan edebiyat\u0131n\u0131n yap\u0131ta\u015flar\u0131ndan biridir. Whitman, bu \u00f6l\u00fcms\u00fcz eserinde i\u015f\u00e7ilerin, kad\u0131nlar\u0131n, k\u00f6lelerin, s\u0131radan insanlar\u0131n hikayelerini destans\u0131 bir anlat\u0131ya d\u00f6n\u00fc\u015ft\u00fcrm\u00fc\u015f, e\u015fitlik\u00e7i fikirlerini \u015fiire yans\u0131tarak d\u00f6neminin edebiyat<span class=\"excerpt-hellip\"> [\u2026]<\/span><\/p>\n","protected":false},"featured_media":0,"template":"","meta":{"_monsterinsights_skip_tracking":false,"_monsterinsights_sitenote_active":false,"_monsterinsights_sitenote_note":"","_monsterinsights_sitenote_category":0},"product_brand":[],"product_cat":[12291,12509],"product_tag":[],"class_list":{"0":"post-703427","1":"product","2":"type-product","3":"status-publish","5":"product_cat-edebiyat","6":"product_cat-siir","7":"pa_cilt-ciltsiz","8":"pa_tur-kitap","9":"pa_yayinevi-sel-yayincilik","10":"pa_yazar-walt-whitman","12":"first","13":"instock","14":"sale","15":"shipping-taxable","16":"purchasable","17":"product-type-simple"},"_links":{"self":[{"href":"https:\/\/roveyayinevi.com.tr\/index.php\/wp-json\/wp\/v2\/product\/703427","targetHints":{"allow":["GET"]}}],"collection":[{"href":"https:\/\/roveyayinevi.com.tr\/index.php\/wp-json\/wp\/v2\/product"}],"about":[{"href":"https:\/\/roveyayinevi.com.tr\/index.php\/wp-json\/wp\/v2\/types\/product"}],"wp:attachment":[{"href":"https:\/\/roveyayinevi.com.tr\/index.php\/wp-json\/wp\/v2\/media?parent=703427"}],"wp:term":[{"taxonomy":"product_brand","embeddable":true,"href":"https:\/\/roveyayinevi.com.tr\/index.php\/wp-json\/wp\/v2\/product_brand?post=703427"},{"taxonomy":"product_cat","embeddable":true,"href":"https:\/\/roveyayinevi.com.tr\/index.php\/wp-json\/wp\/v2\/product_cat?post=703427"},{"taxonomy":"product_tag","embeddable":true,"href":"https:\/\/roveyayinevi.com.tr\/index.php\/wp-json\/wp\/v2\/product_tag?post=703427"}],"curies":[{"name":"wp","href":"https:\/\/api.w.org\/{rel}","templated":true}]}}