{"id":703426,"date":"2025-08-27T15:25:14","date_gmt":"2025-08-27T12:25:14","guid":{"rendered":"https:\/\/roveyayinevi.com.tr\/index.php\/urun\/mumsema-han\/"},"modified":"2026-04-16T02:12:36","modified_gmt":"2026-04-15T23:12:36","slug":"mumsema-han","status":"publish","type":"product","link":"https:\/\/roveyayinevi.com.tr\/index.php\/urun\/mumsema-han\/","title":{"rendered":"Mumsema Han"},"content":{"rendered":"<p>\u0130stanbul\u2019da turizmin ve ticaretin merkezleri: Emin\u00f6n\u00fc, Kapal\u0131 \u00c7ar\u015f\u0131, Tahtakale, tarihi hanlar\u2026 Tarihsel \u00f6nemleri, estetik de\u011ferleri bak\u0131m\u0131ndan pek \u00e7ok kez mercek alt\u0131na al\u0131nm\u0131\u015f mek\u00e2nlara, bu kez bir kuma\u015f\u00e7\u0131 yama\u011f\u0131 bamba\u015fka bir g\u00f6zle yakla\u015f\u0131yor. <\/p>\n","protected":false},"excerpt":{"rendered":"<p>\u0130stanbul\u2019da turizmin ve ticaretin merkezleri: Emin\u00f6n\u00fc, Kapal\u0131 \u00c7ar\u015f\u0131, Tahtakale, tarihi hanlar\u2026 Tarihsel \u00f6nemleri, estetik de\u011ferleri bak\u0131m\u0131ndan pek \u00e7ok kez mercek alt\u0131na al\u0131nm\u0131\u015f mek\u00e2nlara, bu kez bir<span class=\"excerpt-hellip\"> [\u2026]<\/span><\/p>\n","protected":false},"featured_media":0,"template":"","meta":{"_monsterinsights_skip_tracking":false,"_monsterinsights_sitenote_active":false,"_monsterinsights_sitenote_note":"","_monsterinsights_sitenote_category":0},"product_brand":[],"product_cat":[12291,12711],"product_tag":[],"class_list":{"0":"post-703426","1":"product","2":"type-product","3":"status-publish","5":"product_cat-edebiyat","6":"product_cat-roman-oyku","7":"pa_tur-kitap","8":"pa_yayinevi-sel-yayincilik","9":"pa_yazar-hakan-karakasoglu","11":"first","12":"instock","13":"sale","14":"shipping-taxable","15":"purchasable","16":"product-type-simple"},"_links":{"self":[{"href":"https:\/\/roveyayinevi.com.tr\/index.php\/wp-json\/wp\/v2\/product\/703426","targetHints":{"allow":["GET"]}}],"collection":[{"href":"https:\/\/roveyayinevi.com.tr\/index.php\/wp-json\/wp\/v2\/product"}],"about":[{"href":"https:\/\/roveyayinevi.com.tr\/index.php\/wp-json\/wp\/v2\/types\/product"}],"wp:attachment":[{"href":"https:\/\/roveyayinevi.com.tr\/index.php\/wp-json\/wp\/v2\/media?parent=703426"}],"wp:term":[{"taxonomy":"product_brand","embeddable":true,"href":"https:\/\/roveyayinevi.com.tr\/index.php\/wp-json\/wp\/v2\/product_brand?post=703426"},{"taxonomy":"product_cat","embeddable":true,"href":"https:\/\/roveyayinevi.com.tr\/index.php\/wp-json\/wp\/v2\/product_cat?post=703426"},{"taxonomy":"product_tag","embeddable":true,"href":"https:\/\/roveyayinevi.com.tr\/index.php\/wp-json\/wp\/v2\/product_tag?post=703426"}],"curies":[{"name":"wp","href":"https:\/\/api.w.org\/{rel}","templated":true}]}}