{"id":703425,"date":"2025-08-27T15:25:14","date_gmt":"2025-08-27T12:25:14","guid":{"rendered":"https:\/\/roveyayinevi.com.tr\/index.php\/urun\/toplu-oyunlar-2-nekrassov-kean-troyali-kadinlar-bariona-veya-aci-ve-umut-oyunu\/"},"modified":"2026-04-16T02:12:36","modified_gmt":"2026-04-15T23:12:36","slug":"toplu-oyunlar-2-nekrassov-kean-troyali-kadinlar-bariona-veya-aci-ve-umut-oyunu","status":"publish","type":"product","link":"https:\/\/roveyayinevi.com.tr\/index.php\/urun\/toplu-oyunlar-2-nekrassov-kean-troyali-kadinlar-bariona-veya-aci-ve-umut-oyunu\/","title":{"rendered":"Toplu Oyunlar 2 (Nekrassov, Kean, Troyal\u0131 Kad\u0131nlar, Bariona veya Ac\u0131 ve Umut Oyunu)"},"content":{"rendered":"<p>Sartre, Toplu Oyunlar&#8217;da, insanl\u0131\u011f\u0131n en evrensel sorunlar\u0131n\u0131 ele al\u0131rken, temel duygulardan yola \u00e7\u0131karak insan\u0131n varolu\u015funu anlamaya \u00e7al\u0131\u015f\u0131yor&#8230; Kad\u0131n erkek ili\u015fkileri, a\u015fk, intikam, \u00f6ld\u00fcrme g\u00fcd\u00fcs\u00fc, \u0131rk\u00e7\u0131l\u0131k ve sava\u015f&#8230; Sartre, oyunlar\u0131nda Antik Yunan&#8217;a kadar gidip, insan\u0131 anlamaya \u00e7al\u0131\u015fm\u0131\u015f, siz de istedi\u011finiz kadar geriye gidebilir ve insana dair pek \u00e7ok \u015feyin nas\u0131l de\u011fi\u015fmeden kald\u0131\u011f\u0131n\u0131 g\u00f6rebilirsiniz&#8230; B\u00f6ylece Sartre&#8217;la bir kere daha g\u00f6r\u00fcyoruz, y\u00fczy\u0131llard\u0131r d\u00fcnyaya h\u00fckmeden insano\u011flunun &#8220;insan olmak&#8221; konusunda nas\u0131l bir arpa boyu yol alamad\u0131\u011f\u0131n\u0131&#8230; Hala sava\u015f\u0131yoruz, hala \u00f6ld\u00fcr\u00fcyoruz, hala a\u00e7\u0131z ve d\u00fcnya h\u00e2l\u00e2 adaletsiz&#8230; Yirmi birinci y\u00fczy\u0131lda Sartre okumak, insan\u0131 utand\u0131r\u0131yor. <\/p>\n","protected":false},"excerpt":{"rendered":"<p>Sartre, Toplu Oyunlar&#8217;da, insanl\u0131\u011f\u0131n en evrensel sorunlar\u0131n\u0131 ele al\u0131rken, temel duygulardan yola \u00e7\u0131karak insan\u0131n varolu\u015funu anlamaya \u00e7al\u0131\u015f\u0131yor&#8230; Kad\u0131n erkek ili\u015fkileri, a\u015fk, intikam, \u00f6ld\u00fcrme g\u00fcd\u00fcs\u00fc, \u0131rk\u00e7\u0131l\u0131k ve<span class=\"excerpt-hellip\"> [\u2026]<\/span><\/p>\n","protected":false},"featured_media":0,"template":"","meta":{"_monsterinsights_skip_tracking":false,"_monsterinsights_sitenote_active":false,"_monsterinsights_sitenote_note":"","_monsterinsights_sitenote_category":0},"product_brand":[],"product_cat":[13021,12408],"product_tag":[],"class_list":{"0":"post-703425","1":"product","2":"type-product","3":"status-publish","5":"product_cat-sahne-sanatlari","6":"product_cat-sanat","7":"pa_cilt-ciltsiz","8":"pa_tur-kitap","9":"pa_yayinevi-ithaki-yayinlari","10":"pa_yazar-jean-paul-sartre","12":"first","13":"instock","14":"sale","15":"shipping-taxable","16":"purchasable","17":"product-type-simple"},"_links":{"self":[{"href":"https:\/\/roveyayinevi.com.tr\/index.php\/wp-json\/wp\/v2\/product\/703425","targetHints":{"allow":["GET"]}}],"collection":[{"href":"https:\/\/roveyayinevi.com.tr\/index.php\/wp-json\/wp\/v2\/product"}],"about":[{"href":"https:\/\/roveyayinevi.com.tr\/index.php\/wp-json\/wp\/v2\/types\/product"}],"wp:attachment":[{"href":"https:\/\/roveyayinevi.com.tr\/index.php\/wp-json\/wp\/v2\/media?parent=703425"}],"wp:term":[{"taxonomy":"product_brand","embeddable":true,"href":"https:\/\/roveyayinevi.com.tr\/index.php\/wp-json\/wp\/v2\/product_brand?post=703425"},{"taxonomy":"product_cat","embeddable":true,"href":"https:\/\/roveyayinevi.com.tr\/index.php\/wp-json\/wp\/v2\/product_cat?post=703425"},{"taxonomy":"product_tag","embeddable":true,"href":"https:\/\/roveyayinevi.com.tr\/index.php\/wp-json\/wp\/v2\/product_tag?post=703425"}],"curies":[{"name":"wp","href":"https:\/\/api.w.org\/{rel}","templated":true}]}}