{"id":703423,"date":"2025-08-27T15:25:13","date_gmt":"2025-08-27T12:25:13","guid":{"rendered":"https:\/\/roveyayinevi.com.tr\/index.php\/urun\/kopegimi-alip-erkenden\/"},"modified":"2026-04-16T02:12:36","modified_gmt":"2026-04-15T23:12:36","slug":"kopegimi-alip-erkenden","status":"publish","type":"product","link":"https:\/\/roveyayinevi.com.tr\/index.php\/urun\/kopegimi-alip-erkenden\/","title":{"rendered":"K\u00f6pe\u011fimi Al\u0131p Erkenden"},"content":{"rendered":"<p>Bir al\u0131\u015fveri\u015f merkezinin g\u00fcvenlik \u015fefi olan Tracy Waterhouse i\u00e7in s\u0131radan bir g\u00fcnd\u00fc, sahip olmay\u0131 akl\u0131ndan bile ge\u00e7irmedi\u011fi bir \u015feyi sat\u0131n alana kadar\u2026 Bir \u00e7\u0131lg\u0131nl\u0131k an\u0131nda verdi\u011fi kararla Tracy\u2019nin yar\u0131m as\u0131rl\u0131k yeknesak hayat\u0131 alt\u00fcst olacakt\u0131. <\/p>\n","protected":false},"excerpt":{"rendered":"<p>Bir al\u0131\u015fveri\u015f merkezinin g\u00fcvenlik \u015fefi olan Tracy Waterhouse i\u00e7in s\u0131radan bir g\u00fcnd\u00fc, sahip olmay\u0131 akl\u0131ndan bile ge\u00e7irmedi\u011fi bir \u015feyi sat\u0131n alana kadar\u2026 Bir \u00e7\u0131lg\u0131nl\u0131k an\u0131nda verdi\u011fi<span class=\"excerpt-hellip\"> [\u2026]<\/span><\/p>\n","protected":false},"featured_media":0,"template":"","meta":{"_monsterinsights_skip_tracking":false,"_monsterinsights_sitenote_active":false,"_monsterinsights_sitenote_note":"","_monsterinsights_sitenote_category":0},"product_brand":[],"product_cat":[12291,12711],"product_tag":[],"class_list":{"0":"post-703423","1":"product","2":"type-product","3":"status-publish","5":"product_cat-edebiyat","6":"product_cat-roman-oyku","7":"pa_cilt-ciltsiz","8":"pa_tur-kitap","9":"pa_yayinevi-yapi-kredi-yayinlari","10":"pa_yazar-kate-atkinson","12":"first","13":"instock","14":"sale","15":"shipping-taxable","16":"purchasable","17":"product-type-simple"},"_links":{"self":[{"href":"https:\/\/roveyayinevi.com.tr\/index.php\/wp-json\/wp\/v2\/product\/703423","targetHints":{"allow":["GET"]}}],"collection":[{"href":"https:\/\/roveyayinevi.com.tr\/index.php\/wp-json\/wp\/v2\/product"}],"about":[{"href":"https:\/\/roveyayinevi.com.tr\/index.php\/wp-json\/wp\/v2\/types\/product"}],"wp:attachment":[{"href":"https:\/\/roveyayinevi.com.tr\/index.php\/wp-json\/wp\/v2\/media?parent=703423"}],"wp:term":[{"taxonomy":"product_brand","embeddable":true,"href":"https:\/\/roveyayinevi.com.tr\/index.php\/wp-json\/wp\/v2\/product_brand?post=703423"},{"taxonomy":"product_cat","embeddable":true,"href":"https:\/\/roveyayinevi.com.tr\/index.php\/wp-json\/wp\/v2\/product_cat?post=703423"},{"taxonomy":"product_tag","embeddable":true,"href":"https:\/\/roveyayinevi.com.tr\/index.php\/wp-json\/wp\/v2\/product_tag?post=703423"}],"curies":[{"name":"wp","href":"https:\/\/api.w.org\/{rel}","templated":true}]}}