{"id":703422,"date":"2025-08-27T15:25:13","date_gmt":"2025-08-27T12:25:13","guid":{"rendered":"https:\/\/roveyayinevi.com.tr\/index.php\/urun\/egitim-bilimleri-terimleri-sozlugu\/"},"modified":"2026-01-29T02:22:59","modified_gmt":"2026-01-28T23:22:59","slug":"egitim-bilimleri-terimleri-sozlugu","status":"publish","type":"product","link":"https:\/\/roveyayinevi.com.tr\/index.php\/urun\/egitim-bilimleri-terimleri-sozlugu\/","title":{"rendered":"E\u011fitim Bilimleri Terimleri S\u00f6zl\u00fc\u011f\u00fc"},"content":{"rendered":"<p>E\u011fitim Bilimleri alan\u0131nda temel bir ba\u015fvuru kayna\u011f\u0131.E\u011fitim Bilimleri Terimleri S\u00f6zl\u00fc\u011f\u00fc, e\u011fitim bilimlerin alan\u0131na ili\u015fkin temel kavramlar\u0131 \u00f6z olarak a\u00e7\u0131klamak, bu kavramlar\u0131 T\u00fcrk\u00e7eye kazand\u0131rmak ve bu alanda \u00e7al\u0131\u015fan \u00f6\u011fretim elemanlar\u0131, \u00f6\u011fretmen, \u00f6\u011fretmen adaylar\u0131na bir ba\u015fvuru kayna\u011f\u0131 olu\u015fturmak amac\u0131yla haz\u0131rlanm\u0131\u015ft\u0131r. S\u00f6zl\u00fckte E\u011fitim Bilimleri alan\u0131nda s\u0131k\u00e7a kullan\u0131lan 3.000 yak\u0131n kavram yer almaktad\u0131r.S\u00f6zl\u00fc\u011f\u00fcn haz\u0131rlanmas\u0131nda alana ili\u015fkin kaynaklar\u0131n titiz bir \u015fekilde taranmas\u0131 temel al\u0131nm\u0131\u015ft\u0131r. Ayr\u0131ca e\u011fitim bilimleri alan\u0131nda \u00e7al\u0131\u015fan \u00f6\u011fretim elemanlar\u0131 ve dil bilimcilerle etkile\u015fim i\u00e7inde olunmu\u015ftur. <\/p>\n","protected":false},"excerpt":{"rendered":"<p>E\u011fitim Bilimleri alan\u0131nda temel bir ba\u015fvuru kayna\u011f\u0131.E\u011fitim Bilimleri Terimleri S\u00f6zl\u00fc\u011f\u00fc, e\u011fitim bilimlerin alan\u0131na ili\u015fkin temel kavramlar\u0131 \u00f6z olarak a\u00e7\u0131klamak, bu kavramlar\u0131 T\u00fcrk\u00e7eye kazand\u0131rmak ve bu alanda<span class=\"excerpt-hellip\"> [\u2026]<\/span><\/p>\n","protected":false},"featured_media":0,"template":"","meta":{"_monsterinsights_skip_tracking":false,"_monsterinsights_sitenote_active":false,"_monsterinsights_sitenote_note":"","_monsterinsights_sitenote_category":0},"product_brand":[],"product_cat":[12566,13611],"product_tag":[],"class_list":{"0":"post-703422","1":"product","2":"type-product","3":"status-publish","5":"product_cat-egitim","6":"product_cat-sozlukler-ve-konusma-kilavuzlari","7":"pa_cilt-ciltsiz","8":"pa_tur-kitap","9":"pa_yayinevi-utopya-yayinevi","10":"pa_yazar-hasan-gunes","12":"first","13":"instock","14":"sale","15":"shipping-taxable","16":"purchasable","17":"product-type-simple"},"_links":{"self":[{"href":"https:\/\/roveyayinevi.com.tr\/index.php\/wp-json\/wp\/v2\/product\/703422","targetHints":{"allow":["GET"]}}],"collection":[{"href":"https:\/\/roveyayinevi.com.tr\/index.php\/wp-json\/wp\/v2\/product"}],"about":[{"href":"https:\/\/roveyayinevi.com.tr\/index.php\/wp-json\/wp\/v2\/types\/product"}],"wp:attachment":[{"href":"https:\/\/roveyayinevi.com.tr\/index.php\/wp-json\/wp\/v2\/media?parent=703422"}],"wp:term":[{"taxonomy":"product_brand","embeddable":true,"href":"https:\/\/roveyayinevi.com.tr\/index.php\/wp-json\/wp\/v2\/product_brand?post=703422"},{"taxonomy":"product_cat","embeddable":true,"href":"https:\/\/roveyayinevi.com.tr\/index.php\/wp-json\/wp\/v2\/product_cat?post=703422"},{"taxonomy":"product_tag","embeddable":true,"href":"https:\/\/roveyayinevi.com.tr\/index.php\/wp-json\/wp\/v2\/product_tag?post=703422"}],"curies":[{"name":"wp","href":"https:\/\/api.w.org\/{rel}","templated":true}]}}