{"id":703419,"date":"2025-08-27T15:25:11","date_gmt":"2025-08-27T12:25:11","guid":{"rendered":"https:\/\/roveyayinevi.com.tr\/index.php\/urun\/cizgilerle-felsefe\/"},"modified":"2026-04-16T02:12:36","modified_gmt":"2026-04-15T23:12:36","slug":"cizgilerle-felsefe","status":"publish","type":"product","link":"https:\/\/roveyayinevi.com.tr\/index.php\/urun\/cizgilerle-felsefe\/","title":{"rendered":"\u00c7izgilerle Felsefe"},"content":{"rendered":"<p>\u00dcnl\u00fc Meksikal\u0131 \u00e7izer Rius, \u00c7izgilerle Felsefe\u2019de felsefenin, Antik \u00c7a\u011f\u2019dan g\u00fcn\u00fcm\u00fcze uzanan \u00f6yk\u00fcs\u00fcn\u00fc e\u011flenceli, yal\u0131n bir dille ve \u00e7izgilerle aktar\u0131yor. Kitab\u0131n giri\u015f b\u00f6l\u00fcm\u00fcnde \u201cbu kitap uzmanlar i\u00e7in de\u011fil, felsefeye yeni ba\u015flayanlar i\u00e7in haz\u0131rlanm\u0131\u015ft\u0131r\u201d uyar\u0131s\u0131n\u0131 yap\u0131yor ve felsefe tarihini bir \u00e7\u0131rp\u0131da okunabilecek bir kurguyla sunuyor. \ufffcTan\u0131t\u0131m Metni<\/p>\n","protected":false},"excerpt":{"rendered":"<p>\u00dcnl\u00fc Meksikal\u0131 \u00e7izer Rius, \u00c7izgilerle Felsefe\u2019de felsefenin, Antik \u00c7a\u011f\u2019dan g\u00fcn\u00fcm\u00fcze uzanan \u00f6yk\u00fcs\u00fcn\u00fc e\u011flenceli, yal\u0131n bir dille ve \u00e7izgilerle aktar\u0131yor. Kitab\u0131n giri\u015f b\u00f6l\u00fcm\u00fcnde \u201cbu kitap uzmanlar i\u00e7in<span class=\"excerpt-hellip\"> [\u2026]<\/span><\/p>\n","protected":false},"featured_media":0,"template":"","meta":{"_monsterinsights_skip_tracking":false,"_monsterinsights_sitenote_active":false,"_monsterinsights_sitenote_note":"","_monsterinsights_sitenote_category":0},"product_brand":[],"product_cat":[12689,12274],"product_tag":[],"class_list":{"0":"post-703419","1":"product","2":"type-product","3":"status-publish","5":"product_cat-cizgi-roman-cocuk-ve-genclik-kitaplari","6":"product_cat-cocuk-ve-genclik-kitaplari","7":"pa_cilt-ciltsiz","8":"pa_tur-kitap","9":"pa_yayinevi-yordam-kitap","10":"pa_yazar-rius","12":"first","13":"instock","14":"sale","15":"shipping-taxable","16":"purchasable","17":"product-type-simple"},"_links":{"self":[{"href":"https:\/\/roveyayinevi.com.tr\/index.php\/wp-json\/wp\/v2\/product\/703419","targetHints":{"allow":["GET"]}}],"collection":[{"href":"https:\/\/roveyayinevi.com.tr\/index.php\/wp-json\/wp\/v2\/product"}],"about":[{"href":"https:\/\/roveyayinevi.com.tr\/index.php\/wp-json\/wp\/v2\/types\/product"}],"wp:attachment":[{"href":"https:\/\/roveyayinevi.com.tr\/index.php\/wp-json\/wp\/v2\/media?parent=703419"}],"wp:term":[{"taxonomy":"product_brand","embeddable":true,"href":"https:\/\/roveyayinevi.com.tr\/index.php\/wp-json\/wp\/v2\/product_brand?post=703419"},{"taxonomy":"product_cat","embeddable":true,"href":"https:\/\/roveyayinevi.com.tr\/index.php\/wp-json\/wp\/v2\/product_cat?post=703419"},{"taxonomy":"product_tag","embeddable":true,"href":"https:\/\/roveyayinevi.com.tr\/index.php\/wp-json\/wp\/v2\/product_tag?post=703419"}],"curies":[{"name":"wp","href":"https:\/\/api.w.org\/{rel}","templated":true}]}}