{"id":703415,"date":"2025-08-27T15:25:10","date_gmt":"2025-08-27T12:25:10","guid":{"rendered":"https:\/\/roveyayinevi.com.tr\/index.php\/urun\/cete\/"},"modified":"2026-04-16T02:12:36","modified_gmt":"2026-04-15T23:12:36","slug":"cete","status":"publish","type":"product","link":"https:\/\/roveyayinevi.com.tr\/index.php\/urun\/cete\/","title":{"rendered":"\u00c7ete"},"content":{"rendered":"<p>Y\u0131ld\u0131zl\u0131, bulutsuz, durgun bir gece; adeta bir yaz gecesi; a\u011fustos b\u00f6ceklerinin sesi eksik&#8230; Yar\u0131n bu saatte art\u0131k ikisinin de yeri, birbirine kavu\u015fmas\u0131 ihtimali olmayan ayr\u0131 bir hatt\u0131n \u00fczerindedir; belki mesafe itibar\u0131yla uzak bulunmayacaklard\u0131r; fakat aralar\u0131ndaki sahay\u0131 dar bile olsa ay\u0131ran \u015fey d\u00fc\u015fmanl\u0131kt\u0131r, silaht\u0131r, \u00f6l\u00fcmd\u00fcr, bir harp cephesidir. Amanoslar\u2019\u0131n eteklerinde Frans\u0131z i\u015fgaline direnen T\u00fcrk \u00e7ete reisiyle bir Rus prensesi Refik Halid Karay\u2019\u0131n ustal\u0131kl\u0131 kurgusunda bulu\u015fuyor, vatan sevgisiyle sarmalanm\u0131\u015f bir a\u015fk\u0131n kahramanlar\u0131na d\u00f6n\u00fc\u015f\u00fcyor. \ufffcTan\u0131t\u0131m Metni<\/p>\n","protected":false},"excerpt":{"rendered":"<p>Y\u0131ld\u0131zl\u0131, bulutsuz, durgun bir gece; adeta bir yaz gecesi; a\u011fustos b\u00f6ceklerinin sesi eksik&#8230; Yar\u0131n bu saatte art\u0131k ikisinin de yeri, birbirine kavu\u015fmas\u0131 ihtimali olmayan ayr\u0131 bir<span class=\"excerpt-hellip\"> [\u2026]<\/span><\/p>\n","protected":false},"featured_media":0,"template":"","meta":{"_monsterinsights_skip_tracking":false,"_monsterinsights_sitenote_active":false,"_monsterinsights_sitenote_note":"","_monsterinsights_sitenote_category":0},"product_brand":[],"product_cat":[12291,12292],"product_tag":[],"class_list":{"0":"post-703415","1":"product","2":"type-product","3":"status-publish","5":"product_cat-edebiyat","6":"product_cat-turk-edebiyati","7":"pa_cilt-ciltsiz","8":"pa_tur-kitap","9":"pa_yayinevi-inkilap-kitabevi","10":"pa_yazar-refik-halid-karay","12":"first","13":"instock","14":"sale","15":"shipping-taxable","16":"purchasable","17":"product-type-simple"},"_links":{"self":[{"href":"https:\/\/roveyayinevi.com.tr\/index.php\/wp-json\/wp\/v2\/product\/703415","targetHints":{"allow":["GET"]}}],"collection":[{"href":"https:\/\/roveyayinevi.com.tr\/index.php\/wp-json\/wp\/v2\/product"}],"about":[{"href":"https:\/\/roveyayinevi.com.tr\/index.php\/wp-json\/wp\/v2\/types\/product"}],"wp:attachment":[{"href":"https:\/\/roveyayinevi.com.tr\/index.php\/wp-json\/wp\/v2\/media?parent=703415"}],"wp:term":[{"taxonomy":"product_brand","embeddable":true,"href":"https:\/\/roveyayinevi.com.tr\/index.php\/wp-json\/wp\/v2\/product_brand?post=703415"},{"taxonomy":"product_cat","embeddable":true,"href":"https:\/\/roveyayinevi.com.tr\/index.php\/wp-json\/wp\/v2\/product_cat?post=703415"},{"taxonomy":"product_tag","embeddable":true,"href":"https:\/\/roveyayinevi.com.tr\/index.php\/wp-json\/wp\/v2\/product_tag?post=703415"}],"curies":[{"name":"wp","href":"https:\/\/api.w.org\/{rel}","templated":true}]}}