{"id":703413,"date":"2025-08-27T15:25:09","date_gmt":"2025-08-27T12:25:09","guid":{"rendered":"https:\/\/roveyayinevi.com.tr\/index.php\/urun\/komunist-manifesto-manga\/"},"modified":"2026-04-16T02:12:36","modified_gmt":"2026-04-15T23:12:36","slug":"komunist-manifesto-manga","status":"publish","type":"product","link":"https:\/\/roveyayinevi.com.tr\/index.php\/urun\/komunist-manifesto-manga\/","title":{"rendered":"Kom\u00fcnist Manifesto (Manga)"},"content":{"rendered":"<p>Karl Marx&#8217;\u0131n temel yap\u0131t\u0131 Kapital&#8217;in \u00e7izgi roman\u0131 Kapital Manga&#8217;y\u0131 2009 y\u0131l\u0131nda okurlarla bulu\u015fturan Yordam Kitap, \u015fimdi de bilimsel sosyalizmin en yayg\u0131n belgesi Kom\u00fcnist Manifesto&#8217;nun \u00e7izgi roman\u0131 Kom\u00fcnist Manifesto Manga&#8217;y\u0131 yay\u0131nl\u0131yor.Karl Marx ile Friedrich Engels taraf\u0131ndan kaleme al\u0131nan Kom\u00fcnist Manifesto&#8217;nun ilk bas\u0131m\u0131 1848 \u015eubat\u0131nda Londra&#8217;da yay\u0131nland\u0131. O tarihten bug\u00fcne belli ba\u015fl\u0131 d\u00fcnya dillerinde say\u0131s\u0131z bas\u0131m\u0131 yap\u0131ld\u0131; bug\u00fcn de yayg\u0131n bir ilginin konusu olmaya devam ediyor. Bu \u00fcnl\u00fc tarihsel belgenin \u00f6z\u00fcn\u00fc, \u00e7izgi roman formunda, bir \u00f6yk\u00fc ile i\u00e7 i\u00e7e sunan Kom\u00fcnist Manifesto Manga, hem Manifesto&#8217;nun i\u00e7eri\u011fini merak eden okuyuculara hem de \u00e7izgi roman-manga tutkunlar\u0131na zevkli bir okuma vaat ediyor.&#8221;Bu k\u00fc\u00e7\u00fck kitap\u00e7\u0131\u011f\u0131n a\u011f\u0131rl\u0131\u011f\u0131 pek \u00e7ok cilde denktir. Bug\u00fcne dek uygar d\u00fcnyada \u00f6rg\u00fctl\u00fc ve m\u00fccadeleci proletaryan\u0131n t\u00fcm\u00fcne hayat ve hareket veren onun ruhudur.&#8221; (Lenin) <\/p>\n","protected":false},"excerpt":{"rendered":"<p>Karl Marx&#8217;\u0131n temel yap\u0131t\u0131 Kapital&#8217;in \u00e7izgi roman\u0131 Kapital Manga&#8217;y\u0131 2009 y\u0131l\u0131nda okurlarla bulu\u015fturan Yordam Kitap, \u015fimdi de bilimsel sosyalizmin en yayg\u0131n belgesi Kom\u00fcnist Manifesto&#8217;nun \u00e7izgi roman\u0131<span class=\"excerpt-hellip\"> [\u2026]<\/span><\/p>\n","protected":false},"featured_media":0,"template":"","meta":{"_monsterinsights_skip_tracking":false,"_monsterinsights_sitenote_active":false,"_monsterinsights_sitenote_note":"","_monsterinsights_sitenote_category":0},"product_brand":[],"product_cat":[12689,12274],"product_tag":[],"class_list":{"0":"post-703413","1":"product","2":"type-product","3":"status-publish","5":"product_cat-cizgi-roman-cocuk-ve-genclik-kitaplari","6":"product_cat-cocuk-ve-genclik-kitaplari","7":"pa_cilt-ciltsiz","8":"pa_tur-kitap","9":"pa_yayinevi-yordam-kitap","10":"pa_yazar-east-press","12":"first","13":"instock","14":"sale","15":"shipping-taxable","16":"purchasable","17":"product-type-simple"},"_links":{"self":[{"href":"https:\/\/roveyayinevi.com.tr\/index.php\/wp-json\/wp\/v2\/product\/703413","targetHints":{"allow":["GET"]}}],"collection":[{"href":"https:\/\/roveyayinevi.com.tr\/index.php\/wp-json\/wp\/v2\/product"}],"about":[{"href":"https:\/\/roveyayinevi.com.tr\/index.php\/wp-json\/wp\/v2\/types\/product"}],"wp:attachment":[{"href":"https:\/\/roveyayinevi.com.tr\/index.php\/wp-json\/wp\/v2\/media?parent=703413"}],"wp:term":[{"taxonomy":"product_brand","embeddable":true,"href":"https:\/\/roveyayinevi.com.tr\/index.php\/wp-json\/wp\/v2\/product_brand?post=703413"},{"taxonomy":"product_cat","embeddable":true,"href":"https:\/\/roveyayinevi.com.tr\/index.php\/wp-json\/wp\/v2\/product_cat?post=703413"},{"taxonomy":"product_tag","embeddable":true,"href":"https:\/\/roveyayinevi.com.tr\/index.php\/wp-json\/wp\/v2\/product_tag?post=703413"}],"curies":[{"name":"wp","href":"https:\/\/api.w.org\/{rel}","templated":true}]}}