{"id":703412,"date":"2025-08-27T15:25:08","date_gmt":"2025-08-27T12:25:08","guid":{"rendered":"https:\/\/roveyayinevi.com.tr\/index.php\/urun\/komunist-manifesto\/"},"modified":"2026-04-16T02:12:36","modified_gmt":"2026-04-15T23:12:36","slug":"komunist-manifesto","status":"publish","type":"product","link":"https:\/\/roveyayinevi.com.tr\/index.php\/urun\/komunist-manifesto\/","title":{"rendered":"Kom\u00fcnist Manifesto"},"content":{"rendered":"<p>Kom\u00fcnist Manifesto bilimsel sosyalizmin en \u00f6nemli program belgelerinden biridir. Bu k\u00fc\u00e7\u00fck kitap\u00e7\u0131\u011f\u0131n a\u011f\u0131rl\u0131\u011f\u0131 pek \u00e7ok cilde denktir. Bug\u00fcne dek uygar d\u00fcnyada \u00f6rg\u00fctl\u00fc ve m\u00fccadeleci proletaryan\u0131n t\u00fcm\u00fcne hayat ve hareket veren onun ruhudur. (Lenin) \ufffcTan\u0131t\u0131m Metni<\/p>\n","protected":false},"excerpt":{"rendered":"<p>Kom\u00fcnist Manifesto bilimsel sosyalizmin en \u00f6nemli program belgelerinden biridir. Bu k\u00fc\u00e7\u00fck kitap\u00e7\u0131\u011f\u0131n a\u011f\u0131rl\u0131\u011f\u0131 pek \u00e7ok cilde denktir. Bug\u00fcne dek uygar d\u00fcnyada \u00f6rg\u00fctl\u00fc ve m\u00fccadeleci proletaryan\u0131n t\u00fcm\u00fcne<span class=\"excerpt-hellip\"> [\u2026]<\/span><\/p>\n","protected":false},"featured_media":0,"template":"","meta":{"_monsterinsights_skip_tracking":false,"_monsterinsights_sitenote_active":false,"_monsterinsights_sitenote_note":"","_monsterinsights_sitenote_category":0},"product_brand":[],"product_cat":[12364],"product_tag":[],"class_list":{"0":"post-703412","1":"product","2":"type-product","3":"status-publish","5":"product_cat-genel-konular","6":"pa_cilt-ciltsiz","7":"pa_tur-kitap","8":"pa_yayinevi-yordam-kitap","9":"pa_yazar-karl-marx","11":"first","12":"instock","13":"sale","14":"shipping-taxable","15":"purchasable","16":"product-type-simple"},"_links":{"self":[{"href":"https:\/\/roveyayinevi.com.tr\/index.php\/wp-json\/wp\/v2\/product\/703412","targetHints":{"allow":["GET"]}}],"collection":[{"href":"https:\/\/roveyayinevi.com.tr\/index.php\/wp-json\/wp\/v2\/product"}],"about":[{"href":"https:\/\/roveyayinevi.com.tr\/index.php\/wp-json\/wp\/v2\/types\/product"}],"wp:attachment":[{"href":"https:\/\/roveyayinevi.com.tr\/index.php\/wp-json\/wp\/v2\/media?parent=703412"}],"wp:term":[{"taxonomy":"product_brand","embeddable":true,"href":"https:\/\/roveyayinevi.com.tr\/index.php\/wp-json\/wp\/v2\/product_brand?post=703412"},{"taxonomy":"product_cat","embeddable":true,"href":"https:\/\/roveyayinevi.com.tr\/index.php\/wp-json\/wp\/v2\/product_cat?post=703412"},{"taxonomy":"product_tag","embeddable":true,"href":"https:\/\/roveyayinevi.com.tr\/index.php\/wp-json\/wp\/v2\/product_tag?post=703412"}],"curies":[{"name":"wp","href":"https:\/\/api.w.org\/{rel}","templated":true}]}}