{"id":703411,"date":"2025-08-27T15:25:08","date_gmt":"2025-08-27T12:25:08","guid":{"rendered":"https:\/\/roveyayinevi.com.tr\/index.php\/urun\/konakta-neler-oluyor\/"},"modified":"2026-04-16T02:12:36","modified_gmt":"2026-04-15T23:12:36","slug":"konakta-neler-oluyor","status":"publish","type":"product","link":"https:\/\/roveyayinevi.com.tr\/index.php\/urun\/konakta-neler-oluyor\/","title":{"rendered":"Konakta Neler Oluyor?"},"content":{"rendered":"<p>K\u00fclt\u00fcrel Miras Serisi, ikinci kitab\u0131 Konakta Neler Oluyor? ile yola devam ediyor. Pelin G\u00fcne\u015f bu sefer pasta hamuruna bulanm\u0131\u015f s\u00f6zc\u00fckleriyle eski bir yap\u0131dan el sall\u0131yor; pasta ustalar\u0131n\u0131n, f\u0131r\u0131nc\u0131lar\u0131n mis kokulu diyar\u0131ndan sesleniyor bize.  Ye\u015fillikler i\u00e7inde oldu\u011funuzu hayal edin, g\u00f6zleriniz a\u011fa\u00e7lar boyu ilerliyor. Ne ho\u015f bir his de\u011fil mi? Ama bir yerde durdunuz \u00e7\u00fcnk\u00fc yemye\u015fil do\u011faya hi\u00e7 yak\u0131\u015fmayan bir binaya tak\u0131ld\u0131 g\u00f6z\u00fcn\u00fcz. \u00dcstelik bu binalar yaln\u0131z de\u011fildi, s\u0131ra s\u0131ra devam ediyordu. Ka\u00e7amad\u0131n\u0131z\u2026 \u0130\u015fte, bundan y\u0131llar \u00f6nce, g\u00f6zlerinizi ka\u00e7\u0131rmayaca\u011f\u0131n\u0131z t\u00fcrde binalar yap\u0131ld\u0131: Hem\u015fin Konaklar\u0131. Rize&#8217;nin \u00c7aml\u0131hem\u015fin il\u00e7esinde, F\u0131rt\u0131na Deresi&#8217;nin yak\u0131nlar\u0131nda boy g\u00f6steriyorlar. Nice pasta ustas\u0131n\u0131 b\u00fcy\u00fctm\u00fc\u015f bu g\u00fczelim yap\u0131lar, i\u00e7inizi a\u00e7mak i\u00e7in oradalar. \u00dcstelik ya\u015fl\u0131 a\u011fa\u00e7lar\u0131n, ku\u015flar\u0131n, sincaplar\u0131n aras\u0131nda hi\u00e7 de tuhaf g\u00f6r\u00fcnm\u00fcyorlar. Elinizdeki kitap, bu konaklardan birinde ya\u015fayan Tar\u00e7\u0131n ve ailesini konu ediniyor. Kona\u011f\u0131n sat\u0131l\u0131\u011fa \u00e7\u0131kaca\u011f\u0131n\u0131 duyan ailenin bir plan\u0131 var. Emin olun, siz de b\u00f6yle bir evde ya\u015fasayd\u0131n\u0131z b\u0131rakmak istemezdiniz. Bakal\u0131m kona\u011f\u0131n sahibi Didem&#8217;i neler bekliyor? Az kals\u0131n unutuyorduk, pasta sever misiniz? <\/p>\n","protected":false},"excerpt":{"rendered":"<p>K\u00fclt\u00fcrel Miras Serisi, ikinci kitab\u0131 Konakta Neler Oluyor? ile yola devam ediyor. Pelin G\u00fcne\u015f bu sefer pasta hamuruna bulanm\u0131\u015f s\u00f6zc\u00fckleriyle eski bir yap\u0131dan el sall\u0131yor; pasta<span class=\"excerpt-hellip\"> [\u2026]<\/span><\/p>\n","protected":false},"featured_media":0,"template":"","meta":{"_monsterinsights_skip_tracking":false,"_monsterinsights_sitenote_active":false,"_monsterinsights_sitenote_note":"","_monsterinsights_sitenote_category":0},"product_brand":[],"product_cat":[12275,12274],"product_tag":[],"class_list":{"0":"post-703411","1":"product","2":"type-product","3":"status-publish","5":"product_cat-6-12-yas-kitaplari","6":"product_cat-cocuk-ve-genclik-kitaplari","7":"pa_cilt-ciltsiz","8":"pa_tur-kitap","9":"pa_yayinevi-elma-cocuk","10":"pa_yazar-pelin-gunes","12":"first","13":"instock","14":"sale","15":"shipping-taxable","16":"purchasable","17":"product-type-simple"},"_links":{"self":[{"href":"https:\/\/roveyayinevi.com.tr\/index.php\/wp-json\/wp\/v2\/product\/703411","targetHints":{"allow":["GET"]}}],"collection":[{"href":"https:\/\/roveyayinevi.com.tr\/index.php\/wp-json\/wp\/v2\/product"}],"about":[{"href":"https:\/\/roveyayinevi.com.tr\/index.php\/wp-json\/wp\/v2\/types\/product"}],"wp:attachment":[{"href":"https:\/\/roveyayinevi.com.tr\/index.php\/wp-json\/wp\/v2\/media?parent=703411"}],"wp:term":[{"taxonomy":"product_brand","embeddable":true,"href":"https:\/\/roveyayinevi.com.tr\/index.php\/wp-json\/wp\/v2\/product_brand?post=703411"},{"taxonomy":"product_cat","embeddable":true,"href":"https:\/\/roveyayinevi.com.tr\/index.php\/wp-json\/wp\/v2\/product_cat?post=703411"},{"taxonomy":"product_tag","embeddable":true,"href":"https:\/\/roveyayinevi.com.tr\/index.php\/wp-json\/wp\/v2\/product_tag?post=703411"}],"curies":[{"name":"wp","href":"https:\/\/api.w.org\/{rel}","templated":true}]}}