{"id":703410,"date":"2025-08-27T15:25:07","date_gmt":"2025-08-27T12:25:07","guid":{"rendered":"https:\/\/roveyayinevi.com.tr\/index.php\/urun\/adim-adim-inovasyon\/"},"modified":"2026-04-16T02:12:36","modified_gmt":"2026-04-15T23:12:36","slug":"adim-adim-inovasyon","status":"publish","type":"product","link":"https:\/\/roveyayinevi.com.tr\/index.php\/urun\/adim-adim-inovasyon\/","title":{"rendered":"Ad\u0131m Ad\u0131m \u0130novasyon"},"content":{"rendered":"<p>Son on y\u0131lda bir\u00e7ok kurumsal \u015firkete, giri\u015fimciye yeni \u00fcr\u00fcnler geli\u015ftirmeleri ve inovasyonu destekleyen bir k\u00fclt\u00fcr olu\u015fturmalar\u0131nda yard\u0131mc\u0131 olan Bora \u00d6zkent, bu alandaki birikimini akademik bak\u0131\u015f a\u00e7\u0131s\u0131yla birle\u015ftiren kapsaml\u0131 bir inovasyon rehberiyle kar\u015f\u0131m\u0131zda: Ad\u0131m Ad\u0131m \u0130novasyonAd\u0131m Ad\u0131m \u0130novasyon&#8217;un benzer kitaplardan fark\u0131, inovasyon yolculu\u011funa \u00e7\u0131kanlara ad\u0131m ad\u0131m takip edebilecekleri, kolay anla\u015f\u0131l\u0131r ve kendini ispatlam\u0131\u015f ara\u00e7larla beslenen bir yol haritas\u0131 sunmas\u0131. Hedefinize do\u011fru ilerlerken size e\u015flik etmesi i\u00e7in tasarlanm\u0131\u015f, inovasyonu m\u00fcmk\u00fcn ve eri\u015filebilir k\u0131lan bu \u00e7al\u0131\u015fmayla ham fikrinizi bir \u00fcr\u00fcne, bir inovasyona d\u00f6n\u00fc\u015ft\u00fcrmek i\u00e7in neler yapman\u0131z gerekti\u011fini, inovasyon s\u00fcrecinin ger\u00e7ek i\u015fleyi\u015fini \u00f6\u011frenecek ve ak\u0131llarda gizemini koruyan sorulara yan\u0131tlar bulacaks\u0131n\u0131z.\u0130novasyona neden ihtiya\u00e7 duyulur?\u00dcr\u00fcn\u00fcn\u00fcz olas\u0131 m\u00fc\u015fterilerinizin hangi a\u011fr\u0131lar\u0131na ila\u00e7 olacak?Hedef kitleye nas\u0131l dan\u0131\u015fmal\u0131, saha ara\u015ft\u0131rmas\u0131 nas\u0131l yap\u0131l\u0131r?&#8221;\u0130novasyon fabrikas\u0131 \u015firketler&#8221; neyi iyi yap\u0131yor?\u0130novasyonu destekleyen platformlar var m\u0131d\u0131r?K\u00fc\u00e7\u00fck giri\u015fimcileri farkl\u0131 k\u0131lan nedir?Yarat\u0131c\u0131l\u0131\u011f\u0131n\u0131z\u0131 nas\u0131l art\u0131rabilirsiniz? <\/p>\n","protected":false},"excerpt":{"rendered":"<p>Son on y\u0131lda bir\u00e7ok kurumsal \u015firkete, giri\u015fimciye yeni \u00fcr\u00fcnler geli\u015ftirmeleri ve inovasyonu destekleyen bir k\u00fclt\u00fcr olu\u015fturmalar\u0131nda yard\u0131mc\u0131 olan Bora \u00d6zkent, bu alandaki birikimini akademik bak\u0131\u015f a\u00e7\u0131s\u0131yla<span class=\"excerpt-hellip\"> [\u2026]<\/span><\/p>\n","protected":false},"featured_media":0,"template":"","meta":{"_monsterinsights_skip_tracking":false,"_monsterinsights_sitenote_active":false,"_monsterinsights_sitenote_note":"","_monsterinsights_sitenote_category":0},"product_brand":[],"product_cat":[13043,19008],"product_tag":[],"class_list":{"0":"post-703410","1":"product","2":"type-product","3":"status-publish","5":"product_cat-ekonomi","6":"product_cat-yonetim","7":"pa_cilt-ciltsiz","8":"pa_tur-kitap","9":"pa_yayinevi-elma-yayinevi","10":"pa_yazar-bora-ozkent","12":"first","13":"instock","14":"sale","15":"shipping-taxable","16":"purchasable","17":"product-type-simple"},"_links":{"self":[{"href":"https:\/\/roveyayinevi.com.tr\/index.php\/wp-json\/wp\/v2\/product\/703410","targetHints":{"allow":["GET"]}}],"collection":[{"href":"https:\/\/roveyayinevi.com.tr\/index.php\/wp-json\/wp\/v2\/product"}],"about":[{"href":"https:\/\/roveyayinevi.com.tr\/index.php\/wp-json\/wp\/v2\/types\/product"}],"wp:attachment":[{"href":"https:\/\/roveyayinevi.com.tr\/index.php\/wp-json\/wp\/v2\/media?parent=703410"}],"wp:term":[{"taxonomy":"product_brand","embeddable":true,"href":"https:\/\/roveyayinevi.com.tr\/index.php\/wp-json\/wp\/v2\/product_brand?post=703410"},{"taxonomy":"product_cat","embeddable":true,"href":"https:\/\/roveyayinevi.com.tr\/index.php\/wp-json\/wp\/v2\/product_cat?post=703410"},{"taxonomy":"product_tag","embeddable":true,"href":"https:\/\/roveyayinevi.com.tr\/index.php\/wp-json\/wp\/v2\/product_tag?post=703410"}],"curies":[{"name":"wp","href":"https:\/\/api.w.org\/{rel}","templated":true}]}}