{"id":703408,"date":"2025-08-27T15:25:07","date_gmt":"2025-08-27T12:25:07","guid":{"rendered":"https:\/\/roveyayinevi.com.tr\/index.php\/urun\/nicin-aleviyiz\/"},"modified":"2026-04-16T02:12:36","modified_gmt":"2026-04-15T23:12:36","slug":"nicin-aleviyiz","status":"publish","type":"product","link":"https:\/\/roveyayinevi.com.tr\/index.php\/urun\/nicin-aleviyiz\/","title":{"rendered":"Ni\u00e7in Aleviyiz"},"content":{"rendered":"<p>O&#8217;dur d\u00fc\u015f\u00fcnen akl\u0131 yaratanO&#8217;dur d\u00fc\u015f\u00fcnen akla iyili\u011fi k\u00f6t\u00fcl\u00fc\u011f\u00fc g\u00f6ren g\u00f6zler verenO&#8217;dur k\u00f6t\u00fcl\u00fc\u011f\u00fcn s\u00f6z\u00fcnde zul\u00fcmleri resm edenO&#8217;dur g\u00fcven kudretinde sonsuzlu\u011funu g\u00f6sterenO&#8217;dur en \u00fccra h\u00fccrenin en k\u00fc\u00e7\u00fck zerrenin i\u00e7indeki huzuru bildirenO&#8217;dur ilim dilinden g\u00f6n\u00fcller dolduran hazineler var edenO&#8217;dur hayat \u00e7e\u015fmesinden gece g\u00fcnd\u00fcz diril diril diye \u00e7a\u011f\u0131ranO&#8217;dur bir g\u00fcl\u00fcn g\u00fczelli\u011fi ile kaplanm\u0131\u015f nice g\u00f6zler a\u00e7anO&#8217;dur s\u0131caklar\u0131 so\u011fuklar ile so\u011fuklar\u0131 s\u0131caklar ile tartanO&#8217;dur benli\u011fe \u00f6l\u00fcm veren birli\u011fe hayat\u0131 daim edenToprak, Hava, Su, G\u00fcne\u015f bir d\u00fckkanda sat\u0131lmaz!Bir avu\u00e7 toprak, bir \u00e7ekimlik nefes, bir yudumluk suBir karanl\u0131k ayd\u0131nlatan g\u00fcne\u015f yaratt\u0131n m\u0131? <\/p>\n","protected":false},"excerpt":{"rendered":"<p>O&#8217;dur d\u00fc\u015f\u00fcnen akl\u0131 yaratanO&#8217;dur d\u00fc\u015f\u00fcnen akla iyili\u011fi k\u00f6t\u00fcl\u00fc\u011f\u00fc g\u00f6ren g\u00f6zler verenO&#8217;dur k\u00f6t\u00fcl\u00fc\u011f\u00fcn s\u00f6z\u00fcnde zul\u00fcmleri resm edenO&#8217;dur g\u00fcven kudretinde sonsuzlu\u011funu g\u00f6sterenO&#8217;dur en \u00fccra h\u00fccrenin en k\u00fc\u00e7\u00fck zerrenin<span class=\"excerpt-hellip\"> [\u2026]<\/span><\/p>\n","protected":false},"featured_media":0,"template":"","meta":{"_monsterinsights_skip_tracking":false,"_monsterinsights_sitenote_active":false,"_monsterinsights_sitenote_note":"","_monsterinsights_sitenote_category":0},"product_brand":[],"product_cat":[12291,12509],"product_tag":[],"class_list":{"0":"post-703408","1":"product","2":"type-product","3":"status-publish","5":"product_cat-edebiyat","6":"product_cat-siir","7":"pa_tur-kitap","8":"pa_yayinevi-can-yayinlari-ali-adil-atalay","9":"pa_yazar-kekil-yildiz","11":"first","12":"instock","13":"sale","14":"shipping-taxable","15":"purchasable","16":"product-type-simple"},"_links":{"self":[{"href":"https:\/\/roveyayinevi.com.tr\/index.php\/wp-json\/wp\/v2\/product\/703408","targetHints":{"allow":["GET"]}}],"collection":[{"href":"https:\/\/roveyayinevi.com.tr\/index.php\/wp-json\/wp\/v2\/product"}],"about":[{"href":"https:\/\/roveyayinevi.com.tr\/index.php\/wp-json\/wp\/v2\/types\/product"}],"wp:attachment":[{"href":"https:\/\/roveyayinevi.com.tr\/index.php\/wp-json\/wp\/v2\/media?parent=703408"}],"wp:term":[{"taxonomy":"product_brand","embeddable":true,"href":"https:\/\/roveyayinevi.com.tr\/index.php\/wp-json\/wp\/v2\/product_brand?post=703408"},{"taxonomy":"product_cat","embeddable":true,"href":"https:\/\/roveyayinevi.com.tr\/index.php\/wp-json\/wp\/v2\/product_cat?post=703408"},{"taxonomy":"product_tag","embeddable":true,"href":"https:\/\/roveyayinevi.com.tr\/index.php\/wp-json\/wp\/v2\/product_tag?post=703408"}],"curies":[{"name":"wp","href":"https:\/\/api.w.org\/{rel}","templated":true}]}}