{"id":703406,"date":"2025-08-27T15:25:06","date_gmt":"2025-08-27T12:25:06","guid":{"rendered":"https:\/\/roveyayinevi.com.tr\/index.php\/urun\/foya-modanin-anti-kapitalist-kitabi\/"},"modified":"2026-01-29T02:22:59","modified_gmt":"2026-01-28T23:22:59","slug":"foya-modanin-anti-kapitalist-kitabi","status":"publish","type":"product","link":"https:\/\/roveyayinevi.com.tr\/index.php\/urun\/foya-modanin-anti-kapitalist-kitabi\/","title":{"rendered":"Foya : Modan\u0131n Anti-Kapitalist Kitab\u0131"},"content":{"rendered":"<p>\u201cTansy E. Hoskins, Uzak Asya\u2019daki dokuma tezgahlar\u0131ndan Paris podyumlar\u0131na kadar izini s\u00fcrd\u00fc\u011f\u00fc kapitalist menfaat ili\u015fkileri ekseninde, \u015fatafatl\u0131 moda d\u00fcnyas\u0131n\u0131n foyas\u0131n\u0131 meydana \u00e7\u0131kar\u0131yor. Asyal\u0131 tekstil i\u015f\u00e7isinin kanayan parmaklar\u0131ndan, modellik yapan kad\u0131nlar\u0131n yeme bozukluklar\u0131na, \u015f\u0131k ve par\u0131lt\u0131l\u0131 \u00e7antalar i\u00e7in kurulan timsah \u00e7iftliklerinden, \u0131rk\u00e7\u0131l\u0131kla yamalanm\u0131\u015f neo-liberal stratejilere kadar s\u00fcrd\u00fcrd\u00fc\u011f\u00fc takibin sonucunda, moday\u0131 bir \u201cend\u00fcstri\u201d olarak analiz ederek, t\u00fcm o ihti\u015fam\u0131n maddi temelleriyle birlikte bar\u0131nd\u0131rd\u0131\u011f\u0131 \u00e7eli\u015fkileri g\u00f6zler \u00f6n\u00fcne seriyor. Hoskins, bu kitapta, bir taraftan insanlar\u0131n amblemlerini g\u00f6stermekle \u00f6v\u00fcnmeye ba\u015flad\u0131\u011f\u0131 o b\u00fcy\u00fck markalar\u0131n kimler taraf\u0131ndan nas\u0131l sahiplenildi\u011fini, onlar\u0131n ya\u015fad\u0131\u011f\u0131m\u0131z gezegene ve insanlara nas\u0131l zarar verdi\u011fini if\u015fa ederken, bir taraftan da ticaretten ve kapitalist emellerden \u00f6zg\u00fcrle\u015ferek herkes taraf\u0131ndan deneyimlenen \u201cba\u015fka bir modan\u0131n imkan\u0131n\u0131\u201d tart\u0131\u015fmaya a\u00e7\u0131yor. <\/p>\n","protected":false},"excerpt":{"rendered":"<p>\u201cTansy E. Hoskins, Uzak Asya\u2019daki dokuma tezgahlar\u0131ndan Paris podyumlar\u0131na kadar izini s\u00fcrd\u00fc\u011f\u00fc kapitalist menfaat ili\u015fkileri ekseninde, \u015fatafatl\u0131 moda d\u00fcnyas\u0131n\u0131n foyas\u0131n\u0131 meydana \u00e7\u0131kar\u0131yor. Asyal\u0131 tekstil i\u015f\u00e7isinin kanayan<span class=\"excerpt-hellip\"> [\u2026]<\/span><\/p>\n","protected":false},"featured_media":0,"template":"","meta":{"_monsterinsights_skip_tracking":false,"_monsterinsights_sitenote_active":false,"_monsterinsights_sitenote_note":"","_monsterinsights_sitenote_category":0},"product_brand":[],"product_cat":[17574,13527],"product_tag":[],"class_list":{"0":"post-703406","1":"product","2":"type-product","3":"status-publish","5":"product_cat-politika","6":"product_cat-sureli-yayinlar","7":"pa_cilt-ciltsiz","8":"pa_tur-kitap","9":"pa_yayinevi-utopya-yayinevi","10":"pa_yazar-tansy-e-hoskins","12":"first","13":"instock","14":"sale","15":"shipping-taxable","16":"purchasable","17":"product-type-simple"},"_links":{"self":[{"href":"https:\/\/roveyayinevi.com.tr\/index.php\/wp-json\/wp\/v2\/product\/703406","targetHints":{"allow":["GET"]}}],"collection":[{"href":"https:\/\/roveyayinevi.com.tr\/index.php\/wp-json\/wp\/v2\/product"}],"about":[{"href":"https:\/\/roveyayinevi.com.tr\/index.php\/wp-json\/wp\/v2\/types\/product"}],"wp:attachment":[{"href":"https:\/\/roveyayinevi.com.tr\/index.php\/wp-json\/wp\/v2\/media?parent=703406"}],"wp:term":[{"taxonomy":"product_brand","embeddable":true,"href":"https:\/\/roveyayinevi.com.tr\/index.php\/wp-json\/wp\/v2\/product_brand?post=703406"},{"taxonomy":"product_cat","embeddable":true,"href":"https:\/\/roveyayinevi.com.tr\/index.php\/wp-json\/wp\/v2\/product_cat?post=703406"},{"taxonomy":"product_tag","embeddable":true,"href":"https:\/\/roveyayinevi.com.tr\/index.php\/wp-json\/wp\/v2\/product_tag?post=703406"}],"curies":[{"name":"wp","href":"https:\/\/api.w.org\/{rel}","templated":true}]}}