{"id":703404,"date":"2025-08-27T15:25:05","date_gmt":"2025-08-27T12:25:05","guid":{"rendered":"https:\/\/roveyayinevi.com.tr\/index.php\/urun\/bizans-imparatorlugu-tarihi-son-devir-1261-1461\/"},"modified":"2026-04-16T02:12:36","modified_gmt":"2026-04-15T23:12:36","slug":"bizans-imparatorlugu-tarihi-son-devir-1261-1461","status":"publish","type":"product","link":"https:\/\/roveyayinevi.com.tr\/index.php\/urun\/bizans-imparatorlugu-tarihi-son-devir-1261-1461\/","title":{"rendered":"Bizans \u0130mparatorlu\u011fu Tarihi &#8211; Son Devir (1261-1461)"},"content":{"rendered":"<p>Bat\u0131\u2019da Bizans\u2019\u0131 ara\u015ft\u0131rma gayretleri olduk\u00e7a eskiye dayan\u0131r. 15. ve 16. y\u00fczy\u0131llarda, Avrupa i\u00e7lerinde durdurulmaz bir halde ilerleyen T\u00fcrklerin tarihi ve nereden gelip nas\u0131l bu kadar kudrete eri\u015ftikleri hususunda uyanan alaka, Bat\u0131 ilim alemini Bizans kaynaklar\u0131n\u0131 ara\u015ft\u0131rmaya sevk etmi\u015ftir. R\u00f6nesans ile ba\u015flayan Eski Yunan ve Roma tarih ve k\u00fclt\u00fcr\u00fcn\u00fc ara\u015ft\u0131rma \u00e7al\u0131\u015fmalar\u0131, Bizans\u2019\u0131n da \u00f6\u011frenilmesini l\u00fczumlu k\u0131lm\u0131\u015f, 1. Cihan Sava\u015f\u0131\u2019n\u0131 m\u00fcteakip b\u00fct\u00fcn Avrupa \u00fclkelerine yay\u0131lan Bizans ara\u015ft\u0131rmalar\u0131 milletleraras\u0131 bir hal alm\u0131\u015f, 2. D\u00fcnya Sava\u015f\u0131\u2019ndan sonra ise vaktiyle Bizans ile az veya \u00e7ok ili\u015fkisi bulunan b\u00fct\u00fcn \u00fclkeler, \u00fcniversitelerinde Bizantinoloji k\u00fcrs\u00fcleri kurarak eski metinleri ne\u015fretmi\u015f, Bizans\u2019\u0131n sanat ve arkeoloji eserlerini meydana \u00e7\u0131karmak ve i\u015flemek hususunda, birbirleriyle yar\u0131\u015f i\u00e7erisinde b\u00fcy\u00fck gayretler sarf etmi\u015flerdir. <\/p>\n","protected":false},"excerpt":{"rendered":"<p>Bat\u0131\u2019da Bizans\u2019\u0131 ara\u015ft\u0131rma gayretleri olduk\u00e7a eskiye dayan\u0131r. 15. ve 16. y\u00fczy\u0131llarda, Avrupa i\u00e7lerinde durdurulmaz bir halde ilerleyen T\u00fcrklerin tarihi ve nereden gelip nas\u0131l bu kadar kudrete<span class=\"excerpt-hellip\"> [\u2026]<\/span><\/p>\n","protected":false},"featured_media":0,"template":"","meta":{"_monsterinsights_skip_tracking":false,"_monsterinsights_sitenote_active":false,"_monsterinsights_sitenote_note":"","_monsterinsights_sitenote_category":0},"product_brand":[],"product_cat":[12370,12304],"product_tag":[],"class_list":{"0":"post-703404","1":"product","2":"type-product","3":"status-publish","5":"product_cat-arastirma-inceleme","6":"product_cat-tarih","7":"pa_tur-kitap","8":"pa_yayinevi-bilge-kultur-sanat","9":"pa_yazar-serif-bastav","11":"first","12":"instock","13":"sale","14":"shipping-taxable","15":"purchasable","16":"product-type-simple"},"_links":{"self":[{"href":"https:\/\/roveyayinevi.com.tr\/index.php\/wp-json\/wp\/v2\/product\/703404","targetHints":{"allow":["GET"]}}],"collection":[{"href":"https:\/\/roveyayinevi.com.tr\/index.php\/wp-json\/wp\/v2\/product"}],"about":[{"href":"https:\/\/roveyayinevi.com.tr\/index.php\/wp-json\/wp\/v2\/types\/product"}],"wp:attachment":[{"href":"https:\/\/roveyayinevi.com.tr\/index.php\/wp-json\/wp\/v2\/media?parent=703404"}],"wp:term":[{"taxonomy":"product_brand","embeddable":true,"href":"https:\/\/roveyayinevi.com.tr\/index.php\/wp-json\/wp\/v2\/product_brand?post=703404"},{"taxonomy":"product_cat","embeddable":true,"href":"https:\/\/roveyayinevi.com.tr\/index.php\/wp-json\/wp\/v2\/product_cat?post=703404"},{"taxonomy":"product_tag","embeddable":true,"href":"https:\/\/roveyayinevi.com.tr\/index.php\/wp-json\/wp\/v2\/product_tag?post=703404"}],"curies":[{"name":"wp","href":"https:\/\/api.w.org\/{rel}","templated":true}]}}