{"id":703402,"date":"2025-08-27T15:25:04","date_gmt":"2025-08-27T12:25:04","guid":{"rendered":"https:\/\/roveyayinevi.com.tr\/index.php\/urun\/binyil-esiginde-marksizm-ve-turkiye-solu\/"},"modified":"2026-04-16T02:12:36","modified_gmt":"2026-04-15T23:12:36","slug":"binyil-esiginde-marksizm-ve-turkiye-solu","status":"publish","type":"product","link":"https:\/\/roveyayinevi.com.tr\/index.php\/urun\/binyil-esiginde-marksizm-ve-turkiye-solu\/","title":{"rendered":"Biny\u0131l E\u015fi\u011finde Marksizm ve T\u00fcrkiye Solu"},"content":{"rendered":"<p>Biny\u0131l E\u015fi\u011finde Marksizm ve T\u00fcrkiye Solu, temelde \u00fc\u00e7 aya\u011fa oturan bir \u00e7al\u0131\u015fma. Birinci aya\u011f\u0131, genel olarak Marksizmin kendisi olu\u015fturuyor. Bu ayakta, Marksizmin olu\u015fumu, geli\u015fmesi ve post-Marksist e\u011filimlerin Marksizme y\u00f6neltti\u011fi ele\u015ftiriler ele al\u0131n\u0131yor. \u0130kinci ayakta ise, T\u00fcrkiye sol hareketinin kendi \u00f6zg\u00fcl geli\u015fim s\u00fcreci i\u00e7inde \u00f6n plana \u00e7\u0131kan sorunlara de\u011finiliyor. Nihayet, \u00fc\u00e7\u00fcnc\u00fc aya\u011f\u0131 da, T\u00fcrkiye solu ile Marksizmin \u00f6zel ili\u015fkilenme bi\u00e7imi olu\u015fturuyor. \u00c7al\u0131\u015fma, T\u00fcrkiye\u2019de sol-sosyalist hareketin bug\u00fcnk\u00fc ideolojik belirlenimlerini ve y\u00f6nelimlerini de irdeleyerek, ayd\u0131nlar\u0131n konumu, \u201cMarksizmin bunal\u0131m\u0131\u201d, Marksist y\u00f6ntem, Marksist b\u00fct\u00fcnl\u00fck anlay\u0131\u015f\u0131, kimlik sorunu, ideoloji, siyaset ve devlet kuram\u0131 gibi konulara bu \u00fc\u00e7 ayakl\u0131 kurgu \u00e7er\u00e7evesinde e\u011filiyor. \ufffcTan\u0131t\u0131m Metni<\/p>\n","protected":false},"excerpt":{"rendered":"<p>Biny\u0131l E\u015fi\u011finde Marksizm ve T\u00fcrkiye Solu, temelde \u00fc\u00e7 aya\u011fa oturan bir \u00e7al\u0131\u015fma. Birinci aya\u011f\u0131, genel olarak Marksizmin kendisi olu\u015fturuyor. Bu ayakta, Marksizmin olu\u015fumu, geli\u015fmesi ve post-Marksist<span class=\"excerpt-hellip\"> [\u2026]<\/span><\/p>\n","protected":false},"featured_media":0,"template":"","meta":{"_monsterinsights_skip_tracking":false,"_monsterinsights_sitenote_active":false,"_monsterinsights_sitenote_note":"","_monsterinsights_sitenote_category":0},"product_brand":[],"product_cat":[12337,16547],"product_tag":[],"class_list":{"0":"post-703402","1":"product","2":"type-product","3":"status-publish","5":"product_cat-politika-siyaset","6":"product_cat-sol-hareketler","7":"pa_cilt-ciltsiz","8":"pa_tur-kitap","9":"pa_yayinevi-yordam-kitap","10":"pa_yazar-metin-culhaoglu","12":"first","13":"instock","14":"sale","15":"shipping-taxable","16":"purchasable","17":"product-type-simple"},"_links":{"self":[{"href":"https:\/\/roveyayinevi.com.tr\/index.php\/wp-json\/wp\/v2\/product\/703402","targetHints":{"allow":["GET"]}}],"collection":[{"href":"https:\/\/roveyayinevi.com.tr\/index.php\/wp-json\/wp\/v2\/product"}],"about":[{"href":"https:\/\/roveyayinevi.com.tr\/index.php\/wp-json\/wp\/v2\/types\/product"}],"wp:attachment":[{"href":"https:\/\/roveyayinevi.com.tr\/index.php\/wp-json\/wp\/v2\/media?parent=703402"}],"wp:term":[{"taxonomy":"product_brand","embeddable":true,"href":"https:\/\/roveyayinevi.com.tr\/index.php\/wp-json\/wp\/v2\/product_brand?post=703402"},{"taxonomy":"product_cat","embeddable":true,"href":"https:\/\/roveyayinevi.com.tr\/index.php\/wp-json\/wp\/v2\/product_cat?post=703402"},{"taxonomy":"product_tag","embeddable":true,"href":"https:\/\/roveyayinevi.com.tr\/index.php\/wp-json\/wp\/v2\/product_tag?post=703402"}],"curies":[{"name":"wp","href":"https:\/\/api.w.org\/{rel}","templated":true}]}}