{"id":703401,"date":"2025-08-27T15:25:04","date_gmt":"2025-08-27T12:25:04","guid":{"rendered":"https:\/\/roveyayinevi.com.tr\/index.php\/urun\/askin-nu-halleri\/"},"modified":"2026-04-16T02:12:36","modified_gmt":"2026-04-15T23:12:36","slug":"askin-nu-halleri","status":"publish","type":"product","link":"https:\/\/roveyayinevi.com.tr\/index.php\/urun\/askin-nu-halleri\/","title":{"rendered":"A\u015fk\u0131n N\u00fc Halleri"},"content":{"rendered":"<p>Bu d\u00fcnyada mutlulu\u011fun \u00fc\u00e7 esas\u0131; yapacak bir \u015feye, sevecek bir \u015feye ve \u00fcmit edecek bir \u015feye sahip olmakt\u0131r. Mutluluk, \u0131st\u0131rap, h\u00fcz\u00fcn, ne\u015fe&#8230; T\u00fcm z\u0131tl\u0131klar\u0131 i\u00e7inde bar\u0131nd\u0131ran y\u00fcce bir duygudur a\u015fk. <\/p>\n","protected":false},"excerpt":{"rendered":"<p>Bu d\u00fcnyada mutlulu\u011fun \u00fc\u00e7 esas\u0131; yapacak bir \u015feye, sevecek bir \u015feye ve \u00fcmit edecek bir \u015feye sahip olmakt\u0131r. Mutluluk, \u0131st\u0131rap, h\u00fcz\u00fcn, ne\u015fe&#8230; T\u00fcm z\u0131tl\u0131klar\u0131 i\u00e7inde bar\u0131nd\u0131ran<span class=\"excerpt-hellip\"> [\u2026]<\/span><\/p>\n","protected":false},"featured_media":0,"template":"","meta":{"_monsterinsights_skip_tracking":false,"_monsterinsights_sitenote_active":false,"_monsterinsights_sitenote_note":"","_monsterinsights_sitenote_category":0},"product_brand":[],"product_cat":[12364,12376],"product_tag":[],"class_list":{"0":"post-703401","1":"product","2":"type-product","3":"status-publish","5":"product_cat-genel-konular","6":"product_cat-kisisel-gelisim","7":"pa_cilt-ciltsiz","8":"pa_tur-kitap","9":"pa_yayinevi-omega","10":"pa_yazar-timucin-findik","12":"first","13":"instock","14":"sale","15":"shipping-taxable","16":"purchasable","17":"product-type-simple"},"_links":{"self":[{"href":"https:\/\/roveyayinevi.com.tr\/index.php\/wp-json\/wp\/v2\/product\/703401","targetHints":{"allow":["GET"]}}],"collection":[{"href":"https:\/\/roveyayinevi.com.tr\/index.php\/wp-json\/wp\/v2\/product"}],"about":[{"href":"https:\/\/roveyayinevi.com.tr\/index.php\/wp-json\/wp\/v2\/types\/product"}],"wp:attachment":[{"href":"https:\/\/roveyayinevi.com.tr\/index.php\/wp-json\/wp\/v2\/media?parent=703401"}],"wp:term":[{"taxonomy":"product_brand","embeddable":true,"href":"https:\/\/roveyayinevi.com.tr\/index.php\/wp-json\/wp\/v2\/product_brand?post=703401"},{"taxonomy":"product_cat","embeddable":true,"href":"https:\/\/roveyayinevi.com.tr\/index.php\/wp-json\/wp\/v2\/product_cat?post=703401"},{"taxonomy":"product_tag","embeddable":true,"href":"https:\/\/roveyayinevi.com.tr\/index.php\/wp-json\/wp\/v2\/product_tag?post=703401"}],"curies":[{"name":"wp","href":"https:\/\/api.w.org\/{rel}","templated":true}]}}