{"id":703398,"date":"2025-08-27T15:25:03","date_gmt":"2025-08-27T12:25:03","guid":{"rendered":"https:\/\/roveyayinevi.com.tr\/index.php\/urun\/memleket-yazilari-9-turkcenin-tadi-ve-ahengi\/"},"modified":"2026-04-16T02:12:36","modified_gmt":"2026-04-15T23:12:36","slug":"memleket-yazilari-9-turkcenin-tadi-ve-ahengi","status":"publish","type":"product","link":"https:\/\/roveyayinevi.com.tr\/index.php\/urun\/memleket-yazilari-9-turkcenin-tadi-ve-ahengi\/","title":{"rendered":"Memleket Yaz\u0131lar\u0131 9 &#8211; T\u00fcrk\u00e7enin Tad\u0131 Ve Ahengi"},"content":{"rendered":"<p>\u201cLisan bahsinde esas derdim tad ve ahenktir. Zira \u015fu kanaatteyim ki T\u00fcrk\u00e7emizin \u00f6b\u00fcr T\u00fcrk\u00e7elere ve bir\u00e7ok ecnebi lisanlara \u00fcst\u00fcn vasf\u0131 as\u0131rlardan beri elimizde armonize edilmi\u015f, lezzetli hale gelmi\u015f olmas\u0131d\u0131r. \ufffcTan\u0131t\u0131m Metni<\/p>\n","protected":false},"excerpt":{"rendered":"<p>\u201cLisan bahsinde esas derdim tad ve ahenktir. Zira \u015fu kanaatteyim ki T\u00fcrk\u00e7emizin \u00f6b\u00fcr T\u00fcrk\u00e7elere ve bir\u00e7ok ecnebi lisanlara \u00fcst\u00fcn vasf\u0131 as\u0131rlardan beri elimizde armonize edilmi\u015f, lezzetli<span class=\"excerpt-hellip\"> [\u2026]<\/span><\/p>\n","protected":false},"featured_media":0,"template":"","meta":{"_monsterinsights_skip_tracking":false,"_monsterinsights_sitenote_active":false,"_monsterinsights_sitenote_note":"","_monsterinsights_sitenote_category":0},"product_brand":[],"product_cat":[12777,12291],"product_tag":[],"class_list":{"0":"post-703398","1":"product","2":"type-product","3":"status-publish","5":"product_cat-deneme","6":"product_cat-edebiyat","7":"pa_cilt-ciltsiz","8":"pa_tur-kitap","9":"pa_yayinevi-inkilap-kitabevi","10":"pa_yazar-refik-halid-karay","12":"first","13":"instock","14":"sale","15":"shipping-taxable","16":"purchasable","17":"product-type-simple"},"_links":{"self":[{"href":"https:\/\/roveyayinevi.com.tr\/index.php\/wp-json\/wp\/v2\/product\/703398","targetHints":{"allow":["GET"]}}],"collection":[{"href":"https:\/\/roveyayinevi.com.tr\/index.php\/wp-json\/wp\/v2\/product"}],"about":[{"href":"https:\/\/roveyayinevi.com.tr\/index.php\/wp-json\/wp\/v2\/types\/product"}],"wp:attachment":[{"href":"https:\/\/roveyayinevi.com.tr\/index.php\/wp-json\/wp\/v2\/media?parent=703398"}],"wp:term":[{"taxonomy":"product_brand","embeddable":true,"href":"https:\/\/roveyayinevi.com.tr\/index.php\/wp-json\/wp\/v2\/product_brand?post=703398"},{"taxonomy":"product_cat","embeddable":true,"href":"https:\/\/roveyayinevi.com.tr\/index.php\/wp-json\/wp\/v2\/product_cat?post=703398"},{"taxonomy":"product_tag","embeddable":true,"href":"https:\/\/roveyayinevi.com.tr\/index.php\/wp-json\/wp\/v2\/product_tag?post=703398"}],"curies":[{"name":"wp","href":"https:\/\/api.w.org\/{rel}","templated":true}]}}