{"id":703397,"date":"2025-08-27T15:25:02","date_gmt":"2025-08-27T12:25:02","guid":{"rendered":"https:\/\/roveyayinevi.com.tr\/index.php\/urun\/agac-ve-ahlak\/"},"modified":"2026-04-16T02:12:36","modified_gmt":"2026-04-15T23:12:36","slug":"agac-ve-ahlak","status":"publish","type":"product","link":"https:\/\/roveyayinevi.com.tr\/index.php\/urun\/agac-ve-ahlak\/","title":{"rendered":"A\u011fa\u00e7 ve Ahlak"},"content":{"rendered":"<p>Her kalem erbab\u0131n\u0131n \u00f6yle kolay kolay \u00fcst\u00fcne kafa yoramayaca\u011f\u0131 konularda bitmeyen bir i\u015ftahla, k\u0131l\u0131 k\u0131rk yaran bir merakla kalem oynatan ender yazarlar\u0131m\u0131zdand\u0131r Refik Halid Karay. Yazar\u0131n Tan, Ak\u015fam, Yeni \u0130stanbul, Aydede, Aile, Mizah gibi gazete ve dergilerde yay\u0131mlanan yaz\u0131lar\u0131ndan bir araya getirilen A\u011fa\u00e7 ve Ahlak; mevsimler, \u00e7i\u00e7ekler, hayvanlar ve a\u011fa\u00e7lardan bahisle zevk ehli bir yazar\u0131n hayat\u0131n her an\u0131na dair sundu\u011fu foto\u011fraflardan olu\u015fuyor. G\u00f6mle\u011fi d\u0131\u015far\u0131da b\u0131rakma modas\u0131ndan tutun, ha\u015ferelerin ke\u00e7isi pireye, parf\u00fcme, ilkbahar cinayetlerine, \u0130stanbul\u2019un sesine, kokulara ve renklere kadar uzanan bir c\u00fcmb\u00fc\u015f\u00fcn i\u00e7erisinde Refik Halid\u2019in lisan\u0131 ile ba\u015f ba\u015fa kalacaks\u0131n\u0131z. \ufffcTan\u0131t\u0131m Metni<\/p>\n","protected":false},"excerpt":{"rendered":"<p>Her kalem erbab\u0131n\u0131n \u00f6yle kolay kolay \u00fcst\u00fcne kafa yoramayaca\u011f\u0131 konularda bitmeyen bir i\u015ftahla, k\u0131l\u0131 k\u0131rk yaran bir merakla kalem oynatan ender yazarlar\u0131m\u0131zdand\u0131r Refik Halid Karay. Yazar\u0131n<span class=\"excerpt-hellip\"> [\u2026]<\/span><\/p>\n","protected":false},"featured_media":0,"template":"","meta":{"_monsterinsights_skip_tracking":false,"_monsterinsights_sitenote_active":false,"_monsterinsights_sitenote_note":"","_monsterinsights_sitenote_category":0},"product_brand":[],"product_cat":[14060,12291],"product_tag":[],"class_list":{"0":"post-703397","1":"product","2":"type-product","3":"status-publish","5":"product_cat-antoloji","6":"product_cat-edebiyat","7":"pa_cilt-ciltsiz","8":"pa_tur-kitap","9":"pa_yayinevi-inkilap-kitabevi","10":"pa_yazar-refik-halid-karay","12":"first","13":"instock","14":"sale","15":"shipping-taxable","16":"purchasable","17":"product-type-simple"},"_links":{"self":[{"href":"https:\/\/roveyayinevi.com.tr\/index.php\/wp-json\/wp\/v2\/product\/703397","targetHints":{"allow":["GET"]}}],"collection":[{"href":"https:\/\/roveyayinevi.com.tr\/index.php\/wp-json\/wp\/v2\/product"}],"about":[{"href":"https:\/\/roveyayinevi.com.tr\/index.php\/wp-json\/wp\/v2\/types\/product"}],"wp:attachment":[{"href":"https:\/\/roveyayinevi.com.tr\/index.php\/wp-json\/wp\/v2\/media?parent=703397"}],"wp:term":[{"taxonomy":"product_brand","embeddable":true,"href":"https:\/\/roveyayinevi.com.tr\/index.php\/wp-json\/wp\/v2\/product_brand?post=703397"},{"taxonomy":"product_cat","embeddable":true,"href":"https:\/\/roveyayinevi.com.tr\/index.php\/wp-json\/wp\/v2\/product_cat?post=703397"},{"taxonomy":"product_tag","embeddable":true,"href":"https:\/\/roveyayinevi.com.tr\/index.php\/wp-json\/wp\/v2\/product_tag?post=703397"}],"curies":[{"name":"wp","href":"https:\/\/api.w.org\/{rel}","templated":true}]}}