{"id":703395,"date":"2025-08-27T15:25:02","date_gmt":"2025-08-27T12:25:02","guid":{"rendered":"https:\/\/roveyayinevi.com.tr\/index.php\/urun\/neyi-nasil-okumali\/"},"modified":"2026-04-16T02:12:36","modified_gmt":"2026-04-15T23:12:36","slug":"neyi-nasil-okumali","status":"publish","type":"product","link":"https:\/\/roveyayinevi.com.tr\/index.php\/urun\/neyi-nasil-okumali\/","title":{"rendered":"Neyi, Nas\u0131l Okumal\u0131?"},"content":{"rendered":"<p>Neyi Nas\u0131l Okumal\u0131? Haluk Yurtsever\u2019in 2007-2014 aras\u0131nda yazd\u0131\u011f\u0131 yirmi kitap tan\u0131tma\/ele\u015ftiri yaz\u0131s\u0131ndan olu\u015fuyor. Yazarlar ve eserleri, kitapta yer ald\u0131klar\u0131 s\u0131rayla \u015f\u00f6yle: G.E.M. de Ste Croix, Antik Yunan D\u00fcnyas\u0131nda S\u0131n\u0131f M\u00fccadelesi; Neil Faulkner, Marksist D\u00fcnya Tarihi\/Neandertallerden Neoliberallere; Taner Timur, Felsefe, Toplum Bilimleri ve Tarih\u00e7i; Georg F\u00fclberth, Kapitalizmin K\u0131sa Tarihi; Douglas Dowd, Kapitalizm ve Kapitalizmin \u0130ktisad\u0131\/Ele\u015ftirel Bir Tarih; David Harvey, Sermayenin S\u0131n\u0131rlar\u0131; Michael Mann, Demokrasinin Karanl\u0131k Y\u00fcz\u00fc\/Etnik Temizli\u011fi A\u00e7\u0131klamak; Socialist Register, Ekonomik Kriz ve Sol; Mehmet \u0130nan\u00e7 Turan, Marksizmin Do\u011fu\u015fu; Bertell Ollman, Diyalektik Soru\u015fturmalar; Kevin B. Anderson, Lenin, Hegel ve Bat\u0131 Marksizmi; August H. Nimtz, Demokrasi Sava\u015f\u00e7\u0131lar\u0131 Olarak Marx ve Engels; T\u00fclin \u00d6ngen, Prometheus\u2019un S\u00f6nmeyen Ate\u015fi\/G\u00fcn\u00fcm\u00fczde \u0130\u015f\u00e7i S\u0131n\u0131f\u0131; G\u00f6khan At\u0131lgan-E. Attila Aytekin (Haz\u0131rlayanlar), Siyaset Bilimi Kavramlar, \u0130deolojiler, Disiplinler Aras\u0131 \u0130li\u015fkiler; Michel Henry, Marx\u2019a G\u00f6re Sosyalizm; Paul N. Siegel, D\u00fcnya Dinleri ve \u0130ktidar; Nil\u00fcfer G\u00f6le, Sek\u00fcler ve Din : A\u015f\u0131nan S\u0131n\u0131rlar; Ne\u015fecan Balkan, Erol Balkan ve Ahmet \u00d6nc\u00fc (Haz\u0131rlayanlar), Neoliberalizm, \u0130slamc\u0131 Sermayenin Y\u00fckseli\u015fi ve AKP ; Haluk Gerger, ABD, Ortado\u011fu ve T\u00fcrkiye; Vijay Prashad, Arap Bahar\u0131 ve Libya K\u0131\u015f\u0131. \ufffcTan\u0131t\u0131m Metni<\/p>\n","protected":false},"excerpt":{"rendered":"<p>Neyi Nas\u0131l Okumal\u0131? Haluk Yurtsever\u2019in 2007-2014 aras\u0131nda yazd\u0131\u011f\u0131 yirmi kitap tan\u0131tma\/ele\u015ftiri yaz\u0131s\u0131ndan olu\u015fuyor. Yazarlar ve eserleri, kitapta yer ald\u0131klar\u0131 s\u0131rayla \u015f\u00f6yle: G.E.M. de Ste Croix, Antik<span class=\"excerpt-hellip\"> [\u2026]<\/span><\/p>\n","protected":false},"featured_media":0,"template":"","meta":{"_monsterinsights_skip_tracking":false,"_monsterinsights_sitenote_active":false,"_monsterinsights_sitenote_note":"","_monsterinsights_sitenote_category":0},"product_brand":[],"product_cat":[13590,12337],"product_tag":[],"class_list":{"0":"post-703395","1":"product","2":"type-product","3":"status-publish","5":"product_cat-arastirma-inceleme-politika-siyaset","6":"product_cat-politika-siyaset","7":"pa_cilt-ciltsiz","8":"pa_tur-kitap","9":"pa_yayinevi-yordam-kitap","10":"pa_yazar-haluk-yurtsever","12":"first","13":"instock","14":"sale","15":"shipping-taxable","16":"purchasable","17":"product-type-simple"},"_links":{"self":[{"href":"https:\/\/roveyayinevi.com.tr\/index.php\/wp-json\/wp\/v2\/product\/703395","targetHints":{"allow":["GET"]}}],"collection":[{"href":"https:\/\/roveyayinevi.com.tr\/index.php\/wp-json\/wp\/v2\/product"}],"about":[{"href":"https:\/\/roveyayinevi.com.tr\/index.php\/wp-json\/wp\/v2\/types\/product"}],"wp:attachment":[{"href":"https:\/\/roveyayinevi.com.tr\/index.php\/wp-json\/wp\/v2\/media?parent=703395"}],"wp:term":[{"taxonomy":"product_brand","embeddable":true,"href":"https:\/\/roveyayinevi.com.tr\/index.php\/wp-json\/wp\/v2\/product_brand?post=703395"},{"taxonomy":"product_cat","embeddable":true,"href":"https:\/\/roveyayinevi.com.tr\/index.php\/wp-json\/wp\/v2\/product_cat?post=703395"},{"taxonomy":"product_tag","embeddable":true,"href":"https:\/\/roveyayinevi.com.tr\/index.php\/wp-json\/wp\/v2\/product_tag?post=703395"}],"curies":[{"name":"wp","href":"https:\/\/api.w.org\/{rel}","templated":true}]}}