{"id":703394,"date":"2025-08-27T15:25:01","date_gmt":"2025-08-27T12:25:01","guid":{"rendered":"https:\/\/roveyayinevi.com.tr\/index.php\/urun\/demir-konsey\/"},"modified":"2026-04-08T02:16:16","modified_gmt":"2026-04-07T23:16:16","slug":"demir-konsey","status":"publish","type":"product","link":"https:\/\/roveyayinevi.com.tr\/index.php\/urun\/demir-konsey\/","title":{"rendered":"Demir Konsey"},"content":{"rendered":"<p>Britanya bilim kurgu ve fantastik edebiyat\u0131n\u0131n gen\u00e7 ve ba\u015far\u0131l\u0131 ismi China Mi\u00e9ville\u2019in, Perdido Soka\u011f\u0131 \u0130stasyonu ve Yara\u2019n\u0131n ard\u0131ndan, Yeni Crobuzon \u00fc\u00e7lemesinin son kitab\u0131 olarak kurgulad\u0131\u011f\u0131 Demir Konsey; mevcut bask\u0131 rejimine kar\u015f\u0131 ayaklanan \u00e7eteler, \u00f6rg\u00fctler ve direni\u015f\u00e7ilerin sahnede oldu\u011fu, mek\u00e2n ve zaman\u0131n par\u00e7aland\u0131\u011f\u0131 bir sava\u015f ve isyan zaman\u0131na odaklan\u0131yor. Roman, 2005 y\u0131l\u0131nda Arthur C. Clarke \u00f6d\u00fcl\u00fcn\u00fc kazand\u0131, Locus \u00f6d\u00fcllerinde ise En \u0130yi Fantastik Roman se\u00e7ildi. \ufffcTan\u0131t\u0131m Metni<\/p>\n","protected":false},"excerpt":{"rendered":"<p>Britanya bilim kurgu ve fantastik edebiyat\u0131n\u0131n gen\u00e7 ve ba\u015far\u0131l\u0131 ismi China Mi\u00e9ville\u2019in, Perdido Soka\u011f\u0131 \u0130stasyonu ve Yara\u2019n\u0131n ard\u0131ndan, Yeni Crobuzon \u00fc\u00e7lemesinin son kitab\u0131 olarak kurgulad\u0131\u011f\u0131 Demir<span class=\"excerpt-hellip\"> [\u2026]<\/span><\/p>\n","protected":false},"featured_media":0,"template":"","meta":{"_monsterinsights_skip_tracking":false,"_monsterinsights_sitenote_active":false,"_monsterinsights_sitenote_note":"","_monsterinsights_sitenote_category":0},"product_brand":[],"product_cat":[12291,12711],"product_tag":[],"class_list":{"0":"post-703394","1":"product","2":"type-product","3":"status-publish","5":"product_cat-edebiyat","6":"product_cat-roman-oyku","7":"pa_cilt-ciltsiz","8":"pa_tur-kitap","9":"pa_yayinevi-yordam-kitap","10":"pa_yazar-china-mieville","12":"first","13":"instock","14":"sale","15":"shipping-taxable","16":"purchasable","17":"product-type-simple"},"_links":{"self":[{"href":"https:\/\/roveyayinevi.com.tr\/index.php\/wp-json\/wp\/v2\/product\/703394","targetHints":{"allow":["GET"]}}],"collection":[{"href":"https:\/\/roveyayinevi.com.tr\/index.php\/wp-json\/wp\/v2\/product"}],"about":[{"href":"https:\/\/roveyayinevi.com.tr\/index.php\/wp-json\/wp\/v2\/types\/product"}],"wp:attachment":[{"href":"https:\/\/roveyayinevi.com.tr\/index.php\/wp-json\/wp\/v2\/media?parent=703394"}],"wp:term":[{"taxonomy":"product_brand","embeddable":true,"href":"https:\/\/roveyayinevi.com.tr\/index.php\/wp-json\/wp\/v2\/product_brand?post=703394"},{"taxonomy":"product_cat","embeddable":true,"href":"https:\/\/roveyayinevi.com.tr\/index.php\/wp-json\/wp\/v2\/product_cat?post=703394"},{"taxonomy":"product_tag","embeddable":true,"href":"https:\/\/roveyayinevi.com.tr\/index.php\/wp-json\/wp\/v2\/product_tag?post=703394"}],"curies":[{"name":"wp","href":"https:\/\/api.w.org\/{rel}","templated":true}]}}