{"id":703387,"date":"2025-08-27T15:24:58","date_gmt":"2025-08-27T12:24:58","guid":{"rendered":"https:\/\/roveyayinevi.com.tr\/index.php\/urun\/sosyal-haklarin-kuresellesmesi\/"},"modified":"2026-04-16T02:12:36","modified_gmt":"2026-04-15T23:12:36","slug":"sosyal-haklarin-kuresellesmesi","status":"publish","type":"product","link":"https:\/\/roveyayinevi.com.tr\/index.php\/urun\/sosyal-haklarin-kuresellesmesi\/","title":{"rendered":"Sosyal Haklar\u0131n K\u00fcreselle\u015fmesi"},"content":{"rendered":"<p>Bu kitapta, 1919\u2019daki kurulu\u015fundan beri uluslararas\u0131 sosyal a\u011flar\u0131n yarat\u0131c\u0131s\u0131 ve \u00e7e\u015fitli ulusal ve uluslararas\u0131 akt\u00f6rler aras\u0131nda fikir al\u0131\u015fveri\u015finin kolayla\u015ft\u0131r\u0131c\u0131s\u0131 olarak ILO\u2019nun rol\u00fc ele al\u0131nmaktad\u0131r. Uluslararas\u0131 sosyal modellerin ortaya \u00e7\u0131kmas\u0131 ve \u015fekillendirilmesinde, geli\u015ftiren fikirlerin, uzmanl\u0131k bilgisinin ve uygulamalar\u0131n uluslararas\u0131 dola\u015f\u0131m\u0131nda, ILO\u2019nun oynad\u0131\u011f\u0131 rol vurgulanmakta, modellerin ulusal ve yerel d\u00fczeyde toplum \u00fczerindeki etkisi incelenmektedir. \u00c7a\u011fda\u015f d\u00fcnyan\u0131n \u015fekillendirilmesinde ve k\u00fcresel bir sivil toplumun olu\u015fturulmas\u0131nda uluslararas\u0131 \u00f6rg\u00fctlerin etkisini ILO \u00f6rne\u011finde analiz edilmektedir. <\/p>\n","protected":false},"excerpt":{"rendered":"<p>Bu kitapta, 1919\u2019daki kurulu\u015fundan beri uluslararas\u0131 sosyal a\u011flar\u0131n yarat\u0131c\u0131s\u0131 ve \u00e7e\u015fitli ulusal ve uluslararas\u0131 akt\u00f6rler aras\u0131nda fikir al\u0131\u015fveri\u015finin kolayla\u015ft\u0131r\u0131c\u0131s\u0131 olarak ILO\u2019nun rol\u00fc ele al\u0131nmaktad\u0131r. Uluslararas\u0131 sosyal<span class=\"excerpt-hellip\"> [\u2026]<\/span><\/p>\n","protected":false},"featured_media":0,"template":"","meta":{"_monsterinsights_skip_tracking":false,"_monsterinsights_sitenote_active":false,"_monsterinsights_sitenote_note":"","_monsterinsights_sitenote_category":0},"product_brand":[],"product_cat":[12325,12324],"product_tag":[],"class_list":{"0":"post-703387","1":"product","2":"type-product","3":"status-publish","5":"product_cat-diger-sosyoloji","6":"product_cat-sosyoloji","7":"pa_tur-kitap","8":"pa_yayinevi-efil-yayinevi","9":"pa_yazar-kolektif","11":"first","12":"instock","13":"sale","14":"shipping-taxable","15":"purchasable","16":"product-type-simple"},"_links":{"self":[{"href":"https:\/\/roveyayinevi.com.tr\/index.php\/wp-json\/wp\/v2\/product\/703387","targetHints":{"allow":["GET"]}}],"collection":[{"href":"https:\/\/roveyayinevi.com.tr\/index.php\/wp-json\/wp\/v2\/product"}],"about":[{"href":"https:\/\/roveyayinevi.com.tr\/index.php\/wp-json\/wp\/v2\/types\/product"}],"wp:attachment":[{"href":"https:\/\/roveyayinevi.com.tr\/index.php\/wp-json\/wp\/v2\/media?parent=703387"}],"wp:term":[{"taxonomy":"product_brand","embeddable":true,"href":"https:\/\/roveyayinevi.com.tr\/index.php\/wp-json\/wp\/v2\/product_brand?post=703387"},{"taxonomy":"product_cat","embeddable":true,"href":"https:\/\/roveyayinevi.com.tr\/index.php\/wp-json\/wp\/v2\/product_cat?post=703387"},{"taxonomy":"product_tag","embeddable":true,"href":"https:\/\/roveyayinevi.com.tr\/index.php\/wp-json\/wp\/v2\/product_tag?post=703387"}],"curies":[{"name":"wp","href":"https:\/\/api.w.org\/{rel}","templated":true}]}}