{"id":703382,"date":"2025-08-27T15:24:56","date_gmt":"2025-08-27T12:24:56","guid":{"rendered":"https:\/\/roveyayinevi.com.tr\/index.php\/urun\/alti-bardakta-dunya-tarihi\/"},"modified":"2026-04-16T02:12:35","modified_gmt":"2026-04-15T23:12:35","slug":"alti-bardakta-dunya-tarihi","status":"publish","type":"product","link":"https:\/\/roveyayinevi.com.tr\/index.php\/urun\/alti-bardakta-dunya-tarihi\/","title":{"rendered":"Alt\u0131 Bardakta D\u00fcnya Tarihi"},"content":{"rendered":"<p>Bir bardak suda f\u0131rt\u0131na de\u011fil, isyanlar, ayaklanmalar, sava\u015flar kopuyor bu kitapta&#8230; D\u00fcnya tarihine elinizdeki bir barda\u011f\u0131n i\u00e7indeki s\u0131v\u0131ya e\u011filerek bakmak&#8230; Bir bardaktan ge\u00e7en kare yelkenli ke\u015fif gemilerini, Afrika i\u00e7lerinde avlan\u0131p tekneleri ambarlar\u0131na doldurulmu\u015f siyahlar\u0131, k\u00f6le t\u00fcccarlar\u0131n\u0131, laboratuvarlar\u0131na kapanm\u0131\u015f simyac\u0131lar\u0131, ate\u015f pahas\u0131 \u00e7ay y\u00fcks\u00fck b\u00fcy\u00fckl\u00fc\u011f\u00fcndeki fincanlarda i\u00e7en aristokratlar\u0131, sava\u015f meydanlar\u0131ndaki kola albaylar\u0131n\u0131 seyretmek&#8230; Tom Standage bu kitapta bunu yap\u0131yor. \u201cNas\u0131l ki, arkeologlar kullan\u0131lan malzemeler temelinde tarihi ta\u015f \u00e7a\u011f\u0131, bronz \u00e7a\u011f\u0131, demir \u00e7a\u011f\u0131 vb d\u00f6nemlere ay\u0131r\u0131yorlarsa\u201d diyor, \u201cd\u00fcnya tarihini farkl\u0131 i\u00e7kilerin egemen oldu\u011fu d\u00f6nemlere ay\u0131rmak da m\u00fcmk\u00fcn.\u201d Ve ay\u0131r\u0131yor da: bira \u00e7a\u011f\u0131, \u015farap \u00e7a\u011f\u0131, dam\u0131t\u0131k i\u00e7kiler \u00e7a\u011f\u0131, kahve \u00e7a\u011f\u0131, \u00e7ay \u00e7a\u011f\u0131, kola \u00e7a\u011f\u0131. Elinizdeki barda\u011f\u0131n \u2013ya da kadehin\u2013 i\u00e7indeki s\u0131v\u0131 yukar\u0131dakilerden hangisi olursa olsun bu kitab\u0131 okuduktan sonra ona bir daha eskisi gibi bakamayacaks\u0131n\u0131z. \u201cAntik \u00e7a\u011flardan ba\u015flay\u0131p modern zamanlara uzanan, b\u00fct\u00fcn bir tarih hakk\u0131nda okurunu eksiksiz bilgilendiren ve ikna edebilen, bu kadar e\u011flenceli ba\u015fka bir kitap yok\u2026\u201d LA Times   \u201cStandage, k\u00fc\u00e7\u00fck ayr\u0131nt\u0131lar\u0131 tarihteki b\u00fcy\u00fck de\u011fi\u015fikliklerle ili\u015fkilendirme konusunda, \u00e7ok nadir g\u00f6r\u00fclen esrarengiz yetene\u011fe sahip bir yazar.\u201d Financial Post <\/p>\n","protected":false},"excerpt":{"rendered":"<p>Bir bardak suda f\u0131rt\u0131na de\u011fil, isyanlar, ayaklanmalar, sava\u015flar kopuyor bu kitapta&#8230; D\u00fcnya tarihine elinizdeki bir barda\u011f\u0131n i\u00e7indeki s\u0131v\u0131ya e\u011filerek bakmak&#8230; Bir bardaktan ge\u00e7en kare yelkenli ke\u015fif<span class=\"excerpt-hellip\"> [\u2026]<\/span><\/p>\n","protected":false},"featured_media":0,"template":"","meta":{"_monsterinsights_skip_tracking":false,"_monsterinsights_sitenote_active":false,"_monsterinsights_sitenote_note":"","_monsterinsights_sitenote_category":0},"product_brand":[],"product_cat":[12370,12304],"product_tag":[],"class_list":{"0":"post-703382","1":"product","2":"type-product","3":"status-publish","5":"product_cat-arastirma-inceleme","6":"product_cat-tarih","7":"pa_cilt-ciltsiz","8":"pa_tur-kitap","9":"pa_yayinevi-kirmizi-kedi-yayinevi","10":"pa_yazar-tom-standage","12":"first","13":"instock","14":"sale","15":"shipping-taxable","16":"purchasable","17":"product-type-simple"},"_links":{"self":[{"href":"https:\/\/roveyayinevi.com.tr\/index.php\/wp-json\/wp\/v2\/product\/703382","targetHints":{"allow":["GET"]}}],"collection":[{"href":"https:\/\/roveyayinevi.com.tr\/index.php\/wp-json\/wp\/v2\/product"}],"about":[{"href":"https:\/\/roveyayinevi.com.tr\/index.php\/wp-json\/wp\/v2\/types\/product"}],"wp:attachment":[{"href":"https:\/\/roveyayinevi.com.tr\/index.php\/wp-json\/wp\/v2\/media?parent=703382"}],"wp:term":[{"taxonomy":"product_brand","embeddable":true,"href":"https:\/\/roveyayinevi.com.tr\/index.php\/wp-json\/wp\/v2\/product_brand?post=703382"},{"taxonomy":"product_cat","embeddable":true,"href":"https:\/\/roveyayinevi.com.tr\/index.php\/wp-json\/wp\/v2\/product_cat?post=703382"},{"taxonomy":"product_tag","embeddable":true,"href":"https:\/\/roveyayinevi.com.tr\/index.php\/wp-json\/wp\/v2\/product_tag?post=703382"}],"curies":[{"name":"wp","href":"https:\/\/api.w.org\/{rel}","templated":true}]}}