{"id":703381,"date":"2025-08-27T15:24:56","date_gmt":"2025-08-27T12:24:56","guid":{"rendered":"https:\/\/roveyayinevi.com.tr\/index.php\/urun\/yasar-ne-yasar-ne-yasamaz\/"},"modified":"2026-04-16T02:12:35","modified_gmt":"2026-04-15T23:12:35","slug":"yasar-ne-yasar-ne-yasamaz","status":"publish","type":"product","link":"https:\/\/roveyayinevi.com.tr\/index.php\/urun\/yasar-ne-yasar-ne-yasamaz\/","title":{"rendered":"Ya\u015far Ne Ya\u015far Ne Ya\u015famaz"},"content":{"rendered":"<p>Aziz Nesin Ya\u015far Ne Ya\u015far Ne Ya\u015famaz\u2019\u0131 \u00f6nce radyo oyunu olarak yazd\u0131. Kazand\u0131\u011f\u0131 b\u00fcy\u00fck ba\u015far\u0131 \u00fcst\u00fcne sahne oyunu haline getirdi. Israrlar \u00fczerine senaryosunu yazd\u0131; \u00e7o\u011fu tiyatrocudan oldu\u011fu gibi, bu kez de filmciden telif hakk\u0131n\u0131 alamad\u0131. Bir haftal\u0131k gazetede \u00e7izgi roman\u0131 yay\u0131mland\u0131. Ard\u0131ndan televizyon senaryosunu yazd\u0131. Okurlar\u0131n iste\u011fi, \u00e7evrenin bask\u0131s\u0131 art\u0131nca sonunda Ya\u015far Ya\u015famaz, \u015fu an elinizde tuttu\u011funuz roman oldu.<\/p>\n","protected":false},"excerpt":{"rendered":"<p>Aziz Nesin Ya\u015far Ne Ya\u015far Ne Ya\u015famaz\u2019\u0131 \u00f6nce radyo oyunu olarak yazd\u0131. Kazand\u0131\u011f\u0131 b\u00fcy\u00fck ba\u015far\u0131 \u00fcst\u00fcne sahne oyunu haline getirdi. Israrlar \u00fczerine senaryosunu yazd\u0131; \u00e7o\u011fu tiyatrocudan<span class=\"excerpt-hellip\"> [\u2026]<\/span><\/p>\n","protected":false},"featured_media":0,"template":"","meta":{"_monsterinsights_skip_tracking":false,"_monsterinsights_sitenote_active":false,"_monsterinsights_sitenote_note":"","_monsterinsights_sitenote_category":0},"product_brand":[],"product_cat":[12477,12364],"product_tag":[],"class_list":{"0":"post-703381","1":"product","2":"type-product","3":"status-publish","5":"product_cat-eglence-mizah","6":"product_cat-genel-konular","7":"pa_cilt-ciltsiz","8":"pa_tur-kitap","9":"pa_yayinevi-nesin-yayinlari","10":"pa_yazar-aziz-nesin","12":"first","13":"instock","14":"sale","15":"shipping-taxable","16":"purchasable","17":"product-type-simple"},"_links":{"self":[{"href":"https:\/\/roveyayinevi.com.tr\/index.php\/wp-json\/wp\/v2\/product\/703381","targetHints":{"allow":["GET"]}}],"collection":[{"href":"https:\/\/roveyayinevi.com.tr\/index.php\/wp-json\/wp\/v2\/product"}],"about":[{"href":"https:\/\/roveyayinevi.com.tr\/index.php\/wp-json\/wp\/v2\/types\/product"}],"wp:attachment":[{"href":"https:\/\/roveyayinevi.com.tr\/index.php\/wp-json\/wp\/v2\/media?parent=703381"}],"wp:term":[{"taxonomy":"product_brand","embeddable":true,"href":"https:\/\/roveyayinevi.com.tr\/index.php\/wp-json\/wp\/v2\/product_brand?post=703381"},{"taxonomy":"product_cat","embeddable":true,"href":"https:\/\/roveyayinevi.com.tr\/index.php\/wp-json\/wp\/v2\/product_cat?post=703381"},{"taxonomy":"product_tag","embeddable":true,"href":"https:\/\/roveyayinevi.com.tr\/index.php\/wp-json\/wp\/v2\/product_tag?post=703381"}],"curies":[{"name":"wp","href":"https:\/\/api.w.org\/{rel}","templated":true}]}}