{"id":703380,"date":"2025-08-27T15:24:55","date_gmt":"2025-08-27T12:24:55","guid":{"rendered":"https:\/\/roveyayinevi.com.tr\/index.php\/urun\/yeni-kapitalizmin-kulturu\/"},"modified":"2026-04-16T02:12:35","modified_gmt":"2026-04-15T23:12:35","slug":"yeni-kapitalizmin-kulturu","status":"publish","type":"product","link":"https:\/\/roveyayinevi.com.tr\/index.php\/urun\/yeni-kapitalizmin-kulturu\/","title":{"rendered":"Yeni Kapitalizmin K\u00fclt\u00fcr\u00fc"},"content":{"rendered":"<p>B\u00fcy\u00fck fikirlerle \u00f6zg\u00fcl olaylar aras\u0131nda yolunu hep ustal\u0131kla \u00e7izen, her \u00e7al\u0131\u015fmas\u0131nda g\u00fcn\u00fcm\u00fcz toplumlar\u0131n\u0131n derinliklerine a\u00e7\u0131lan yeni kap\u0131lar\u0131n anahtarlar\u0131n\u0131 bize sunan Richard Sennett, Yale \u00dcniversitesi\u2019nde ger\u00e7ekle\u015ftirilen Castle Konferanslar\u0131 kapsam\u0131ndaki sunumlar\u0131ndan olu\u015fan bu kitab\u0131nda da \u00f6z olarak emek sermaye ili\u015fkilerinin ald\u0131\u011f\u0131 yeni bi\u00e7imler \u00fczerinde yo\u011funla\u015f\u0131yor. Kitab\u0131n Giri\u015f\u2019inde, \u0130\u015fyerindeki iktidar ve otorite ili\u015fkisine ge\u00e7mi\u015ftekinden daha fazla kafa yormam gerekti. Ge\u00e7mi\u015fe bakmak beni ileri bakmaya, hem zihinsel emekteki hem de kol eme\u011findeki zanaat\u00e7\u0131l\u0131k ruhunu yeniden ke\u015ffetmeye y\u00f6neltti diyor Sennett. Sennett Yeni Kapitalizmin K\u00fclt\u00fcr\u00fc\u2019ndeki temel tezini \u015f\u00f6yle \u00f6zetliyor: Yeni kapitalizmin havarileri&#8230; i\u015f, yetenek, t\u00fcketim konular\u0131n\u0131 kendi ele al\u0131\u015f bi\u00e7imlerinin, modern topluma daha fazla \u00f6zg\u00fcrl\u00fck, ak\u0131c\u0131 bir \u00f6zg\u00fcrl\u00fck katt\u0131\u011f\u0131n\u0131 iddia ediyor. Bu insanlarla aramdaki \u00e7eki\u015fme onlar\u0131n \u2018yeni\u2019 yorumunun do\u011fru olup olmad\u0131\u011f\u0131 konusunda de\u011fil; kurumlar, beceriler ve t\u00fcketim kal\u0131plar\u0131 ger\u00e7ekten de\u011fi\u015fti. Benim iddiam, bu de\u011fi\u015fimlerin insanlar\u0131 \u00f6zg\u00fcrl\u00fc\u011fe kavu\u015fturmad\u0131\u011f\u0131. Ancak hik\u00e2ye burada bitmiyor elbette. Bu kitap, keskin g\u00f6zlem ve analizleriyle, okuru sarsan ve \u015fa\u015f\u0131rtan g\u00f6r\u00fc\u015fleriyle ayr\u0131 bir Sennett klasi\u011fi niteli\u011fi ta\u015f\u0131yor. \ufffcTan\u0131t\u0131m Metni<\/p>\n","protected":false},"excerpt":{"rendered":"<p>B\u00fcy\u00fck fikirlerle \u00f6zg\u00fcl olaylar aras\u0131nda yolunu hep ustal\u0131kla \u00e7izen, her \u00e7al\u0131\u015fmas\u0131nda g\u00fcn\u00fcm\u00fcz toplumlar\u0131n\u0131n derinliklerine a\u00e7\u0131lan yeni kap\u0131lar\u0131n anahtarlar\u0131n\u0131 bize sunan Richard Sennett, Yale \u00dcniversitesi\u2019nde ger\u00e7ekle\u015ftirilen Castle<span class=\"excerpt-hellip\"> [\u2026]<\/span><\/p>\n","protected":false},"featured_media":0,"template":"","meta":{"_monsterinsights_skip_tracking":false,"_monsterinsights_sitenote_active":false,"_monsterinsights_sitenote_note":"","_monsterinsights_sitenote_category":0},"product_brand":[],"product_cat":[12777,12291],"product_tag":[],"class_list":{"0":"post-703380","1":"product","2":"type-product","3":"status-publish","5":"product_cat-deneme","6":"product_cat-edebiyat","7":"pa_cilt-ciltsiz","8":"pa_tur-kitap","9":"pa_yayinevi-ayrinti-yayinlari","10":"pa_yazar-richard-sennett","12":"first","13":"instock","14":"sale","15":"shipping-taxable","16":"purchasable","17":"product-type-simple"},"_links":{"self":[{"href":"https:\/\/roveyayinevi.com.tr\/index.php\/wp-json\/wp\/v2\/product\/703380","targetHints":{"allow":["GET"]}}],"collection":[{"href":"https:\/\/roveyayinevi.com.tr\/index.php\/wp-json\/wp\/v2\/product"}],"about":[{"href":"https:\/\/roveyayinevi.com.tr\/index.php\/wp-json\/wp\/v2\/types\/product"}],"wp:attachment":[{"href":"https:\/\/roveyayinevi.com.tr\/index.php\/wp-json\/wp\/v2\/media?parent=703380"}],"wp:term":[{"taxonomy":"product_brand","embeddable":true,"href":"https:\/\/roveyayinevi.com.tr\/index.php\/wp-json\/wp\/v2\/product_brand?post=703380"},{"taxonomy":"product_cat","embeddable":true,"href":"https:\/\/roveyayinevi.com.tr\/index.php\/wp-json\/wp\/v2\/product_cat?post=703380"},{"taxonomy":"product_tag","embeddable":true,"href":"https:\/\/roveyayinevi.com.tr\/index.php\/wp-json\/wp\/v2\/product_tag?post=703380"}],"curies":[{"name":"wp","href":"https:\/\/api.w.org\/{rel}","templated":true}]}}