{"id":703378,"date":"2025-08-27T15:24:55","date_gmt":"2025-08-27T12:24:55","guid":{"rendered":"https:\/\/roveyayinevi.com.tr\/index.php\/urun\/su-soyle-bana-neden\/"},"modified":"2026-04-16T02:12:35","modified_gmt":"2026-04-15T23:12:35","slug":"su-soyle-bana-neden","status":"publish","type":"product","link":"https:\/\/roveyayinevi.com.tr\/index.php\/urun\/su-soyle-bana-neden\/","title":{"rendered":"Su &#8211; S\u00f6yle Bana Neden?"},"content":{"rendered":"<p>Suyun \u00f6neminin yeterince fark\u0131nda m\u0131y\u0131z? Su olmadan ya\u015fam olur muydu? \u00c7ocuklar\u0131m\u0131z\u0131n su hakk\u0131nda bilmek isteyece\u011fi her\u015fey bu kitapta. <\/p>\n","protected":false},"excerpt":{"rendered":"<p>Suyun \u00f6neminin yeterince fark\u0131nda m\u0131y\u0131z? Su olmadan ya\u015fam olur muydu? \u00c7ocuklar\u0131m\u0131z\u0131n su hakk\u0131nda bilmek isteyece\u011fi her\u015fey bu kitapta.<\/p>\n","protected":false},"featured_media":0,"template":"","meta":{"_monsterinsights_skip_tracking":false,"_monsterinsights_sitenote_active":false,"_monsterinsights_sitenote_note":"","_monsterinsights_sitenote_category":0},"product_brand":[],"product_cat":[12644,12274],"product_tag":[],"class_list":{"0":"post-703378","1":"product","2":"type-product","3":"status-publish","5":"product_cat-boyama-kitaplari","6":"product_cat-cocuk-ve-genclik-kitaplari","7":"pa_tur-kitap","8":"pa_yayinevi-odtu-gelistirme-vakfi-yayincilik","9":"pa_yazar-mireille-fronty","11":"first","12":"instock","13":"sale","14":"shipping-taxable","15":"purchasable","16":"product-type-simple"},"_links":{"self":[{"href":"https:\/\/roveyayinevi.com.tr\/index.php\/wp-json\/wp\/v2\/product\/703378","targetHints":{"allow":["GET"]}}],"collection":[{"href":"https:\/\/roveyayinevi.com.tr\/index.php\/wp-json\/wp\/v2\/product"}],"about":[{"href":"https:\/\/roveyayinevi.com.tr\/index.php\/wp-json\/wp\/v2\/types\/product"}],"wp:attachment":[{"href":"https:\/\/roveyayinevi.com.tr\/index.php\/wp-json\/wp\/v2\/media?parent=703378"}],"wp:term":[{"taxonomy":"product_brand","embeddable":true,"href":"https:\/\/roveyayinevi.com.tr\/index.php\/wp-json\/wp\/v2\/product_brand?post=703378"},{"taxonomy":"product_cat","embeddable":true,"href":"https:\/\/roveyayinevi.com.tr\/index.php\/wp-json\/wp\/v2\/product_cat?post=703378"},{"taxonomy":"product_tag","embeddable":true,"href":"https:\/\/roveyayinevi.com.tr\/index.php\/wp-json\/wp\/v2\/product_tag?post=703378"}],"curies":[{"name":"wp","href":"https:\/\/api.w.org\/{rel}","templated":true}]}}