{"id":703376,"date":"2025-08-27T15:24:54","date_gmt":"2025-08-27T12:24:54","guid":{"rendered":"https:\/\/roveyayinevi.com.tr\/index.php\/urun\/strateji-ciltli\/"},"modified":"2026-04-16T02:12:35","modified_gmt":"2026-04-15T23:12:35","slug":"strateji-ciltli","status":"publish","type":"product","link":"https:\/\/roveyayinevi.com.tr\/index.php\/urun\/strateji-ciltli\/","title":{"rendered":"Strateji (Ciltli)"},"content":{"rendered":"<p>Stratejinin \u00f6z\u00fcnde, kontrol\u00fcm\u00fcz\u00fcn d\u0131\u015f\u0131ndaki g\u00fc\u00e7lerin kurban\u0131 olmak yerine \u00e7evremizi \u015fekillendirip \u00e7\u0131kar\u0131m\u0131z do\u011frultusunda kullan\u0131p kullanamayaca\u011f\u0131m\u0131z sorusu yatar. \u015eansa ba\u011fl\u0131 olaylara, taraflar\u0131n \u00e7abalar\u0131na ve dostlar\u0131n yanl\u0131\u015f ad\u0131mlar\u0131na ba\u011fl\u0131 \u00e7evre stratejiyi zorlu k\u0131lan, ona dram katan unsurdur.  Lawrence Freedman bu s\u00fcr\u00fckleyici ve ayd\u0131nlat\u0131c\u0131 kitapta stratejik d\u00fc\u015f\u00fcncenin ya\u015fam\u0131m\u0131z\u0131n her boyutuna nas\u0131l sindi\u011fini g\u00f6steriyor. Ba\u015flang\u0131\u00e7tan itibaren Kutsal Kitap, eski Yunan mitleri, Sun Tzu ve Machievelli\u2019ye stratejik d\u00fc\u015f\u00fcncenin s\u0131rlar\u0131n\u0131 payla\u015f\u0131yor. Askeri strateji b\u00f6l\u00fcm\u00fc ise okurlar\u0131 Carl von Clausewitz\u2019in yaz\u0131lar\u0131ndan 1950\u2019lerin n\u00fckleer stratejistlerine g\u00f6t\u00fcr\u00fcyor. Siyasi strateji analizimiz Marx\u2019in devrim niteli\u011findeki siyaset analiziyle ba\u015flay\u0131p Obama\u2019n\u0131n ba\u015fkanl\u0131k kampanyalar\u0131yla son buluyor.  \u0130\u015f stratejisine ayr\u0131lan b\u00f6l\u00fcm ise ayr\u0131nt\u0131l\u0131 bir tarih\u00e7eyle, Frederick Winslow Taylor\u2019dan Alfred Sloan\u2019a en \u00f6nemli yenilik\u00e7ileri kaps\u0131yor.   \u201cBu muhte\u015fem bir kitap \u2013  berrak ve tarafs\u0131z, bazen h\u00fcz\u00fcnl\u00fc, \u00e7o\u011fu kez ironik ve her zaman bilgilendirici.\u201d \u2013 Philipp Bobbitt, The Shields of Achilles\u2019in yazar\u0131 \u201cStratejik d\u00fc\u015f\u00fcnmenin farkl\u0131 ba\u011flamlarda \u00e7a\u011flar boyunca s\u00fcren anlam, i\u00e7erim ve etkileri \u00fczerine m\u00fcthi\u015f bir grand tour.\u201d \u2013Robert Jervis, Columbia \u00dcniversitesi \u201cBu kitap Lawrence Freedman\u2019\u0131n strateji \u00fczerine d\u00fcnyan\u0131n \u00f6nde gelen d\u00fc\u015f\u00fcn\u00fcrlerinden oldu\u011funu bir kez daha kan\u0131tl\u0131yor..\u201d \u2013 Joseph S. Nye, Jr., Harvard \u00dcniversitesi, The Future of Power\u2019\u0131n yazar\u0131 <\/p>\n","protected":false},"excerpt":{"rendered":"<p>Stratejinin \u00f6z\u00fcnde, kontrol\u00fcm\u00fcz\u00fcn d\u0131\u015f\u0131ndaki g\u00fc\u00e7lerin kurban\u0131 olmak yerine \u00e7evremizi \u015fekillendirip \u00e7\u0131kar\u0131m\u0131z do\u011frultusunda kullan\u0131p kullanamayaca\u011f\u0131m\u0131z sorusu yatar. \u015eansa ba\u011fl\u0131 olaylara, taraflar\u0131n \u00e7abalar\u0131na ve dostlar\u0131n yanl\u0131\u015f ad\u0131mlar\u0131na ba\u011fl\u0131<span class=\"excerpt-hellip\"> [\u2026]<\/span><\/p>\n","protected":false},"featured_media":0,"template":"","meta":{"_monsterinsights_skip_tracking":false,"_monsterinsights_sitenote_active":false,"_monsterinsights_sitenote_note":"","_monsterinsights_sitenote_category":0},"product_brand":[],"product_cat":[12305,12304],"product_tag":[],"class_list":{"0":"post-703376","1":"product","2":"type-product","3":"status-publish","5":"product_cat-dunya-tarihi","6":"product_cat-tarih","7":"pa_cilt-ciltli","8":"pa_tur-kitap","9":"pa_yayinevi-alfa-yayinlari","10":"pa_yazar-lawrence-freedman","12":"first","13":"instock","14":"sale","15":"shipping-taxable","16":"purchasable","17":"product-type-simple"},"_links":{"self":[{"href":"https:\/\/roveyayinevi.com.tr\/index.php\/wp-json\/wp\/v2\/product\/703376","targetHints":{"allow":["GET"]}}],"collection":[{"href":"https:\/\/roveyayinevi.com.tr\/index.php\/wp-json\/wp\/v2\/product"}],"about":[{"href":"https:\/\/roveyayinevi.com.tr\/index.php\/wp-json\/wp\/v2\/types\/product"}],"wp:attachment":[{"href":"https:\/\/roveyayinevi.com.tr\/index.php\/wp-json\/wp\/v2\/media?parent=703376"}],"wp:term":[{"taxonomy":"product_brand","embeddable":true,"href":"https:\/\/roveyayinevi.com.tr\/index.php\/wp-json\/wp\/v2\/product_brand?post=703376"},{"taxonomy":"product_cat","embeddable":true,"href":"https:\/\/roveyayinevi.com.tr\/index.php\/wp-json\/wp\/v2\/product_cat?post=703376"},{"taxonomy":"product_tag","embeddable":true,"href":"https:\/\/roveyayinevi.com.tr\/index.php\/wp-json\/wp\/v2\/product_tag?post=703376"}],"curies":[{"name":"wp","href":"https:\/\/api.w.org\/{rel}","templated":true}]}}