{"id":703373,"date":"2025-08-27T15:24:53","date_gmt":"2025-08-27T12:24:53","guid":{"rendered":"https:\/\/roveyayinevi.com.tr\/index.php\/urun\/samanlar-ve-semboller-kaya-resmi-ve-gostergebilim\/"},"modified":"2026-04-16T02:12:35","modified_gmt":"2026-04-15T23:12:35","slug":"samanlar-ve-semboller-kaya-resmi-ve-gostergebilim","status":"publish","type":"product","link":"https:\/\/roveyayinevi.com.tr\/index.php\/urun\/samanlar-ve-semboller-kaya-resmi-ve-gostergebilim\/","title":{"rendered":"\u015eamanlar ve Semboller &#8211; Kaya Resmi ve G\u00f6stergebilim"},"content":{"rendered":"<p>\u00dclkemizde Avrasya&#8217;da \u015eamanlar adl\u0131 \u00e7al\u0131\u015fmas\u0131 ile tan\u0131d\u0131\u011f\u0131m\u0131z Mihaly Hoppal, \u015eamanlar ve Semboller&#8217;de tarih\u00f6ncesine ait kaya resimleri ile \u015eamanizm aras\u0131ndaki ili\u015fkiyi mercek alt\u0131na al\u0131yor. \ufffcTan\u0131t\u0131m Metni<\/p>\n","protected":false},"excerpt":{"rendered":"<p>\u00dclkemizde Avrasya&#8217;da \u015eamanlar adl\u0131 \u00e7al\u0131\u015fmas\u0131 ile tan\u0131d\u0131\u011f\u0131m\u0131z Mihaly Hoppal, \u015eamanlar ve Semboller&#8217;de tarih\u00f6ncesine ait kaya resimleri ile \u015eamanizm aras\u0131ndaki ili\u015fkiyi mercek alt\u0131na al\u0131yor. \ufffcTan\u0131t\u0131m Metni<\/p>\n","protected":false},"featured_media":0,"template":"","meta":{"_monsterinsights_skip_tracking":false,"_monsterinsights_sitenote_active":false,"_monsterinsights_sitenote_note":"","_monsterinsights_sitenote_category":0},"product_brand":[],"product_cat":[12408,14197],"product_tag":[],"class_list":{"0":"post-703373","1":"product","2":"type-product","3":"status-publish","5":"product_cat-sanat","6":"product_cat-sanat-tarihi","7":"pa_cilt-ciltsiz","8":"pa_tur-kitap","9":"pa_yayinevi-yapi-kredi-yayinlari","10":"pa_yazar-mihaly-hoppal","12":"first","13":"instock","14":"sale","15":"shipping-taxable","16":"purchasable","17":"product-type-simple"},"_links":{"self":[{"href":"https:\/\/roveyayinevi.com.tr\/index.php\/wp-json\/wp\/v2\/product\/703373","targetHints":{"allow":["GET"]}}],"collection":[{"href":"https:\/\/roveyayinevi.com.tr\/index.php\/wp-json\/wp\/v2\/product"}],"about":[{"href":"https:\/\/roveyayinevi.com.tr\/index.php\/wp-json\/wp\/v2\/types\/product"}],"wp:attachment":[{"href":"https:\/\/roveyayinevi.com.tr\/index.php\/wp-json\/wp\/v2\/media?parent=703373"}],"wp:term":[{"taxonomy":"product_brand","embeddable":true,"href":"https:\/\/roveyayinevi.com.tr\/index.php\/wp-json\/wp\/v2\/product_brand?post=703373"},{"taxonomy":"product_cat","embeddable":true,"href":"https:\/\/roveyayinevi.com.tr\/index.php\/wp-json\/wp\/v2\/product_cat?post=703373"},{"taxonomy":"product_tag","embeddable":true,"href":"https:\/\/roveyayinevi.com.tr\/index.php\/wp-json\/wp\/v2\/product_tag?post=703373"}],"curies":[{"name":"wp","href":"https:\/\/api.w.org\/{rel}","templated":true}]}}