{"id":703371,"date":"2025-08-27T15:24:52","date_gmt":"2025-08-27T12:24:52","guid":{"rendered":"https:\/\/roveyayinevi.com.tr\/index.php\/urun\/pardon-neye-bakmistiniz\/"},"modified":"2026-04-16T02:12:35","modified_gmt":"2026-04-15T23:12:35","slug":"pardon-neye-bakmistiniz","status":"publish","type":"product","link":"https:\/\/roveyayinevi.com.tr\/index.php\/urun\/pardon-neye-bakmistiniz\/","title":{"rendered":"Pardon Neye Bakm\u0131\u015ft\u0131n\u0131z?"},"content":{"rendered":"<p>BBC\u2019nin sanat edit\u00f6r\u00fc Will Gompertz bu kitab\u0131nda okuru sanat tarihinde heyecanl\u0131 bir tura \u00e7\u0131kar\u0131p modern sanata bak\u0131\u015f\u0131n\u0131 de\u011fi\u015ftiriyor. <\/p>\n","protected":false},"excerpt":{"rendered":"<p>BBC\u2019nin sanat edit\u00f6r\u00fc Will Gompertz bu kitab\u0131nda okuru sanat tarihinde heyecanl\u0131 bir tura \u00e7\u0131kar\u0131p modern sanata bak\u0131\u015f\u0131n\u0131 de\u011fi\u015ftiriyor.<\/p>\n","protected":false},"featured_media":0,"template":"","meta":{"_monsterinsights_skip_tracking":false,"_monsterinsights_sitenote_active":false,"_monsterinsights_sitenote_note":"","_monsterinsights_sitenote_category":0},"product_brand":[],"product_cat":[12408,14197],"product_tag":[],"class_list":{"0":"post-703371","1":"product","2":"type-product","3":"status-publish","5":"product_cat-sanat","6":"product_cat-sanat-tarihi","7":"pa_cilt-ciltsiz","8":"pa_tur-kitap","9":"pa_yayinevi-yapi-kredi-yayinlari","10":"pa_yazar-will-gompertz","12":"first","13":"instock","14":"sale","15":"shipping-taxable","16":"purchasable","17":"product-type-simple"},"_links":{"self":[{"href":"https:\/\/roveyayinevi.com.tr\/index.php\/wp-json\/wp\/v2\/product\/703371","targetHints":{"allow":["GET"]}}],"collection":[{"href":"https:\/\/roveyayinevi.com.tr\/index.php\/wp-json\/wp\/v2\/product"}],"about":[{"href":"https:\/\/roveyayinevi.com.tr\/index.php\/wp-json\/wp\/v2\/types\/product"}],"wp:attachment":[{"href":"https:\/\/roveyayinevi.com.tr\/index.php\/wp-json\/wp\/v2\/media?parent=703371"}],"wp:term":[{"taxonomy":"product_brand","embeddable":true,"href":"https:\/\/roveyayinevi.com.tr\/index.php\/wp-json\/wp\/v2\/product_brand?post=703371"},{"taxonomy":"product_cat","embeddable":true,"href":"https:\/\/roveyayinevi.com.tr\/index.php\/wp-json\/wp\/v2\/product_cat?post=703371"},{"taxonomy":"product_tag","embeddable":true,"href":"https:\/\/roveyayinevi.com.tr\/index.php\/wp-json\/wp\/v2\/product_tag?post=703371"}],"curies":[{"name":"wp","href":"https:\/\/api.w.org\/{rel}","templated":true}]}}