{"id":703367,"date":"2025-08-27T15:24:50","date_gmt":"2025-08-27T12:24:50","guid":{"rendered":"https:\/\/roveyayinevi.com.tr\/index.php\/urun\/sevgi-neredeyse-tanri-oradadir\/"},"modified":"2026-04-16T02:12:35","modified_gmt":"2026-04-15T23:12:35","slug":"sevgi-neredeyse-tanri-oradadir","status":"publish","type":"product","link":"https:\/\/roveyayinevi.com.tr\/index.php\/urun\/sevgi-neredeyse-tanri-oradadir\/","title":{"rendered":"Sevgi Neredeyse Tanr\u0131 Oradad\u0131r"},"content":{"rendered":"<p>Bu kitap Tolstoy\u2019un \u00f6mr\u00fcn\u00fcn son yirmi be\u015f y\u0131l\u0131nda yazd\u0131\u011f\u0131 \u201cSevgi Neredeyse Tanr\u0131 Oradad\u0131r\u201d, \u201cPoliku\u015fka\u201d, \u201c\u00dc\u00e7 \u00d6l\u00fcm\u201d, \u201cAsuri H\u00fck\u00fcmdar\u0131 Asarhadon\u201d, \u201c\u0130lyas\u201d, \u201cB\u00fcy\u00fckler K\u00fc\u00e7\u00fcklerden Ak\u0131ll\u0131 \u00c7\u0131kt\u0131\u201d ve \u201cTavuk Yumurtas\u0131 B\u00fcy\u00fckl\u00fc\u011f\u00fcndeki Tohum\u201d adl\u0131 \u00f6yk\u00fclerden olu\u015fmaktad\u0131r. \ufffcTan\u0131t\u0131m Metni<\/p>\n","protected":false},"excerpt":{"rendered":"<p>Bu kitap Tolstoy\u2019un \u00f6mr\u00fcn\u00fcn son yirmi be\u015f y\u0131l\u0131nda yazd\u0131\u011f\u0131 \u201cSevgi Neredeyse Tanr\u0131 Oradad\u0131r\u201d, \u201cPoliku\u015fka\u201d, \u201c\u00dc\u00e7 \u00d6l\u00fcm\u201d, \u201cAsuri H\u00fck\u00fcmdar\u0131 Asarhadon\u201d, \u201c\u0130lyas\u201d, \u201cB\u00fcy\u00fckler K\u00fc\u00e7\u00fcklerden Ak\u0131ll\u0131 \u00c7\u0131kt\u0131\u201d ve \u201cTavuk<span class=\"excerpt-hellip\"> [\u2026]<\/span><\/p>\n","protected":false},"featured_media":0,"template":"","meta":{"_monsterinsights_skip_tracking":false,"_monsterinsights_sitenote_active":false,"_monsterinsights_sitenote_note":"","_monsterinsights_sitenote_category":0},"product_brand":[],"product_cat":[12291,13570],"product_tag":[],"class_list":{"0":"post-703367","1":"product","2":"type-product","3":"status-publish","5":"product_cat-edebiyat","6":"product_cat-rus-edebiyati","7":"pa_cilt-ciltsiz","8":"pa_tur-kitap","9":"pa_yayinevi-antik-kitap","10":"pa_yazar-lev-nikolayevic-tolstoy","12":"first","13":"instock","14":"sale","15":"shipping-taxable","16":"purchasable","17":"product-type-simple"},"_links":{"self":[{"href":"https:\/\/roveyayinevi.com.tr\/index.php\/wp-json\/wp\/v2\/product\/703367","targetHints":{"allow":["GET"]}}],"collection":[{"href":"https:\/\/roveyayinevi.com.tr\/index.php\/wp-json\/wp\/v2\/product"}],"about":[{"href":"https:\/\/roveyayinevi.com.tr\/index.php\/wp-json\/wp\/v2\/types\/product"}],"wp:attachment":[{"href":"https:\/\/roveyayinevi.com.tr\/index.php\/wp-json\/wp\/v2\/media?parent=703367"}],"wp:term":[{"taxonomy":"product_brand","embeddable":true,"href":"https:\/\/roveyayinevi.com.tr\/index.php\/wp-json\/wp\/v2\/product_brand?post=703367"},{"taxonomy":"product_cat","embeddable":true,"href":"https:\/\/roveyayinevi.com.tr\/index.php\/wp-json\/wp\/v2\/product_cat?post=703367"},{"taxonomy":"product_tag","embeddable":true,"href":"https:\/\/roveyayinevi.com.tr\/index.php\/wp-json\/wp\/v2\/product_tag?post=703367"}],"curies":[{"name":"wp","href":"https:\/\/api.w.org\/{rel}","templated":true}]}}