{"id":703365,"date":"2025-08-27T15:24:49","date_gmt":"2025-08-27T12:24:49","guid":{"rendered":"https:\/\/roveyayinevi.com.tr\/index.php\/urun\/dublinliler\/"},"modified":"2026-04-12T02:14:52","modified_gmt":"2026-04-11T23:14:52","slug":"dublinliler","status":"publish","type":"product","link":"https:\/\/roveyayinevi.com.tr\/index.php\/urun\/dublinliler\/","title":{"rendered":"Dublinliler"},"content":{"rendered":"<p>Joyce, Dublin\u2019in yaramaz \u00e7ocuklar\u0131n\u0131n, sokak m\u00fczisyenlerinin, siyaset\u00e7ilerinin, rahiplerinin ve bu \u015fehirden ka\u00e7mak isteyenlerle ka\u00e7amayanlar\u0131n hikayelerini anlat\u0131yor. <\/p>\n","protected":false},"excerpt":{"rendered":"<p>Joyce, Dublin\u2019in yaramaz \u00e7ocuklar\u0131n\u0131n, sokak m\u00fczisyenlerinin, siyaset\u00e7ilerinin, rahiplerinin ve bu \u015fehirden ka\u00e7mak isteyenlerle ka\u00e7amayanlar\u0131n hikayelerini anlat\u0131yor.<\/p>\n","protected":false},"featured_media":0,"template":"","meta":{"_monsterinsights_skip_tracking":false,"_monsterinsights_sitenote_active":false,"_monsterinsights_sitenote_note":"","_monsterinsights_sitenote_category":0},"product_brand":[],"product_cat":[12291,12711],"product_tag":[],"class_list":{"0":"post-703365","1":"product","2":"type-product","3":"status-publish","5":"product_cat-edebiyat","6":"product_cat-roman-oyku","7":"pa_cilt-ciltsiz","8":"pa_tur-kitap","9":"pa_yayinevi-iletisim-yayinlari","10":"pa_yazar-james-joyce","12":"first","13":"instock","14":"sale","15":"shipping-taxable","16":"purchasable","17":"product-type-simple"},"_links":{"self":[{"href":"https:\/\/roveyayinevi.com.tr\/index.php\/wp-json\/wp\/v2\/product\/703365","targetHints":{"allow":["GET"]}}],"collection":[{"href":"https:\/\/roveyayinevi.com.tr\/index.php\/wp-json\/wp\/v2\/product"}],"about":[{"href":"https:\/\/roveyayinevi.com.tr\/index.php\/wp-json\/wp\/v2\/types\/product"}],"wp:attachment":[{"href":"https:\/\/roveyayinevi.com.tr\/index.php\/wp-json\/wp\/v2\/media?parent=703365"}],"wp:term":[{"taxonomy":"product_brand","embeddable":true,"href":"https:\/\/roveyayinevi.com.tr\/index.php\/wp-json\/wp\/v2\/product_brand?post=703365"},{"taxonomy":"product_cat","embeddable":true,"href":"https:\/\/roveyayinevi.com.tr\/index.php\/wp-json\/wp\/v2\/product_cat?post=703365"},{"taxonomy":"product_tag","embeddable":true,"href":"https:\/\/roveyayinevi.com.tr\/index.php\/wp-json\/wp\/v2\/product_tag?post=703365"}],"curies":[{"name":"wp","href":"https:\/\/api.w.org\/{rel}","templated":true}]}}