{"id":703364,"date":"2025-08-27T15:24:49","date_gmt":"2025-08-27T12:24:49","guid":{"rendered":"https:\/\/roveyayinevi.com.tr\/index.php\/urun\/siyaset-ve-iktisat\/"},"modified":"2026-04-16T02:12:35","modified_gmt":"2026-04-15T23:12:35","slug":"siyaset-ve-iktisat","status":"publish","type":"product","link":"https:\/\/roveyayinevi.com.tr\/index.php\/urun\/siyaset-ve-iktisat\/","title":{"rendered":"Siyaset ve \u0130ktisat"},"content":{"rendered":"<p>T\u00fcrk fikir hayat\u0131n\u0131n en \u00f6nemli simalar\u0131ndan Yusuf Ak\u00e7ura&#8217;n\u0131n ilk bas\u0131m\u0131 1924 y\u0131l\u0131nda yap\u0131lm\u0131\u015f olan Siyaset ve \u0130ktisat kitab\u0131; yazar\u0131n 20. Y\u00fczy\u0131l ba\u015f\u0131nda cereyan eden ve her biri T\u00fcrk tarihinin \u00f6nemli k\u0131r\u0131lma noktalar\u0131na tekab\u00fcl eden olaylar hakk\u0131nda T\u00fcrk Ocaklar\u0131&#8217;nda vermi\u015f oldu\u011fu konferanslar\u0131 ve yazm\u0131\u015f oldu\u011fu makaleleri kendi sa\u011fl\u0131\u011f\u0131nda bir araya getirdi\u011fi \u00f6nemli eserlerinden biri. Yusuf Ak\u00e7ura, T\u00fcrk milliyet\u00e7ili\u011finin siyas\u00ee, iktisad\u00ee ve fikr\u00ee y\u00f6nlerini detayl\u0131 bir \u015fekilde tart\u0131\u015farak bilhassa Anadolu&#8217;da co\u011frafyas\u0131nda s\u0131k\u0131\u015f\u0131p kalan T\u00fcrkler i\u00e7in yeni bir yol haritas\u0131 \u00e7izmeye gayret eder. Ak\u00e7ura; sava\u015flar\u0131n ve siyas\u00ee \u00e7alkant\u0131lar\u0131n hem mal\u00ee hem de insan\u00ee kaynaklar\u0131m\u0131z\u0131 insafs\u0131zca t\u00fcketti\u011fi o y\u0131llarda, T\u00fcrklerin mill\u00ee bir devlet \u00e7at\u0131s\u0131 alt\u0131nda ve mill\u00ee bir iktisat politikas\u0131 izleyerek i\u00e7inde bulundu\u011fu buhrandan kurtulaca\u011f\u0131na inanmaktad\u0131r. Kitapta yer alan \u201cGalip Geldik, Muzaffer Olaca\u011f\u0131z\u201d ba\u015fl\u0131kl\u0131 makalesinde de belirtti\u011fi \u00fczere, \u201cHak harbinde T\u00fcrk&#8217;\u00fcn galebesine \u00eeman eden ve \u00eeman\u0131nda hata eylemeyen bu \u00e2ciz, hayat niz\u00e2&#8217;\u0131nda [hayat kavgas\u0131nda] dahi T\u00fcrk&#8217;\u00fcn zaferine inanm\u0131\u015ft\u0131r; ve istikbal, in\u015faallah, bunda da yan\u0131lmad\u0131\u011f\u0131n\u0131 isbat edecektir.\u201d<\/p>\n","protected":false},"excerpt":{"rendered":"<p>T\u00fcrk fikir hayat\u0131n\u0131n en \u00f6nemli simalar\u0131ndan Yusuf Ak\u00e7ura&#8217;n\u0131n ilk bas\u0131m\u0131 1924 y\u0131l\u0131nda yap\u0131lm\u0131\u015f olan Siyaset ve \u0130ktisat kitab\u0131; yazar\u0131n 20. Y\u00fczy\u0131l ba\u015f\u0131nda cereyan eden ve her<span class=\"excerpt-hellip\"> [\u2026]<\/span><\/p>\n","protected":false},"featured_media":0,"template":"","meta":{"_monsterinsights_skip_tracking":false,"_monsterinsights_sitenote_active":false,"_monsterinsights_sitenote_note":"","_monsterinsights_sitenote_category":0},"product_brand":[],"product_cat":[12325,12324],"product_tag":[],"class_list":{"0":"post-703364","1":"product","2":"type-product","3":"status-publish","5":"product_cat-diger-sosyoloji","6":"product_cat-sosyoloji","7":"pa_cilt-ciltsiz","8":"pa_tur-kitap","9":"pa_yayinevi-otuken-nesriyat","10":"pa_yazar-yusuf-akcura","12":"first","13":"instock","14":"sale","15":"shipping-taxable","16":"purchasable","17":"product-type-simple"},"_links":{"self":[{"href":"https:\/\/roveyayinevi.com.tr\/index.php\/wp-json\/wp\/v2\/product\/703364","targetHints":{"allow":["GET"]}}],"collection":[{"href":"https:\/\/roveyayinevi.com.tr\/index.php\/wp-json\/wp\/v2\/product"}],"about":[{"href":"https:\/\/roveyayinevi.com.tr\/index.php\/wp-json\/wp\/v2\/types\/product"}],"wp:attachment":[{"href":"https:\/\/roveyayinevi.com.tr\/index.php\/wp-json\/wp\/v2\/media?parent=703364"}],"wp:term":[{"taxonomy":"product_brand","embeddable":true,"href":"https:\/\/roveyayinevi.com.tr\/index.php\/wp-json\/wp\/v2\/product_brand?post=703364"},{"taxonomy":"product_cat","embeddable":true,"href":"https:\/\/roveyayinevi.com.tr\/index.php\/wp-json\/wp\/v2\/product_cat?post=703364"},{"taxonomy":"product_tag","embeddable":true,"href":"https:\/\/roveyayinevi.com.tr\/index.php\/wp-json\/wp\/v2\/product_tag?post=703364"}],"curies":[{"name":"wp","href":"https:\/\/api.w.org\/{rel}","templated":true}]}}