{"id":703363,"date":"2025-08-27T15:24:49","date_gmt":"2025-08-27T12:24:49","guid":{"rendered":"https:\/\/roveyayinevi.com.tr\/index.php\/urun\/turk-destanlarina-giris\/"},"modified":"2026-04-16T02:12:35","modified_gmt":"2026-04-15T23:12:35","slug":"turk-destanlarina-giris","status":"publish","type":"product","link":"https:\/\/roveyayinevi.com.tr\/index.php\/urun\/turk-destanlarina-giris\/","title":{"rendered":"T\u00fcrk Destanlar\u0131na Giri\u015f"},"content":{"rendered":"<p>Destanlar, milletlerin kahramanl\u0131k hik\u00e2yelerinin toplam\u0131d\u0131r. \u00d6yleyse destanlar\u0131 zengin olan toplumlar\u0131n tarihleri de o \u00f6l\u00e7\u00fcde muhte\u015femdir. Bu a\u00e7\u0131dan bakt\u0131\u011f\u0131m\u0131zda T\u00fcrklerin tarihi pek\u00e7okdestan\u00ee hik\u00e2yelerle doludur ve bunlar\u0131n da b\u00fcy\u00fck bir k\u0131sm\u0131 ger\u00e7ekleri yans\u0131t\u0131r. Zaten destanlar\u0131n en \u00f6nemli hususiyeti, i\u00e7erisinde milleti yak\u0131ndan ilgilendiren ya\u015fanm\u0131\u015f olaylara yer verilmesidir. T\u00fcrk milletinin tarih sahnesine \u00e7\u0131kt\u0131\u011f\u0131 g\u00fcnden beri ba\u015f\u0131ndan ac\u0131, tatl\u0131 bir\u00e7ok hadise ge\u00e7mi\u015ftir. Ve d\u00fcnyan\u0131n en eski halklar\u0131ndan biri olan T\u00fcrkler ortaya koyduklar\u0131 destanlar bak\u0131m\u0131ndan son derece \u015fansl\u0131d\u0131r. Elbette mazide cereyan eden her olay\u0131 destan s\u0131n\u0131f\u0131na sokmak m\u00fcmk\u00fcn de\u011fildir. Bunun i\u00e7in baz\u0131 \u00f6zel \u015fartlar\u0131n olmas\u0131 gerekir. Bunlar yerine gelmi\u015fse, destan olarak de\u011ferlendirilir ve tarihi hadiseler yaz\u0131l\u0131rken bunlardan yararlan\u0131l\u0131r. Biz bu \u00e7al\u0131\u015fmam\u0131zda \u0130sl\u00e2m\u00ee d\u00f6nem \u00f6ncesinde ortaya \u00e7\u0131km\u0131\u015f olan T\u00fcrk destanlar\u0131na bir giri\u015f yapmaya gayret ettik. Kitab\u0131m\u0131zda, belki de sonraki destanlar\u0131m\u0131z\u0131n yaz\u0131lmas\u0131na da arac\u0131 olan ana destanlar\u0131 ele ald\u0131k. Dolay\u0131s\u0131yla b\u00fct\u00fcn T\u00fcrk milletinin tamam\u0131n\u0131 ilgilendirmeyen halk hik\u00e2yeleri ayr\u0131 bir \u00e7al\u0131\u015fma oldu\u011fundan, onlar\u0131 burada de\u011ferlendirmeyi uygun g\u00f6rmedik<\/p>\n","protected":false},"excerpt":{"rendered":"<p>Destanlar, milletlerin kahramanl\u0131k hik\u00e2yelerinin toplam\u0131d\u0131r. \u00d6yleyse destanlar\u0131 zengin olan toplumlar\u0131n tarihleri de o \u00f6l\u00e7\u00fcde muhte\u015femdir. Bu a\u00e7\u0131dan bakt\u0131\u011f\u0131m\u0131zda T\u00fcrklerin tarihi pek\u00e7okdestan\u00ee hik\u00e2yelerle doludur ve bunlar\u0131n da<span class=\"excerpt-hellip\"> [\u2026]<\/span><\/p>\n","protected":false},"featured_media":0,"template":"","meta":{"_monsterinsights_skip_tracking":false,"_monsterinsights_sitenote_active":false,"_monsterinsights_sitenote_note":"","_monsterinsights_sitenote_category":0},"product_brand":[],"product_cat":[12291,13706],"product_tag":[],"class_list":{"0":"post-703363","1":"product","2":"type-product","3":"status-publish","5":"product_cat-edebiyat","6":"product_cat-efsane-destan-masal","7":"pa_cilt-ciltsiz","8":"pa_tur-kitap","9":"pa_yayinevi-berikan-yayinlari","10":"pa_yazar-saadettin-yagmur-gomec","12":"first","13":"instock","14":"sale","15":"shipping-taxable","16":"purchasable","17":"product-type-simple"},"_links":{"self":[{"href":"https:\/\/roveyayinevi.com.tr\/index.php\/wp-json\/wp\/v2\/product\/703363","targetHints":{"allow":["GET"]}}],"collection":[{"href":"https:\/\/roveyayinevi.com.tr\/index.php\/wp-json\/wp\/v2\/product"}],"about":[{"href":"https:\/\/roveyayinevi.com.tr\/index.php\/wp-json\/wp\/v2\/types\/product"}],"wp:attachment":[{"href":"https:\/\/roveyayinevi.com.tr\/index.php\/wp-json\/wp\/v2\/media?parent=703363"}],"wp:term":[{"taxonomy":"product_brand","embeddable":true,"href":"https:\/\/roveyayinevi.com.tr\/index.php\/wp-json\/wp\/v2\/product_brand?post=703363"},{"taxonomy":"product_cat","embeddable":true,"href":"https:\/\/roveyayinevi.com.tr\/index.php\/wp-json\/wp\/v2\/product_cat?post=703363"},{"taxonomy":"product_tag","embeddable":true,"href":"https:\/\/roveyayinevi.com.tr\/index.php\/wp-json\/wp\/v2\/product_tag?post=703363"}],"curies":[{"name":"wp","href":"https:\/\/api.w.org\/{rel}","templated":true}]}}