{"id":703354,"date":"2025-08-27T15:24:45","date_gmt":"2025-08-27T12:24:45","guid":{"rendered":"https:\/\/roveyayinevi.com.tr\/index.php\/urun\/kimi-dervis-kimi-sultan\/"},"modified":"2026-04-16T02:12:35","modified_gmt":"2026-04-15T23:12:35","slug":"kimi-dervis-kimi-sultan","status":"publish","type":"product","link":"https:\/\/roveyayinevi.com.tr\/index.php\/urun\/kimi-dervis-kimi-sultan\/","title":{"rendered":"Kimi Dervi\u015f Kimi Sultan"},"content":{"rendered":"<p>K\u0131talar\u0131 k\u0131l\u0131\u00e7la fethetmi\u015ftir, fakat k\u0131l\u0131\u00e7la idare etmemi\u015ftir. Fethetti\u011fi yerlerde zabitleri de\u011fil, alimleri ve dervi\u015fleri g\u00f6revlendirmi\u015ftir. Halk, kar\u015f\u0131s\u0131nda askerden \u00f6nce bu veli zatlar\u0131 g\u00f6rm\u00fc\u015f, onlardaki g\u00fczel ahlaka meftun olmu\u015ftur. <\/p>\n","protected":false},"excerpt":{"rendered":"<p>K\u0131talar\u0131 k\u0131l\u0131\u00e7la fethetmi\u015ftir, fakat k\u0131l\u0131\u00e7la idare etmemi\u015ftir. Fethetti\u011fi yerlerde zabitleri de\u011fil, alimleri ve dervi\u015fleri g\u00f6revlendirmi\u015ftir. Halk, kar\u015f\u0131s\u0131nda askerden \u00f6nce bu veli zatlar\u0131 g\u00f6rm\u00fc\u015f, onlardaki g\u00fczel ahlaka<span class=\"excerpt-hellip\"> [\u2026]<\/span><\/p>\n","protected":false},"featured_media":0,"template":"","meta":{"_monsterinsights_skip_tracking":false,"_monsterinsights_sitenote_active":false,"_monsterinsights_sitenote_note":"","_monsterinsights_sitenote_category":0},"product_brand":[],"product_cat":[12370,12304],"product_tag":[],"class_list":{"0":"post-703354","1":"product","2":"type-product","3":"status-publish","5":"product_cat-arastirma-inceleme","6":"product_cat-tarih","7":"pa_tur-kitap","8":"pa_yayinevi-profil-kitap","9":"pa_yazar-bekir-nas","11":"first","12":"instock","13":"sale","14":"shipping-taxable","15":"purchasable","16":"product-type-simple"},"_links":{"self":[{"href":"https:\/\/roveyayinevi.com.tr\/index.php\/wp-json\/wp\/v2\/product\/703354","targetHints":{"allow":["GET"]}}],"collection":[{"href":"https:\/\/roveyayinevi.com.tr\/index.php\/wp-json\/wp\/v2\/product"}],"about":[{"href":"https:\/\/roveyayinevi.com.tr\/index.php\/wp-json\/wp\/v2\/types\/product"}],"wp:attachment":[{"href":"https:\/\/roveyayinevi.com.tr\/index.php\/wp-json\/wp\/v2\/media?parent=703354"}],"wp:term":[{"taxonomy":"product_brand","embeddable":true,"href":"https:\/\/roveyayinevi.com.tr\/index.php\/wp-json\/wp\/v2\/product_brand?post=703354"},{"taxonomy":"product_cat","embeddable":true,"href":"https:\/\/roveyayinevi.com.tr\/index.php\/wp-json\/wp\/v2\/product_cat?post=703354"},{"taxonomy":"product_tag","embeddable":true,"href":"https:\/\/roveyayinevi.com.tr\/index.php\/wp-json\/wp\/v2\/product_tag?post=703354"}],"curies":[{"name":"wp","href":"https:\/\/api.w.org\/{rel}","templated":true}]}}