{"id":703353,"date":"2025-08-27T15:24:45","date_gmt":"2025-08-27T12:24:45","guid":{"rendered":"https:\/\/roveyayinevi.com.tr\/index.php\/urun\/ruhumuzun-bilgelik-yolculugu\/"},"modified":"2026-04-16T02:12:35","modified_gmt":"2026-04-15T23:12:35","slug":"ruhumuzun-bilgelik-yolculugu","status":"publish","type":"product","link":"https:\/\/roveyayinevi.com.tr\/index.php\/urun\/ruhumuzun-bilgelik-yolculugu\/","title":{"rendered":"Ruhumuzun Bilgelik Yolculu\u011fu"},"content":{"rendered":"<p>Bu kitap, bu g\u00fcne dek verdi\u011fi ayd\u0131nlat\u0131c\u0131 \u00f6\u011fretilerle pek \u00e7ok insan\u0131 uyand\u0131rm\u0131\u015f ve ya\u015famlar\u0131n\u0131 ola\u011fan\u00fcst\u00fc bir bi\u00e7imde de\u011fi\u015ftirmi\u015f olan Ramtha\u2019n\u0131n kendi kurdu\u011fu Ayd\u0131nlanma Okulu\u2019nda \u00f6\u011frencilerine son d\u00f6nemde sundu\u011fu \u00e7ok \u00f6nemli ve kadim bir bilgelik \u00f6\u011fretisini i\u00e7ermektedir. \ufffcTan\u0131t\u0131m Metni<\/p>\n","protected":false},"excerpt":{"rendered":"<p>Bu kitap, bu g\u00fcne dek verdi\u011fi ayd\u0131nlat\u0131c\u0131 \u00f6\u011fretilerle pek \u00e7ok insan\u0131 uyand\u0131rm\u0131\u015f ve ya\u015famlar\u0131n\u0131 ola\u011fan\u00fcst\u00fc bir bi\u00e7imde de\u011fi\u015ftirmi\u015f olan Ramtha\u2019n\u0131n kendi kurdu\u011fu Ayd\u0131nlanma Okulu\u2019nda \u00f6\u011frencilerine son<span class=\"excerpt-hellip\"> [\u2026]<\/span><\/p>\n","protected":false},"featured_media":0,"template":"","meta":{"_monsterinsights_skip_tracking":false,"_monsterinsights_sitenote_active":false,"_monsterinsights_sitenote_note":"","_monsterinsights_sitenote_category":0},"product_brand":[],"product_cat":[12364,12376],"product_tag":[],"class_list":{"0":"post-703353","1":"product","2":"type-product","3":"status-publish","5":"product_cat-genel-konular","6":"product_cat-kisisel-gelisim","7":"pa_cilt-ciltsiz","8":"pa_tur-kitap","9":"pa_yayinevi-akasa-yayinlari","10":"pa_yazar-ramtha","12":"first","13":"instock","14":"sale","15":"shipping-taxable","16":"purchasable","17":"product-type-simple"},"_links":{"self":[{"href":"https:\/\/roveyayinevi.com.tr\/index.php\/wp-json\/wp\/v2\/product\/703353","targetHints":{"allow":["GET"]}}],"collection":[{"href":"https:\/\/roveyayinevi.com.tr\/index.php\/wp-json\/wp\/v2\/product"}],"about":[{"href":"https:\/\/roveyayinevi.com.tr\/index.php\/wp-json\/wp\/v2\/types\/product"}],"wp:attachment":[{"href":"https:\/\/roveyayinevi.com.tr\/index.php\/wp-json\/wp\/v2\/media?parent=703353"}],"wp:term":[{"taxonomy":"product_brand","embeddable":true,"href":"https:\/\/roveyayinevi.com.tr\/index.php\/wp-json\/wp\/v2\/product_brand?post=703353"},{"taxonomy":"product_cat","embeddable":true,"href":"https:\/\/roveyayinevi.com.tr\/index.php\/wp-json\/wp\/v2\/product_cat?post=703353"},{"taxonomy":"product_tag","embeddable":true,"href":"https:\/\/roveyayinevi.com.tr\/index.php\/wp-json\/wp\/v2\/product_tag?post=703353"}],"curies":[{"name":"wp","href":"https:\/\/api.w.org\/{rel}","templated":true}]}}