{"id":703352,"date":"2025-08-27T15:24:45","date_gmt":"2025-08-27T12:24:45","guid":{"rendered":"https:\/\/roveyayinevi.com.tr\/index.php\/urun\/istenmeyen-bebegin-olumu\/"},"modified":"2026-04-16T02:12:35","modified_gmt":"2026-04-15T23:12:35","slug":"istenmeyen-bebegin-olumu","status":"publish","type":"product","link":"https:\/\/roveyayinevi.com.tr\/index.php\/urun\/istenmeyen-bebegin-olumu\/","title":{"rendered":"\u0130stenmeyen Bebe\u011fin \u00d6l\u00fcm\u00fc"},"content":{"rendered":"<p>K\u0131br\u0131s Cumhuriyeti kuruldu\u011fu g\u00fcnden itibaren, K\u0131br\u0131sl\u0131 Elen ve K\u0131br\u0131sl\u0131 T\u00fcrk liderliklerince bir \u201cara form\u00fcl\u201d olarak Kabul edilmi\u015fti. \u201cNihai amaca\u201d ula\u015fmak i\u00e7in y\u00fcr\u00fcnecek yolda istenmeyen bir bebek olarak d\u00fcnyaya gelen yeni devlet; hen\u00fcz kurulu\u015f a\u015famas\u0131nda sorunlar, gerilimler ve krizlerle y\u00fczy\u00fcze kal\u0131yordu. <\/p>\n","protected":false},"excerpt":{"rendered":"<p>K\u0131br\u0131s Cumhuriyeti kuruldu\u011fu g\u00fcnden itibaren, K\u0131br\u0131sl\u0131 Elen ve K\u0131br\u0131sl\u0131 T\u00fcrk liderliklerince bir \u201cara form\u00fcl\u201d olarak Kabul edilmi\u015fti. \u201cNihai amaca\u201d ula\u015fmak i\u00e7in y\u00fcr\u00fcnecek yolda istenmeyen bir bebek<span class=\"excerpt-hellip\"> [\u2026]<\/span><\/p>\n","protected":false},"featured_media":0,"template":"","meta":{"_monsterinsights_skip_tracking":false,"_monsterinsights_sitenote_active":false,"_monsterinsights_sitenote_note":"","_monsterinsights_sitenote_category":0},"product_brand":[],"product_cat":[12305,12304],"product_tag":[],"class_list":{"0":"post-703352","1":"product","2":"type-product","3":"status-publish","5":"product_cat-dunya-tarihi","6":"product_cat-tarih","7":"pa_tur-kitap","8":"pa_yayinevi-kalkedon-yayincilik","9":"pa_yazar-nikolaos-stelya","11":"first","12":"instock","13":"sale","14":"shipping-taxable","15":"purchasable","16":"product-type-simple"},"_links":{"self":[{"href":"https:\/\/roveyayinevi.com.tr\/index.php\/wp-json\/wp\/v2\/product\/703352","targetHints":{"allow":["GET"]}}],"collection":[{"href":"https:\/\/roveyayinevi.com.tr\/index.php\/wp-json\/wp\/v2\/product"}],"about":[{"href":"https:\/\/roveyayinevi.com.tr\/index.php\/wp-json\/wp\/v2\/types\/product"}],"wp:attachment":[{"href":"https:\/\/roveyayinevi.com.tr\/index.php\/wp-json\/wp\/v2\/media?parent=703352"}],"wp:term":[{"taxonomy":"product_brand","embeddable":true,"href":"https:\/\/roveyayinevi.com.tr\/index.php\/wp-json\/wp\/v2\/product_brand?post=703352"},{"taxonomy":"product_cat","embeddable":true,"href":"https:\/\/roveyayinevi.com.tr\/index.php\/wp-json\/wp\/v2\/product_cat?post=703352"},{"taxonomy":"product_tag","embeddable":true,"href":"https:\/\/roveyayinevi.com.tr\/index.php\/wp-json\/wp\/v2\/product_tag?post=703352"}],"curies":[{"name":"wp","href":"https:\/\/api.w.org\/{rel}","templated":true}]}}