{"id":703351,"date":"2025-08-27T15:24:44","date_gmt":"2025-08-27T12:24:44","guid":{"rendered":"https:\/\/roveyayinevi.com.tr\/index.php\/urun\/uzun-19-yuzyilda-orta-avrupa\/"},"modified":"2026-04-16T02:12:35","modified_gmt":"2026-04-15T23:12:35","slug":"uzun-19-yuzyilda-orta-avrupa","status":"publish","type":"product","link":"https:\/\/roveyayinevi.com.tr\/index.php\/urun\/uzun-19-yuzyilda-orta-avrupa\/","title":{"rendered":"Uzun 19. Y\u00fczy\u0131lda Orta Avrupa"},"content":{"rendered":"<p>ODT\u00dc \u0130ktisat B\u00f6l\u00fcm\u00fc Emekli \u00d6\u011fretim \u00dcyesi Prof. Oktar T\u00fcrel, bu kitapta 1. D\u00fcnya Sava\u015f\u0131\u2019n\u0131n ard\u0131ndan \u00e7\u00f6z\u00fclen Avusturya-Macaristan \u0130mparatorlu\u011fu\u2019nun ana bile\u015fenlerinin 19. y\u00fczy\u0131ldaki toplumsal tarihine e\u011filiyor. \u201c\u2018Uzun\u2019 19. Y\u00fczy\u0131l\u201d deyimi ile 17. y\u00fczy\u0131l\u0131n son \u00e7eyre\u011findeki ekonomik ve siyasal devrimlerle ba\u015flayan ve 1914\u2019te 1. D\u00fcnya Sava\u015f\u0131\u2019n\u0131n patlak vermesiyle sona eren \u00e7a\u011f kastedilmektedir. Yazar, tarih yaz\u0131m\u0131na toplumsal de\u011fi\u015fmenin t\u00fcm \u00f6\u011felerini, bu meyanda k\u00fclt\u00fcr ve sanat evreninde ya\u015fananlar\u0131 da i\u00e7eren, b\u00fct\u00fcnc\u00fcl bir anlat\u0131 olarak bakma d\u00fc\u015f\u00fcncesini payla\u015fmaktad\u0131r. \ufffcTan\u0131t\u0131m Metni<\/p>\n","protected":false},"excerpt":{"rendered":"<p>ODT\u00dc \u0130ktisat B\u00f6l\u00fcm\u00fc Emekli \u00d6\u011fretim \u00dcyesi Prof. Oktar T\u00fcrel, bu kitapta 1. D\u00fcnya Sava\u015f\u0131\u2019n\u0131n ard\u0131ndan \u00e7\u00f6z\u00fclen Avusturya-Macaristan \u0130mparatorlu\u011fu\u2019nun ana bile\u015fenlerinin 19. y\u00fczy\u0131ldaki toplumsal tarihine e\u011filiyor. \u201c\u2018Uzun\u2019<span class=\"excerpt-hellip\"> [\u2026]<\/span><\/p>\n","protected":false},"featured_media":0,"template":"","meta":{"_monsterinsights_skip_tracking":false,"_monsterinsights_sitenote_active":false,"_monsterinsights_sitenote_note":"","_monsterinsights_sitenote_category":0},"product_brand":[],"product_cat":[13590,12337],"product_tag":[],"class_list":{"0":"post-703351","1":"product","2":"type-product","3":"status-publish","5":"product_cat-arastirma-inceleme-politika-siyaset","6":"product_cat-politika-siyaset","7":"pa_cilt-ciltsiz","8":"pa_tur-kitap","9":"pa_yayinevi-yordam-kitap","10":"pa_yazar-oktar-turel","12":"first","13":"instock","14":"sale","15":"shipping-taxable","16":"purchasable","17":"product-type-simple"},"_links":{"self":[{"href":"https:\/\/roveyayinevi.com.tr\/index.php\/wp-json\/wp\/v2\/product\/703351","targetHints":{"allow":["GET"]}}],"collection":[{"href":"https:\/\/roveyayinevi.com.tr\/index.php\/wp-json\/wp\/v2\/product"}],"about":[{"href":"https:\/\/roveyayinevi.com.tr\/index.php\/wp-json\/wp\/v2\/types\/product"}],"wp:attachment":[{"href":"https:\/\/roveyayinevi.com.tr\/index.php\/wp-json\/wp\/v2\/media?parent=703351"}],"wp:term":[{"taxonomy":"product_brand","embeddable":true,"href":"https:\/\/roveyayinevi.com.tr\/index.php\/wp-json\/wp\/v2\/product_brand?post=703351"},{"taxonomy":"product_cat","embeddable":true,"href":"https:\/\/roveyayinevi.com.tr\/index.php\/wp-json\/wp\/v2\/product_cat?post=703351"},{"taxonomy":"product_tag","embeddable":true,"href":"https:\/\/roveyayinevi.com.tr\/index.php\/wp-json\/wp\/v2\/product_tag?post=703351"}],"curies":[{"name":"wp","href":"https:\/\/api.w.org\/{rel}","templated":true}]}}