{"id":703350,"date":"2025-08-27T15:24:44","date_gmt":"2025-08-27T12:24:44","guid":{"rendered":"https:\/\/roveyayinevi.com.tr\/index.php\/urun\/sessizligin-muzigi\/"},"modified":"2026-04-16T02:12:35","modified_gmt":"2026-04-15T23:12:35","slug":"sessizligin-muzigi","status":"publish","type":"product","link":"https:\/\/roveyayinevi.com.tr\/index.php\/urun\/sessizligin-muzigi\/","title":{"rendered":"Sessizli\u011fin M\u00fczi\u011fi"},"content":{"rendered":"<p>\u201cRothfuss nereye giderse gitsin bir \u015fark\u0131c\u0131n\u0131n bir \u015fark\u0131y\u0131 yan\u0131nda ta\u015f\u0131mas\u0131 gibi bizi de yan\u0131nda g\u00f6t\u00fcrecek.\u201dUrsula K. Le Guin\u00dcniversitenin derinliklerinde karanl\u0131k bir yer vard\u0131r. Kadim koridorlar\u0131n a\u011f gibi \u00f6r\u00fcld\u00fc\u011f\u00fc ve \u00e7ok uzun zaman \u00f6nce terk edilmi\u015f odalar\u0131n birbiri ard\u0131na s\u0131raland\u0131\u011f\u0131 bu yeri \u00e7ok az ki\u015fi bilir. Gen\u00e7 bir kad\u0131n, \u015eeyalt\u0131\u2019n\u0131n sonu gelmez t\u00fcnellerinde saklan\u0131p, bu unutulmu\u015f yerin kalbinde hayat\u0131n\u0131 s\u00fcrd\u00fcr\u00fcr.Bu gen\u00e7 kad\u0131n, gizemlerle dolu olan Auri\u2019dir.Patrick Rothfuss Sessizli\u011fin M\u00fczi\u011fi\u2019nde yaln\u0131zca Auri\u2019nin tatl\u0131 sert ya\u015fam\u0131ndan k\u00fc\u00e7\u00fck bir maceray\u0131 anlatm\u0131yor, gen\u00e7 kad\u0131n\u0131n t\u00fcm ya\u015fad\u0131klar\u0131ndan izler ta\u015f\u0131yan bu macerayla bize, Auri\u2019nin ne\u015feli oldu\u011fu kadar tekinsiz de olan d\u00fcnyas\u0131n\u0131 karakterin g\u00f6zlerinden g\u00f6rme f\u0131rsat\u0131 sunuyor. Ayr\u0131ca bu hikaye sayesinde okur, Kralkatili G\u00fcncesi serisinin en esrarengiz karakteri Auri\u2019nin bildi\u011fi \u015feyleri \u00f6\u011frenme \u015fans\u0131 da yakal\u0131yor.Sessizli\u011fin M\u00fczi\u011fi, par\u00e7alanm\u0131\u015f bir d\u00fcnyada ya\u015famaya \u00e7al\u0131\u015fan par\u00e7alanm\u0131\u015f bir k\u0131z\u0131n s\u0131r ve gizem dolu \u00f6yk\u00fcs<\/p>\n","protected":false},"excerpt":{"rendered":"<p>\u201cRothfuss nereye giderse gitsin bir \u015fark\u0131c\u0131n\u0131n bir \u015fark\u0131y\u0131 yan\u0131nda ta\u015f\u0131mas\u0131 gibi bizi de yan\u0131nda g\u00f6t\u00fcrecek.\u201dUrsula K. Le Guin\u00dcniversitenin derinliklerinde karanl\u0131k bir yer vard\u0131r. Kadim koridorlar\u0131n a\u011f<span class=\"excerpt-hellip\"> [\u2026]<\/span><\/p>\n","protected":false},"featured_media":0,"template":"","meta":{"_monsterinsights_skip_tracking":false,"_monsterinsights_sitenote_active":false,"_monsterinsights_sitenote_note":"","_monsterinsights_sitenote_category":0},"product_brand":[],"product_cat":[12291,14777],"product_tag":[],"class_list":{"0":"post-703350","1":"product","2":"type-product","3":"status-publish","5":"product_cat-edebiyat","6":"product_cat-fantastik","7":"pa_cilt-ciltsiz","8":"pa_tur-kitap","9":"pa_yayinevi-ithaki-yayinlari","10":"pa_yazar-patrick-rothfuss","12":"first","13":"instock","14":"sale","15":"shipping-taxable","16":"purchasable","17":"product-type-simple"},"_links":{"self":[{"href":"https:\/\/roveyayinevi.com.tr\/index.php\/wp-json\/wp\/v2\/product\/703350","targetHints":{"allow":["GET"]}}],"collection":[{"href":"https:\/\/roveyayinevi.com.tr\/index.php\/wp-json\/wp\/v2\/product"}],"about":[{"href":"https:\/\/roveyayinevi.com.tr\/index.php\/wp-json\/wp\/v2\/types\/product"}],"wp:attachment":[{"href":"https:\/\/roveyayinevi.com.tr\/index.php\/wp-json\/wp\/v2\/media?parent=703350"}],"wp:term":[{"taxonomy":"product_brand","embeddable":true,"href":"https:\/\/roveyayinevi.com.tr\/index.php\/wp-json\/wp\/v2\/product_brand?post=703350"},{"taxonomy":"product_cat","embeddable":true,"href":"https:\/\/roveyayinevi.com.tr\/index.php\/wp-json\/wp\/v2\/product_cat?post=703350"},{"taxonomy":"product_tag","embeddable":true,"href":"https:\/\/roveyayinevi.com.tr\/index.php\/wp-json\/wp\/v2\/product_tag?post=703350"}],"curies":[{"name":"wp","href":"https:\/\/api.w.org\/{rel}","templated":true}]}}