{"id":703337,"date":"2025-08-27T15:24:38","date_gmt":"2025-08-27T12:24:38","guid":{"rendered":"https:\/\/roveyayinevi.com.tr\/index.php\/urun\/depremlerle-bas-edebilmek\/"},"modified":"2026-04-16T02:12:34","modified_gmt":"2026-04-15T23:12:34","slug":"depremlerle-bas-edebilmek","status":"publish","type":"product","link":"https:\/\/roveyayinevi.com.tr\/index.php\/urun\/depremlerle-bas-edebilmek\/","title":{"rendered":"Depremlerle Ba\u015f Edebilmek"},"content":{"rendered":"<p>17 A\u011fustos 1999 Marmara Depremi\u2019nin \u00fczerinden 11 y\u0131l ge\u00e7mesine ra\u011fmen \u00fclkemiz hala deprem ger\u00e7e\u011fiyle y\u00fczle\u015febilmi\u015f de\u011fil. \u2018Depremler Do\u011fal Afet Midir? Depremlerle Ba\u015f Edebilmek\u2019 adl\u0131 bu kitap T\u00fcrkiye\u2019nin t\u00fcm deprem ger\u00e7e\u011fini g\u00f6zler \u00f6n\u00fcne seriyor ve bu ger\u00e7ekle y\u00fczle\u015fmemizi sa\u011fl\u0131yor. Bu kitap, 17 A\u011fustos 1999 Marmara Depremi\u2019nin 10. y\u0131l\u0131nda kaybettiklerimizin an\u0131s\u0131na ithaf edilmi\u015ftir. Marmara Depremi, toplum olarak deprem konusunda ne kadar unutkan oldu\u011fumuzu ve ya\u015fad\u0131klar\u0131m\u0131zdan, ba\u015fkalar\u0131n\u0131n ya\u015fad\u0131klar\u0131ndan ders almak konusunda ne kadar ba\u015far\u0131s\u0131z oldu\u011fumuzu \u00e7ok ac\u0131 bir \u015fekilde hat\u0131rlatm\u0131\u015ft\u0131r. Sanki hi\u00e7 beklenmeyen bir anda ger\u00e7ekle\u015fen bilinmedik bir olaym\u0131\u015f gibi, can ve mal kay\u0131plar\u0131n\u0131 t\u00fcm \u00fclkenin s\u0131rt\u0131na y\u00fckleyerek; yeter art\u0131k, \u00fclkeniz deprem tehlikesi alt\u0131nda, siz deprem riski alt\u0131ndas\u0131n\u0131z, her \u015feyiniz y\u00fcksek risk alt\u0131nda, uyan\u0131n ve yapman\u0131z gerekenleri yap\u0131n!&#8230; demi\u015ftir. Yaralar\u0131n k\u0131smen sar\u0131lmas\u0131n\u0131 izleyen y\u0131llarda bizim yine unutmaya ve uyutmaya ba\u015flad\u0131\u011f\u0131m\u0131z deprem ger\u00e7e\u011fini hat\u0131rlatmak \u00fczere pusuda beklemektedir. Yine, yak\u0131nda uyar\u0131 g\u00f6revini yapacak; do\u011fal bir olay\u0131n insanlar taraf\u0131ndan nas\u0131l da afete d\u00f6n\u00fc\u015ft\u00fcr\u00fcld\u00fc\u011f\u00fcn\u00fc y\u00fcz\u00fcm\u00fcze \u00e7arpacak, g\u00f6z\u00fcm\u00fcze sokacakt\u0131r. Depremlerin neden, nas\u0131l, nerde olu\u015ftu\u011funu, nas\u0131l zarar verdi\u011fini bilmekteyiz. Yer kabu\u011funun do\u011fal devinimini do\u011fru anlayamaz ve do\u011faya meydan okumaya kalk\u0131\u015f\u0131rsak u\u011frad\u0131\u011f\u0131m\u0131z yenilginin boyutlar\u0131 gelecek ku\u015faklar\u0131 bile etkileyecek mertebelere ula\u015facakt\u0131r. Bundan ka\u00e7\u0131\u015f yoktur.. Kitapta depremler b\u00fct\u00fcn boyutlar\u0131yla ele al\u0131narak herkesin anlayabilece\u011fi basitlikte a\u00e7\u0131klanmaya \u00e7al\u0131\u015f\u0131lm\u0131\u015ft\u0131r. Depremlerin olu\u015fumu, d\u00fcnyada ve T\u00fcrkiye\u2019de \u00f6nemli depremler, depremlerin \u00f6nceden tahmini, T\u00fcrkiye\u2019nin depremselli\u011fi, \u00fclkemizde tarihsel ve aletsel d\u00f6nemde meydana gelmi\u015f ve hasara neden olmu\u015f depremler, il il T\u00fcrkiye\u2019nin deprem tehlikesi, T\u00fcrkiye\u2019nin deprem kay\u0131t a\u011flar\u0131, deprem \u00f6ncesi, s\u0131ras\u0131 ve sonras\u0131nda yap\u0131lmas\u0131 gerekenler, afet y\u00f6netimi ve T\u00fcrkiye\u2019nin afet y\u00f6netimi sistemi gibi konular olabildi\u011fince ayr\u0131nt\u0131l\u0131 bir \u015fekilde ele al\u0131nm\u0131\u015ft\u0131r. Ayr\u0131ca kitab\u0131n ekinde verilen CD ile binan\u0131n yap\u0131m tarihini girerek hangi y\u00f6netmeli\u011fe g\u00f6re yap\u0131lm\u0131\u015f olmas\u0131 gerekti\u011fi, yerle\u015fim biriminin ad\u0131n\u0131 yazarak 1945, 1947, 1963, 1972 ve 1996 tarihli resmi deprem b\u00f6lgeleri haritalar\u0131nda hangi b\u00f6lgeye d\u00fc\u015ft\u00fc\u011f\u00fcn\u00fc bulma, il il deprem b\u00f6lgeleri ve fay haritalar\u0131n\u0131 inceleme, deprem terimleri s\u00f6zl\u00fc\u011f\u00fcnde kelime arama, deprem ile ilgili herkese faydal\u0131 olabilecek bir\u00e7ok bilgiye ula\u015fma, 1996, 1972, 1963, 1947 ve 1945 tarihli deprem b\u00f6lgeleri haritalar\u0131 ve T\u00fcrkiye diri fay haritas\u0131n\u0131 kitab\u0131n ekinde verilen b\u00fcy\u00fck boy harita \u00fczerinde g\u00f6rme gibi bir\u00e7ok bilgiye ula\u015fmak m\u00fcmk\u00fcn hale getirilmi\u015ftir. \ufffcTan\u0131t\u0131m Metni<\/p>\n","protected":false},"excerpt":{"rendered":"<p>17 A\u011fustos 1999 Marmara Depremi\u2019nin \u00fczerinden 11 y\u0131l ge\u00e7mesine ra\u011fmen \u00fclkemiz hala deprem ger\u00e7e\u011fiyle y\u00fczle\u015febilmi\u015f de\u011fil. \u2018Depremler Do\u011fal Afet Midir? Depremlerle Ba\u015f Edebilmek\u2019 adl\u0131 bu kitap<span class=\"excerpt-hellip\"> [\u2026]<\/span><\/p>\n","protected":false},"featured_media":0,"template":"","meta":{"_monsterinsights_skip_tracking":false,"_monsterinsights_sitenote_active":false,"_monsterinsights_sitenote_note":"","_monsterinsights_sitenote_category":0},"product_brand":[],"product_cat":[13772,12364],"product_tag":[],"class_list":{"0":"post-703337","1":"product","2":"type-product","3":"status-publish","5":"product_cat-basvuru-kitaplari","6":"product_cat-genel-konular","7":"pa_tur-kitap","8":"pa_yayinevi-efil-yayinevi","9":"pa_yazar-suleyman-pampal","11":"first","12":"instock","13":"sale","14":"shipping-taxable","15":"purchasable","16":"product-type-simple"},"_links":{"self":[{"href":"https:\/\/roveyayinevi.com.tr\/index.php\/wp-json\/wp\/v2\/product\/703337","targetHints":{"allow":["GET"]}}],"collection":[{"href":"https:\/\/roveyayinevi.com.tr\/index.php\/wp-json\/wp\/v2\/product"}],"about":[{"href":"https:\/\/roveyayinevi.com.tr\/index.php\/wp-json\/wp\/v2\/types\/product"}],"wp:attachment":[{"href":"https:\/\/roveyayinevi.com.tr\/index.php\/wp-json\/wp\/v2\/media?parent=703337"}],"wp:term":[{"taxonomy":"product_brand","embeddable":true,"href":"https:\/\/roveyayinevi.com.tr\/index.php\/wp-json\/wp\/v2\/product_brand?post=703337"},{"taxonomy":"product_cat","embeddable":true,"href":"https:\/\/roveyayinevi.com.tr\/index.php\/wp-json\/wp\/v2\/product_cat?post=703337"},{"taxonomy":"product_tag","embeddable":true,"href":"https:\/\/roveyayinevi.com.tr\/index.php\/wp-json\/wp\/v2\/product_tag?post=703337"}],"curies":[{"name":"wp","href":"https:\/\/api.w.org\/{rel}","templated":true}]}}