{"id":703334,"date":"2025-08-27T15:24:36","date_gmt":"2025-08-27T12:24:36","guid":{"rendered":"https:\/\/roveyayinevi.com.tr\/index.php\/urun\/alayina-new-york\/"},"modified":"2026-04-16T02:12:34","modified_gmt":"2026-04-15T23:12:34","slug":"alayina-new-york","status":"publish","type":"product","link":"https:\/\/roveyayinevi.com.tr\/index.php\/urun\/alayina-new-york\/","title":{"rendered":"Alay\u0131na New York"},"content":{"rendered":"<p>\u201cSeni \u00e7ok \u00f6zledim,\u201d  diye f\u0131s\u0131ldad\u0131 kula\u011f\u0131ma. Ses tonu \u00f6yle bir \u00f6zlem bar\u0131nd\u0131r\u0131yordu ki\u2026 Hi\u00e7bir \u015fey s\u00f6ylemeden ona sar\u0131l\u0131yor, g\u00f6zya\u015flar\u0131ma engel olam\u0131yordum.\u201cR\u00fcya olmas\u0131ndan korkuyorum, Max. Birazdan uyanacak olmaktan, yok olmandan korkuyorum.\u201d Sanki m\u00fcmk\u00fcnm\u00fc\u015f gibi daha s\u0131k\u0131 sar\u0131l\u0131rken, ba\u015f\u0131n\u0131 y\u00fcz\u00fcme do\u011fru e\u011fip g\u00f6zlerime bakt\u0131.\u201cSenin kadar ger\u00e7e\u011fim, g\u00fczelim. Art\u0131k yan\u0131nday\u0131m, seninleyim.\u201d <\/p>\n","protected":false},"excerpt":{"rendered":"<p>\u201cSeni \u00e7ok \u00f6zledim,\u201d diye f\u0131s\u0131ldad\u0131 kula\u011f\u0131ma. Ses tonu \u00f6yle bir \u00f6zlem bar\u0131nd\u0131r\u0131yordu ki\u2026 Hi\u00e7bir \u015fey s\u00f6ylemeden ona sar\u0131l\u0131yor, g\u00f6zya\u015flar\u0131ma engel olam\u0131yordum.\u201cR\u00fcya olmas\u0131ndan korkuyorum, Max. Birazdan uyanacak<span class=\"excerpt-hellip\"> [\u2026]<\/span><\/p>\n","protected":false},"featured_media":0,"template":"","meta":{"_monsterinsights_skip_tracking":false,"_monsterinsights_sitenote_active":false,"_monsterinsights_sitenote_note":"","_monsterinsights_sitenote_category":0},"product_brand":[],"product_cat":[12291,14825],"product_tag":[],"class_list":{"0":"post-703334","1":"product","2":"type-product","3":"status-publish","5":"product_cat-edebiyat","6":"product_cat-mizah","7":"pa_cilt-ciltsiz","8":"pa_tur-kitap","9":"pa_yayinevi-epsilon-yayinlari","10":"pa_yazar-emine-can","12":"first","13":"instock","14":"sale","15":"shipping-taxable","16":"purchasable","17":"product-type-simple"},"_links":{"self":[{"href":"https:\/\/roveyayinevi.com.tr\/index.php\/wp-json\/wp\/v2\/product\/703334","targetHints":{"allow":["GET"]}}],"collection":[{"href":"https:\/\/roveyayinevi.com.tr\/index.php\/wp-json\/wp\/v2\/product"}],"about":[{"href":"https:\/\/roveyayinevi.com.tr\/index.php\/wp-json\/wp\/v2\/types\/product"}],"wp:attachment":[{"href":"https:\/\/roveyayinevi.com.tr\/index.php\/wp-json\/wp\/v2\/media?parent=703334"}],"wp:term":[{"taxonomy":"product_brand","embeddable":true,"href":"https:\/\/roveyayinevi.com.tr\/index.php\/wp-json\/wp\/v2\/product_brand?post=703334"},{"taxonomy":"product_cat","embeddable":true,"href":"https:\/\/roveyayinevi.com.tr\/index.php\/wp-json\/wp\/v2\/product_cat?post=703334"},{"taxonomy":"product_tag","embeddable":true,"href":"https:\/\/roveyayinevi.com.tr\/index.php\/wp-json\/wp\/v2\/product_tag?post=703334"}],"curies":[{"name":"wp","href":"https:\/\/api.w.org\/{rel}","templated":true}]}}